{"id":978,"date":"2025-06-06T12:53:21","date_gmt":"2025-06-06T10:53:21","guid":{"rendered":"https:\/\/www.ukiritcg.com\/?post_type=product&#038;p=978"},"modified":"2025-09-27T22:12:46","modified_gmt":"2025-09-27T20:12:46","slug":"booster-gg-end-jp-sm10a","status":"publish","type":"product","link":"https:\/\/www.ukiritcg.com\/index.php\/produit\/booster-gg-end-jp-sm10a\/","title":{"rendered":"BOOSTER GG END JP &#8211; SM10A"},"content":{"rendered":"<p data-start=\"100\" data-end=\"473\">Plongez dans l\u2019univers des Ultra-Chim\u00e8res avec <strong data-start=\"212\" data-end=\"222\">GG End<\/strong>, mini-extension japonaise de la s\u00e9rie <strong data-start=\"261\" data-end=\"278\">Soleil &amp; Lune<\/strong> (SM10a), sortie en avril 2019. Cette s\u00e9rie met \u00e0 l\u2019honneur les Pok\u00e9mon l\u00e9gendaires tels que <strong data-start=\"371\" data-end=\"383\">Giratina<\/strong> et <strong data-start=\"387\" data-end=\"398\">Zygarde<\/strong>, avec un style graphique percutant et des m\u00e9caniques de combat puissantes.<\/p>\n<p data-start=\"475\" data-end=\"658\">Chaque <strong data-start=\"482\" data-end=\"509\">booster japonais scell\u00e9<\/strong> contient <strong data-start=\"519\" data-end=\"531\">5 cartes<\/strong> (textes en japonais), avec une chance d\u2019obtenir des cartes brillantes, rares et m\u00eame <strong data-start=\"617\" data-end=\"632\">TAG TEAM GX<\/strong> exclusives \u00e0 cette s\u00e9rie.<\/p>\n<p data-start=\"660\" data-end=\"734\">\u2705 <strong data-start=\"662\" data-end=\"697\">Aucun frais de douane \u00e0 pr\u00e9voir<\/strong>, exp\u00e9dition rapide depuis la France<\/p>\n","protected":false},"excerpt":{"rendered":"<p>Plongez dans l\u2019univers des Ultra-Chim\u00e8res avec GG End, mini-extension japonaise de la s\u00e9rie Soleil &amp; Lune (SM10a), sortie en avril 2019. Cette s\u00e9rie met \u00e0 l\u2019honneur les Pok\u00e9mon l\u00e9gendaires tels que Giratina et Zygarde, avec un style graphique percutant et des m\u00e9caniques de combat puissantes. Chaque booster japonais scell\u00e9 contient 5 cartes (textes en japonais),&#8230;<\/p>\n","protected":false},"featured_media":979,"comment_status":"open","ping_status":"closed","template":"","meta":{"_kadence_starter_templates_imported_post":false,"_kad_post_transparent":"default","_kad_post_title":"","_kad_post_layout":"default","_kad_post_sidebar_id":"","_kad_post_content_style":"default","_kad_post_vertical_padding":"default","_kad_post_feature":"","_kad_post_feature_position":"","_kad_post_header":false,"_kad_post_footer":false},"product_brand":[],"product_cat":[17],"product_tag":[],"class_list":{"0":"post-978","1":"product","2":"type-product","3":"status-publish","4":"has-post-thumbnail","6":"product_cat-pokemon-japonais","8":"first","9":"outofstock","10":"purchasable","11":"product-type-simple","12":"entry","13":"content-bg","14":"loop-entry"},"yoast_head":"<!-- This site is optimized with the Yoast SEO plugin v25.1 - https:\/\/yoast.com\/wordpress\/plugins\/seo\/ -->\n<title>BOOSTER GG END JP - SM10A - Ukiri<\/title>\n<meta name=\"robots\" content=\"index, follow, max-snippet:-1, max-image-preview:large, max-video-preview:-1\" \/>\n<link rel=\"canonical\" href=\"https:\/\/www.ukiritcg.com\/index.php\/produit\/booster-gg-end-jp-sm10a\/\" \/>\n<meta property=\"og:locale\" content=\"en_US\" \/>\n<meta property=\"og:type\" content=\"article\" \/>\n<meta property=\"og:title\" content=\"BOOSTER GG END JP - SM10A - Ukiri\" \/>\n<meta property=\"og:description\" content=\"Plongez dans l\u2019univers des Ultra-Chim\u00e8res avec GG End, mini-extension japonaise de la s\u00e9rie Soleil &amp; Lune (SM10a), sortie en avril 2019. Cette s\u00e9rie met \u00e0 l\u2019honneur les Pok\u00e9mon l\u00e9gendaires tels que Giratina et Zygarde, avec un style graphique percutant et des m\u00e9caniques de combat puissantes. Chaque booster japonais scell\u00e9 contient 5 cartes (textes en japonais),...\" \/>\n<meta property=\"og:url\" content=\"https:\/\/www.ukiritcg.com\/index.php\/produit\/booster-gg-end-jp-sm10a\/\" \/>\n<meta property=\"og:site_name\" content=\"Ukiri\" \/>\n<meta property=\"article:modified_time\" content=\"2025-09-27T20:12:46+00:00\" \/>\n<meta property=\"og:image\" content=\"http:\/\/www.ukiritcg.com\/wp-content\/uploads\/2025\/06\/PIXEL-34.png\" \/>\n\t<meta property=\"og:image:width\" content=\"800\" \/>\n\t<meta property=\"og:image:height\" content=\"800\" \/>\n\t<meta property=\"og:image:type\" content=\"image\/png\" \/>\n<meta name=\"twitter:card\" content=\"summary_large_image\" \/>\n<meta name=\"twitter:label1\" content=\"Est. reading time\" \/>\n\t<meta name=\"twitter:data1\" content=\"1 minute\" \/>\n<script type=\"application\/ld+json\" class=\"yoast-schema-graph\">{\"@context\":\"https:\/\/schema.org\",\"@graph\":[{\"@type\":\"WebPage\",\"@id\":\"https:\/\/www.ukiritcg.com\/index.php\/produit\/booster-gg-end-jp-sm10a\/\",\"url\":\"https:\/\/www.ukiritcg.com\/index.php\/produit\/booster-gg-end-jp-sm10a\/\",\"name\":\"BOOSTER GG END JP - SM10A - Ukiri\",\"isPartOf\":{\"@id\":\"https:\/\/www.ukiritcg.com\/#website\"},\"primaryImageOfPage\":{\"@id\":\"https:\/\/www.ukiritcg.com\/index.php\/produit\/booster-gg-end-jp-sm10a\/#primaryimage\"},\"image\":{\"@id\":\"https:\/\/www.ukiritcg.com\/index.php\/produit\/booster-gg-end-jp-sm10a\/#primaryimage\"},\"thumbnailUrl\":\"https:\/\/www.ukiritcg.com\/wp-content\/uploads\/2025\/06\/PIXEL-34.png\",\"datePublished\":\"2025-06-06T10:53:21+00:00\",\"dateModified\":\"2025-09-27T20:12:46+00:00\",\"breadcrumb\":{\"@id\":\"https:\/\/www.ukiritcg.com\/index.php\/produit\/booster-gg-end-jp-sm10a\/#breadcrumb\"},\"inLanguage\":\"en-US\",\"potentialAction\":[{\"@type\":\"ReadAction\",\"target\":[\"https:\/\/www.ukiritcg.com\/index.php\/produit\/booster-gg-end-jp-sm10a\/\"]}]},{\"@type\":\"ImageObject\",\"inLanguage\":\"en-US\",\"@id\":\"https:\/\/www.ukiritcg.com\/index.php\/produit\/booster-gg-end-jp-sm10a\/#primaryimage\",\"url\":\"https:\/\/www.ukiritcg.com\/wp-content\/uploads\/2025\/06\/PIXEL-34.png\",\"contentUrl\":\"https:\/\/www.ukiritcg.com\/wp-content\/uploads\/2025\/06\/PIXEL-34.png\",\"width\":800,\"height\":800},{\"@type\":\"BreadcrumbList\",\"@id\":\"https:\/\/www.ukiritcg.com\/index.php\/produit\/booster-gg-end-jp-sm10a\/#breadcrumb\",\"itemListElement\":[{\"@type\":\"ListItem\",\"position\":1,\"name\":\"Accueil\",\"item\":\"https:\/\/www.ukiritcg.com\/\"},{\"@type\":\"ListItem\",\"position\":2,\"name\":\"Boutique\",\"item\":\"https:\/\/www.ukiritcg.com\/index.php\/boutique\/\"},{\"@type\":\"ListItem\",\"position\":3,\"name\":\"BOOSTER GG END JP &#8211; SM10A\"}]},{\"@type\":\"WebSite\",\"@id\":\"https:\/\/www.ukiritcg.com\/#website\",\"url\":\"https:\/\/www.ukiritcg.com\/\",\"name\":\"Ukiri\",\"description\":\"Un site utilisant WordPress\",\"publisher\":{\"@id\":\"https:\/\/www.ukiritcg.com\/#organization\"},\"potentialAction\":[{\"@type\":\"SearchAction\",\"target\":{\"@type\":\"EntryPoint\",\"urlTemplate\":\"https:\/\/www.ukiritcg.com\/?s={search_term_string}\"},\"query-input\":{\"@type\":\"PropertyValueSpecification\",\"valueRequired\":true,\"valueName\":\"search_term_string\"}}],\"inLanguage\":\"en-US\"},{\"@type\":\"Organization\",\"@id\":\"https:\/\/www.ukiritcg.com\/#organization\",\"name\":\"Ukiri\",\"url\":\"https:\/\/www.ukiritcg.com\/\",\"logo\":{\"@type\":\"ImageObject\",\"inLanguage\":\"en-US\",\"@id\":\"https:\/\/www.ukiritcg.com\/#\/schema\/logo\/image\/\",\"url\":\"https:\/\/www.ukiritcg.com\/wp-content\/uploads\/2025\/05\/cropped-494356865_4342732035873245_4547235673068364322_n-removebg-preview.png\",\"contentUrl\":\"https:\/\/www.ukiritcg.com\/wp-content\/uploads\/2025\/05\/cropped-494356865_4342732035873245_4547235673068364322_n-removebg-preview.png\",\"width\":499,\"height\":499,\"caption\":\"Ukiri\"},\"image\":{\"@id\":\"https:\/\/www.ukiritcg.com\/#\/schema\/logo\/image\/\"}}]}<\/script>\n<!-- \/ Yoast SEO plugin. -->","yoast_head_json":{"title":"BOOSTER GG END JP - SM10A - Ukiri","robots":{"index":"index","follow":"follow","max-snippet":"max-snippet:-1","max-image-preview":"max-image-preview:large","max-video-preview":"max-video-preview:-1"},"canonical":"https:\/\/www.ukiritcg.com\/index.php\/produit\/booster-gg-end-jp-sm10a\/","og_locale":"en_US","og_type":"article","og_title":"BOOSTER GG END JP - SM10A - Ukiri","og_description":"Plongez dans l\u2019univers des Ultra-Chim\u00e8res avec GG End, mini-extension japonaise de la s\u00e9rie Soleil &amp; Lune (SM10a), sortie en avril 2019. Cette s\u00e9rie met \u00e0 l\u2019honneur les Pok\u00e9mon l\u00e9gendaires tels que Giratina et Zygarde, avec un style graphique percutant et des m\u00e9caniques de combat puissantes. Chaque booster japonais scell\u00e9 contient 5 cartes (textes en japonais),...","og_url":"https:\/\/www.ukiritcg.com\/index.php\/produit\/booster-gg-end-jp-sm10a\/","og_site_name":"Ukiri","article_modified_time":"2025-09-27T20:12:46+00:00","og_image":[{"width":800,"height":800,"url":"http:\/\/www.ukiritcg.com\/wp-content\/uploads\/2025\/06\/PIXEL-34.png","type":"image\/png"}],"twitter_card":"summary_large_image","twitter_misc":{"Est. reading time":"1 minute"},"schema":{"@context":"https:\/\/schema.org","@graph":[{"@type":"WebPage","@id":"https:\/\/www.ukiritcg.com\/index.php\/produit\/booster-gg-end-jp-sm10a\/","url":"https:\/\/www.ukiritcg.com\/index.php\/produit\/booster-gg-end-jp-sm10a\/","name":"BOOSTER GG END JP - SM10A - Ukiri","isPartOf":{"@id":"https:\/\/www.ukiritcg.com\/#website"},"primaryImageOfPage":{"@id":"https:\/\/www.ukiritcg.com\/index.php\/produit\/booster-gg-end-jp-sm10a\/#primaryimage"},"image":{"@id":"https:\/\/www.ukiritcg.com\/index.php\/produit\/booster-gg-end-jp-sm10a\/#primaryimage"},"thumbnailUrl":"https:\/\/www.ukiritcg.com\/wp-content\/uploads\/2025\/06\/PIXEL-34.png","datePublished":"2025-06-06T10:53:21+00:00","dateModified":"2025-09-27T20:12:46+00:00","breadcrumb":{"@id":"https:\/\/www.ukiritcg.com\/index.php\/produit\/booster-gg-end-jp-sm10a\/#breadcrumb"},"inLanguage":"en-US","potentialAction":[{"@type":"ReadAction","target":["https:\/\/www.ukiritcg.com\/index.php\/produit\/booster-gg-end-jp-sm10a\/"]}]},{"@type":"ImageObject","inLanguage":"en-US","@id":"https:\/\/www.ukiritcg.com\/index.php\/produit\/booster-gg-end-jp-sm10a\/#primaryimage","url":"https:\/\/www.ukiritcg.com\/wp-content\/uploads\/2025\/06\/PIXEL-34.png","contentUrl":"https:\/\/www.ukiritcg.com\/wp-content\/uploads\/2025\/06\/PIXEL-34.png","width":800,"height":800},{"@type":"BreadcrumbList","@id":"https:\/\/www.ukiritcg.com\/index.php\/produit\/booster-gg-end-jp-sm10a\/#breadcrumb","itemListElement":[{"@type":"ListItem","position":1,"name":"Accueil","item":"https:\/\/www.ukiritcg.com\/"},{"@type":"ListItem","position":2,"name":"Boutique","item":"https:\/\/www.ukiritcg.com\/index.php\/boutique\/"},{"@type":"ListItem","position":3,"name":"BOOSTER GG END JP &#8211; SM10A"}]},{"@type":"WebSite","@id":"https:\/\/www.ukiritcg.com\/#website","url":"https:\/\/www.ukiritcg.com\/","name":"Ukiri","description":"Un site utilisant WordPress","publisher":{"@id":"https:\/\/www.ukiritcg.com\/#organization"},"potentialAction":[{"@type":"SearchAction","target":{"@type":"EntryPoint","urlTemplate":"https:\/\/www.ukiritcg.com\/?s={search_term_string}"},"query-input":{"@type":"PropertyValueSpecification","valueRequired":true,"valueName":"search_term_string"}}],"inLanguage":"en-US"},{"@type":"Organization","@id":"https:\/\/www.ukiritcg.com\/#organization","name":"Ukiri","url":"https:\/\/www.ukiritcg.com\/","logo":{"@type":"ImageObject","inLanguage":"en-US","@id":"https:\/\/www.ukiritcg.com\/#\/schema\/logo\/image\/","url":"https:\/\/www.ukiritcg.com\/wp-content\/uploads\/2025\/05\/cropped-494356865_4342732035873245_4547235673068364322_n-removebg-preview.png","contentUrl":"https:\/\/www.ukiritcg.com\/wp-content\/uploads\/2025\/05\/cropped-494356865_4342732035873245_4547235673068364322_n-removebg-preview.png","width":499,"height":499,"caption":"Ukiri"},"image":{"@id":"https:\/\/www.ukiritcg.com\/#\/schema\/logo\/image\/"}}]}},"jetpack_sharing_enabled":true,"_links":{"self":[{"href":"https:\/\/www.ukiritcg.com\/index.php\/wp-json\/wp\/v2\/product\/978","targetHints":{"allow":["GET"]}}],"collection":[{"href":"https:\/\/www.ukiritcg.com\/index.php\/wp-json\/wp\/v2\/product"}],"about":[{"href":"https:\/\/www.ukiritcg.com\/index.php\/wp-json\/wp\/v2\/types\/product"}],"replies":[{"embeddable":true,"href":"https:\/\/www.ukiritcg.com\/index.php\/wp-json\/wp\/v2\/comments?post=978"}],"wp:featuredmedia":[{"embeddable":true,"href":"https:\/\/www.ukiritcg.com\/index.php\/wp-json\/wp\/v2\/media\/979"}],"wp:attachment":[{"href":"https:\/\/www.ukiritcg.com\/index.php\/wp-json\/wp\/v2\/media?parent=978"}],"wp:term":[{"taxonomy":"product_brand","embeddable":true,"href":"https:\/\/www.ukiritcg.com\/index.php\/wp-json\/wp\/v2\/product_brand?post=978"},{"taxonomy":"product_cat","embeddable":true,"href":"https:\/\/www.ukiritcg.com\/index.php\/wp-json\/wp\/v2\/product_cat?post=978"},{"taxonomy":"product_tag","embeddable":true,"href":"https:\/\/www.ukiritcg.com\/index.php\/wp-json\/wp\/v2\/product_tag?post=978"}],"curies":[{"name":"wp","href":"https:\/\/api.w.org\/{rel}","templated":true}]}}