{"id":976,"date":"2025-06-06T12:06:25","date_gmt":"2025-06-06T10:06:25","guid":{"rendered":"https:\/\/www.ukiritcg.com\/?post_type=product&#038;p=976"},"modified":"2025-07-11T17:56:47","modified_gmt":"2025-07-11T15:56:47","slug":"card-file-white-flare-black-bolt-sv11","status":"publish","type":"product","link":"https:\/\/www.ukiritcg.com\/index.php\/produit\/card-file-white-flare-black-bolt-sv11\/","title":{"rendered":"CARD FILE WHITE FLARE BLACK BOLT &#8211; SV11"},"content":{"rendered":"<p data-start=\"155\" data-end=\"229\"><span class=\"relative -mx-px my-[-0.2rem] rounded px-px py-[0.2rem] transition-colors duration-100 ease-in-out\">exp\u00e9dition a partir du 12 juin 2025 ! <\/span><\/p>\n<p data-start=\"155\" data-end=\"229\"><span class=\"relative -mx-px my-[-0.2rem] rounded px-px py-[0.2rem] transition-colors duration-100 ease-in-out\">Ce coffret classeur black bolt white flare exclusif c\u00e9l\u00e8bre la r\u00e9gion d&#8217;Unys avec un contenu riche et soign\u00e9 :<\/span><\/p>\n<ul data-start=\"231\" data-end=\"393\">\n<li data-start=\"231\" data-end=\"270\">\n<p data-start=\"233\" data-end=\"270\"><span class=\"relative -mx-px my-[-0.2rem] rounded px-px py-[0.2rem] transition-colors duration-100 ease-in-out\"><strong data-start=\"0\" data-end=\"24\" data-is-only-node=\"\">1 classeur 3 anneaux<\/strong> illustr\u00e9, pouvant contenir jusqu&#8217;\u00e0 <strong data-start=\"60\" data-end=\"74\">156 cartes<\/strong>, id\u00e9al pour organiser les Pok\u00e9mon de la 5\u1d49 g\u00e9n\u00e9ration.<\/span><\/p>\n<\/li>\n<li data-start=\"271\" data-end=\"312\">\n<p data-start=\"273\" data-end=\"312\"><span class=\"relative -mx-px my-[-0.2rem] rounded px-px py-[0.2rem] transition-colors duration-100 ease-in-out\"><strong data-start=\"0\" data-end=\"31\" data-is-only-node=\"\">6 boosters japonais scell\u00e9s<\/strong> : <strong data-start=\"34\" data-end=\"61\">3 de Black Bolt (SV11B)<\/strong> et <strong data-start=\"65\" data-end=\"93\">3 de White Flare (SV11W)<\/strong>, offrant une chance d&#8217;obtenir des cartes rares et des illustrations alternatives.<\/span><\/p>\n<\/li>\n<li data-start=\"313\" data-end=\"393\">\n<p data-start=\"315\" data-end=\"393\"><span class=\"relative -mx-px my-[-0.2rem] rounded px-px py-[0.2rem] transition-colors duration-100 ease-in-out\"><strong data-start=\"0\" data-end=\"37\" data-is-only-node=\"\">1 carte promotionnelle AR Victini<\/strong> (271\/SV-P), identique \u00e0 celle pr\u00e9sente dans l&#8217;extension, avec une illustration sign\u00e9e Amelicart.<\/span><span class=\"\" data-state=\"closed\"><span class=\"ms-1 inline-flex max-w-full items-center relative top-[-0.094rem] animate-[show_150ms_ease-in]\"><a class=\"flex h-4.5 overflow-hidden rounded-xl px-2 text-[0.5625em] font-medium text-token-text-secondary! bg-[#F4F4F4]! dark:bg-[#303030]! transition-colors duration-150 ease-in-out\" href=\"https:\/\/www.elitefourum.com\/t\/sv11b-black-bolt-sv11w-white-flare-june-6-2025\/55785?utm_source=chatgpt.com\" target=\"_blank\" rel=\"noopener\"><span class=\"relative start-0 bottom-0 flex h-full w-full items-center\"><span class=\"flex h-4 w-full items-center justify-between overflow-hidden\"><span class=\"max-w-full grow truncate overflow-hidden text-center\">elitefourum.com<\/span><\/span><\/span><\/a><\/span><\/span><\/p>\n<\/li>\n<\/ul>\n<p data-start=\"395\" data-end=\"473\"><span class=\"relative -mx-px my-[-0.2rem] rounded px-px py-[0.2rem] transition-colors duration-100 ease-in-out\">Parfait pour les collectionneurs souhaitant compl\u00e9ter leur collection Unys ou d\u00e9couvrir les derni\u00e8res m\u00e9caniques de jeu.<\/span><\/p>\n<p data-start=\"475\" data-end=\"555\">\u2705 <span class=\"relative -mx-px my-[-0.2rem] rounded px-px py-[0.2rem] transition-colors duration-100 ease-in-out\"><strong data-start=\"0\" data-end=\"25\" data-is-only-node=\"\">Produit 100% officiel<\/strong> \u2013 <strong data-start=\"28\" data-end=\"63\">aucun frais de douane \u00e0 pr\u00e9voir<\/strong>, exp\u00e9dition rapide depuis la France.<\/span><\/p>\n","protected":false},"excerpt":{"rendered":"<p>exp\u00e9dition a partir du 12 juin 2025 ! Ce coffret classeur black bolt white flare exclusif c\u00e9l\u00e8bre la r\u00e9gion d&#8217;Unys avec un contenu riche et soign\u00e9 : 1 classeur 3 anneaux illustr\u00e9, pouvant contenir jusqu&#8217;\u00e0 156 cartes, id\u00e9al pour organiser les Pok\u00e9mon de la 5\u1d49 g\u00e9n\u00e9ration. 6 boosters japonais scell\u00e9s : 3 de Black Bolt&#8230;<\/p>\n","protected":false},"featured_media":974,"comment_status":"open","ping_status":"closed","template":"","meta":{"_kadence_starter_templates_imported_post":false,"_kad_post_transparent":"default","_kad_post_title":"","_kad_post_layout":"default","_kad_post_sidebar_id":"","_kad_post_content_style":"default","_kad_post_vertical_padding":"default","_kad_post_feature":"","_kad_post_feature_position":"","_kad_post_header":false,"_kad_post_footer":false},"product_brand":[],"product_cat":[24,17],"product_tag":[],"class_list":{"0":"post-976","1":"product","2":"type-product","3":"status-publish","4":"has-post-thumbnail","6":"product_cat-nouvel-arrivage","7":"product_cat-pokemon-japonais","9":"first","10":"outofstock","11":"sale","12":"purchasable","13":"product-type-simple","14":"entry","15":"content-bg","16":"loop-entry"},"yoast_head":"<!-- This site is optimized with the Yoast SEO plugin v25.1 - https:\/\/yoast.com\/wordpress\/plugins\/seo\/ -->\n<title>CARD FILE WHITE FLARE BLACK BOLT - SV11 - Ukiri<\/title>\n<meta name=\"robots\" content=\"index, follow, max-snippet:-1, max-image-preview:large, max-video-preview:-1\" \/>\n<link rel=\"canonical\" href=\"https:\/\/www.ukiritcg.com\/index.php\/produit\/card-file-white-flare-black-bolt-sv11\/\" \/>\n<meta property=\"og:locale\" content=\"en_US\" \/>\n<meta property=\"og:type\" content=\"article\" \/>\n<meta property=\"og:title\" content=\"CARD FILE WHITE FLARE BLACK BOLT - SV11 - Ukiri\" \/>\n<meta property=\"og:description\" content=\"exp\u00e9dition a partir du 12 juin 2025 ! Ce coffret classeur black bolt white flare exclusif c\u00e9l\u00e8bre la r\u00e9gion d&#8217;Unys avec un contenu riche et soign\u00e9 : 1 classeur 3 anneaux illustr\u00e9, pouvant contenir jusqu&#8217;\u00e0 156 cartes, id\u00e9al pour organiser les Pok\u00e9mon de la 5\u1d49 g\u00e9n\u00e9ration. 6 boosters japonais scell\u00e9s : 3 de Black Bolt...\" \/>\n<meta property=\"og:url\" content=\"https:\/\/www.ukiritcg.com\/index.php\/produit\/card-file-white-flare-black-bolt-sv11\/\" \/>\n<meta property=\"og:site_name\" content=\"Ukiri\" \/>\n<meta property=\"article:modified_time\" content=\"2025-07-11T15:56:47+00:00\" \/>\n<meta property=\"og:image\" content=\"http:\/\/www.ukiritcg.com\/wp-content\/uploads\/2025\/06\/PIXEL-33.png\" \/>\n\t<meta property=\"og:image:width\" content=\"800\" \/>\n\t<meta property=\"og:image:height\" content=\"800\" \/>\n\t<meta property=\"og:image:type\" content=\"image\/png\" \/>\n<meta name=\"twitter:card\" content=\"summary_large_image\" \/>\n<meta name=\"twitter:label1\" content=\"Est. reading time\" \/>\n\t<meta name=\"twitter:data1\" content=\"1 minute\" \/>\n<script type=\"application\/ld+json\" class=\"yoast-schema-graph\">{\"@context\":\"https:\/\/schema.org\",\"@graph\":[{\"@type\":\"WebPage\",\"@id\":\"https:\/\/www.ukiritcg.com\/index.php\/produit\/card-file-white-flare-black-bolt-sv11\/\",\"url\":\"https:\/\/www.ukiritcg.com\/index.php\/produit\/card-file-white-flare-black-bolt-sv11\/\",\"name\":\"CARD FILE WHITE FLARE BLACK BOLT - SV11 - Ukiri\",\"isPartOf\":{\"@id\":\"https:\/\/www.ukiritcg.com\/#website\"},\"primaryImageOfPage\":{\"@id\":\"https:\/\/www.ukiritcg.com\/index.php\/produit\/card-file-white-flare-black-bolt-sv11\/#primaryimage\"},\"image\":{\"@id\":\"https:\/\/www.ukiritcg.com\/index.php\/produit\/card-file-white-flare-black-bolt-sv11\/#primaryimage\"},\"thumbnailUrl\":\"https:\/\/www.ukiritcg.com\/wp-content\/uploads\/2025\/06\/PIXEL-33.png\",\"datePublished\":\"2025-06-06T10:06:25+00:00\",\"dateModified\":\"2025-07-11T15:56:47+00:00\",\"breadcrumb\":{\"@id\":\"https:\/\/www.ukiritcg.com\/index.php\/produit\/card-file-white-flare-black-bolt-sv11\/#breadcrumb\"},\"inLanguage\":\"en-US\",\"potentialAction\":[{\"@type\":\"ReadAction\",\"target\":[\"https:\/\/www.ukiritcg.com\/index.php\/produit\/card-file-white-flare-black-bolt-sv11\/\"]}]},{\"@type\":\"ImageObject\",\"inLanguage\":\"en-US\",\"@id\":\"https:\/\/www.ukiritcg.com\/index.php\/produit\/card-file-white-flare-black-bolt-sv11\/#primaryimage\",\"url\":\"https:\/\/www.ukiritcg.com\/wp-content\/uploads\/2025\/06\/PIXEL-33.png\",\"contentUrl\":\"https:\/\/www.ukiritcg.com\/wp-content\/uploads\/2025\/06\/PIXEL-33.png\",\"width\":800,\"height\":800},{\"@type\":\"BreadcrumbList\",\"@id\":\"https:\/\/www.ukiritcg.com\/index.php\/produit\/card-file-white-flare-black-bolt-sv11\/#breadcrumb\",\"itemListElement\":[{\"@type\":\"ListItem\",\"position\":1,\"name\":\"Accueil\",\"item\":\"https:\/\/www.ukiritcg.com\/\"},{\"@type\":\"ListItem\",\"position\":2,\"name\":\"Boutique\",\"item\":\"https:\/\/www.ukiritcg.com\/index.php\/boutique\/\"},{\"@type\":\"ListItem\",\"position\":3,\"name\":\"CARD FILE WHITE FLARE BLACK BOLT &#8211; SV11\"}]},{\"@type\":\"WebSite\",\"@id\":\"https:\/\/www.ukiritcg.com\/#website\",\"url\":\"https:\/\/www.ukiritcg.com\/\",\"name\":\"Ukiri\",\"description\":\"Un site utilisant WordPress\",\"publisher\":{\"@id\":\"https:\/\/www.ukiritcg.com\/#organization\"},\"potentialAction\":[{\"@type\":\"SearchAction\",\"target\":{\"@type\":\"EntryPoint\",\"urlTemplate\":\"https:\/\/www.ukiritcg.com\/?s={search_term_string}\"},\"query-input\":{\"@type\":\"PropertyValueSpecification\",\"valueRequired\":true,\"valueName\":\"search_term_string\"}}],\"inLanguage\":\"en-US\"},{\"@type\":\"Organization\",\"@id\":\"https:\/\/www.ukiritcg.com\/#organization\",\"name\":\"Ukiri\",\"url\":\"https:\/\/www.ukiritcg.com\/\",\"logo\":{\"@type\":\"ImageObject\",\"inLanguage\":\"en-US\",\"@id\":\"https:\/\/www.ukiritcg.com\/#\/schema\/logo\/image\/\",\"url\":\"https:\/\/www.ukiritcg.com\/wp-content\/uploads\/2025\/05\/cropped-494356865_4342732035873245_4547235673068364322_n-removebg-preview.png\",\"contentUrl\":\"https:\/\/www.ukiritcg.com\/wp-content\/uploads\/2025\/05\/cropped-494356865_4342732035873245_4547235673068364322_n-removebg-preview.png\",\"width\":499,\"height\":499,\"caption\":\"Ukiri\"},\"image\":{\"@id\":\"https:\/\/www.ukiritcg.com\/#\/schema\/logo\/image\/\"}}]}<\/script>\n<!-- \/ Yoast SEO plugin. -->","yoast_head_json":{"title":"CARD FILE WHITE FLARE BLACK BOLT - SV11 - Ukiri","robots":{"index":"index","follow":"follow","max-snippet":"max-snippet:-1","max-image-preview":"max-image-preview:large","max-video-preview":"max-video-preview:-1"},"canonical":"https:\/\/www.ukiritcg.com\/index.php\/produit\/card-file-white-flare-black-bolt-sv11\/","og_locale":"en_US","og_type":"article","og_title":"CARD FILE WHITE FLARE BLACK BOLT - SV11 - Ukiri","og_description":"exp\u00e9dition a partir du 12 juin 2025 ! Ce coffret classeur black bolt white flare exclusif c\u00e9l\u00e8bre la r\u00e9gion d&#8217;Unys avec un contenu riche et soign\u00e9 : 1 classeur 3 anneaux illustr\u00e9, pouvant contenir jusqu&#8217;\u00e0 156 cartes, id\u00e9al pour organiser les Pok\u00e9mon de la 5\u1d49 g\u00e9n\u00e9ration. 6 boosters japonais scell\u00e9s : 3 de Black Bolt...","og_url":"https:\/\/www.ukiritcg.com\/index.php\/produit\/card-file-white-flare-black-bolt-sv11\/","og_site_name":"Ukiri","article_modified_time":"2025-07-11T15:56:47+00:00","og_image":[{"width":800,"height":800,"url":"http:\/\/www.ukiritcg.com\/wp-content\/uploads\/2025\/06\/PIXEL-33.png","type":"image\/png"}],"twitter_card":"summary_large_image","twitter_misc":{"Est. reading time":"1 minute"},"schema":{"@context":"https:\/\/schema.org","@graph":[{"@type":"WebPage","@id":"https:\/\/www.ukiritcg.com\/index.php\/produit\/card-file-white-flare-black-bolt-sv11\/","url":"https:\/\/www.ukiritcg.com\/index.php\/produit\/card-file-white-flare-black-bolt-sv11\/","name":"CARD FILE WHITE FLARE BLACK BOLT - SV11 - Ukiri","isPartOf":{"@id":"https:\/\/www.ukiritcg.com\/#website"},"primaryImageOfPage":{"@id":"https:\/\/www.ukiritcg.com\/index.php\/produit\/card-file-white-flare-black-bolt-sv11\/#primaryimage"},"image":{"@id":"https:\/\/www.ukiritcg.com\/index.php\/produit\/card-file-white-flare-black-bolt-sv11\/#primaryimage"},"thumbnailUrl":"https:\/\/www.ukiritcg.com\/wp-content\/uploads\/2025\/06\/PIXEL-33.png","datePublished":"2025-06-06T10:06:25+00:00","dateModified":"2025-07-11T15:56:47+00:00","breadcrumb":{"@id":"https:\/\/www.ukiritcg.com\/index.php\/produit\/card-file-white-flare-black-bolt-sv11\/#breadcrumb"},"inLanguage":"en-US","potentialAction":[{"@type":"ReadAction","target":["https:\/\/www.ukiritcg.com\/index.php\/produit\/card-file-white-flare-black-bolt-sv11\/"]}]},{"@type":"ImageObject","inLanguage":"en-US","@id":"https:\/\/www.ukiritcg.com\/index.php\/produit\/card-file-white-flare-black-bolt-sv11\/#primaryimage","url":"https:\/\/www.ukiritcg.com\/wp-content\/uploads\/2025\/06\/PIXEL-33.png","contentUrl":"https:\/\/www.ukiritcg.com\/wp-content\/uploads\/2025\/06\/PIXEL-33.png","width":800,"height":800},{"@type":"BreadcrumbList","@id":"https:\/\/www.ukiritcg.com\/index.php\/produit\/card-file-white-flare-black-bolt-sv11\/#breadcrumb","itemListElement":[{"@type":"ListItem","position":1,"name":"Accueil","item":"https:\/\/www.ukiritcg.com\/"},{"@type":"ListItem","position":2,"name":"Boutique","item":"https:\/\/www.ukiritcg.com\/index.php\/boutique\/"},{"@type":"ListItem","position":3,"name":"CARD FILE WHITE FLARE BLACK BOLT &#8211; SV11"}]},{"@type":"WebSite","@id":"https:\/\/www.ukiritcg.com\/#website","url":"https:\/\/www.ukiritcg.com\/","name":"Ukiri","description":"Un site utilisant WordPress","publisher":{"@id":"https:\/\/www.ukiritcg.com\/#organization"},"potentialAction":[{"@type":"SearchAction","target":{"@type":"EntryPoint","urlTemplate":"https:\/\/www.ukiritcg.com\/?s={search_term_string}"},"query-input":{"@type":"PropertyValueSpecification","valueRequired":true,"valueName":"search_term_string"}}],"inLanguage":"en-US"},{"@type":"Organization","@id":"https:\/\/www.ukiritcg.com\/#organization","name":"Ukiri","url":"https:\/\/www.ukiritcg.com\/","logo":{"@type":"ImageObject","inLanguage":"en-US","@id":"https:\/\/www.ukiritcg.com\/#\/schema\/logo\/image\/","url":"https:\/\/www.ukiritcg.com\/wp-content\/uploads\/2025\/05\/cropped-494356865_4342732035873245_4547235673068364322_n-removebg-preview.png","contentUrl":"https:\/\/www.ukiritcg.com\/wp-content\/uploads\/2025\/05\/cropped-494356865_4342732035873245_4547235673068364322_n-removebg-preview.png","width":499,"height":499,"caption":"Ukiri"},"image":{"@id":"https:\/\/www.ukiritcg.com\/#\/schema\/logo\/image\/"}}]}},"jetpack_sharing_enabled":true,"_links":{"self":[{"href":"https:\/\/www.ukiritcg.com\/index.php\/wp-json\/wp\/v2\/product\/976","targetHints":{"allow":["GET"]}}],"collection":[{"href":"https:\/\/www.ukiritcg.com\/index.php\/wp-json\/wp\/v2\/product"}],"about":[{"href":"https:\/\/www.ukiritcg.com\/index.php\/wp-json\/wp\/v2\/types\/product"}],"replies":[{"embeddable":true,"href":"https:\/\/www.ukiritcg.com\/index.php\/wp-json\/wp\/v2\/comments?post=976"}],"wp:featuredmedia":[{"embeddable":true,"href":"https:\/\/www.ukiritcg.com\/index.php\/wp-json\/wp\/v2\/media\/974"}],"wp:attachment":[{"href":"https:\/\/www.ukiritcg.com\/index.php\/wp-json\/wp\/v2\/media?parent=976"}],"wp:term":[{"taxonomy":"product_brand","embeddable":true,"href":"https:\/\/www.ukiritcg.com\/index.php\/wp-json\/wp\/v2\/product_brand?post=976"},{"taxonomy":"product_cat","embeddable":true,"href":"https:\/\/www.ukiritcg.com\/index.php\/wp-json\/wp\/v2\/product_cat?post=976"},{"taxonomy":"product_tag","embeddable":true,"href":"https:\/\/www.ukiritcg.com\/index.php\/wp-json\/wp\/v2\/product_tag?post=976"}],"curies":[{"name":"wp","href":"https:\/\/api.w.org\/{rel}","templated":true}]}}