{"id":888,"date":"2025-06-05T10:18:56","date_gmt":"2025-06-05T08:18:56","guid":{"rendered":"https:\/\/www.ukiritcg.com\/?post_type=product&#038;p=888"},"modified":"2025-06-05T19:57:44","modified_gmt":"2025-06-05T17:57:44","slug":"display-pokemon-ancient-roar-jp-sv4k","status":"publish","type":"product","link":"https:\/\/www.ukiritcg.com\/index.php\/produit\/display-pokemon-ancient-roar-jp-sv4k\/","title":{"rendered":"DISPLAY POKEMON ANCIENT ROAR JP &#8211; SV4K"},"content":{"rendered":"<p data-start=\"164\" data-end=\"436\">Explorez le pass\u00e9 sauvage de Paldea avec <strong data-start=\"205\" data-end=\"228\">Ancient Roar (SV4K)<\/strong>, une extension japonaise sortie en octobre 2023. Cette s\u00e9rie met en lumi\u00e8re les <strong data-start=\"309\" data-end=\"338\">Pok\u00e9mon Paradoxe du pass\u00e9<\/strong>, avec des designs puissants et des m\u00e9caniques uniques li\u00e9es \u00e0 la nouvelle zone temporelle du jeu.<\/p>\n<p data-start=\"438\" data-end=\"618\">Le <strong data-start=\"441\" data-end=\"459\">display scell\u00e9<\/strong> contient <strong data-start=\"469\" data-end=\"484\">30 boosters<\/strong> de <strong data-start=\"488\" data-end=\"500\">5 cartes<\/strong> en japonais, incluant des Pok\u00e9mon comme <strong data-start=\"541\" data-end=\"555\">Rugit-Lune<\/strong>, ainsi que des cartes Dresseur, Supporter et \u00c9nergie in\u00e9dites.<\/p>\n<p data-start=\"620\" data-end=\"694\">\u2705 <strong data-start=\"622\" data-end=\"657\">Aucun frais de douane \u00e0 pr\u00e9voir<\/strong>, exp\u00e9dition rapide depuis la France.<\/p>\n","protected":false},"excerpt":{"rendered":"<p>Explorez le pass\u00e9 sauvage de Paldea avec Ancient Roar (SV4K), une extension japonaise sortie en octobre 2023. Cette s\u00e9rie met en lumi\u00e8re les Pok\u00e9mon Paradoxe du pass\u00e9, avec des designs puissants et des m\u00e9caniques uniques li\u00e9es \u00e0 la nouvelle zone temporelle du jeu. Le display scell\u00e9 contient 30 boosters de 5 cartes en japonais, incluant&#8230;<\/p>\n","protected":false},"featured_media":889,"comment_status":"open","ping_status":"closed","template":"","meta":{"_kadence_starter_templates_imported_post":false,"_kad_post_transparent":"default","_kad_post_title":"","_kad_post_layout":"default","_kad_post_sidebar_id":"","_kad_post_content_style":"default","_kad_post_vertical_padding":"default","_kad_post_feature":"","_kad_post_feature_position":"","_kad_post_header":false,"_kad_post_footer":false},"product_brand":[],"product_cat":[17],"product_tag":[],"class_list":{"0":"post-888","1":"product","2":"type-product","3":"status-publish","4":"has-post-thumbnail","6":"product_cat-pokemon-japonais","8":"first","9":"instock","10":"purchasable","11":"product-type-simple","12":"entry","13":"content-bg","14":"loop-entry"},"yoast_head":"<!-- This site is optimized with the Yoast SEO plugin v25.1 - https:\/\/yoast.com\/wordpress\/plugins\/seo\/ -->\n<title>DISPLAY POKEMON ANCIENT ROAR JP - SV4K - Ukiri<\/title>\n<meta name=\"description\" content=\"Le display scell\u00e9 contient 30 boosters de 5 cartes en japonais, incluant des Pok\u00e9mon comme Rugit-Lune, ainsi que des cartes Dresseur etc..\" \/>\n<meta name=\"robots\" content=\"index, follow, max-snippet:-1, max-image-preview:large, max-video-preview:-1\" \/>\n<link rel=\"canonical\" href=\"https:\/\/www.ukiritcg.com\/index.php\/produit\/display-pokemon-ancient-roar-jp-sv4k\/\" \/>\n<meta property=\"og:locale\" content=\"en_US\" \/>\n<meta property=\"og:type\" content=\"article\" \/>\n<meta property=\"og:title\" content=\"DISPLAY POKEMON ANCIENT ROAR JP - SV4K - Ukiri\" \/>\n<meta property=\"og:description\" content=\"Le display scell\u00e9 contient 30 boosters de 5 cartes en japonais, incluant des Pok\u00e9mon comme Rugit-Lune, ainsi que des cartes Dresseur etc..\" \/>\n<meta property=\"og:url\" content=\"https:\/\/www.ukiritcg.com\/index.php\/produit\/display-pokemon-ancient-roar-jp-sv4k\/\" \/>\n<meta property=\"og:site_name\" content=\"Ukiri\" \/>\n<meta property=\"article:modified_time\" content=\"2025-06-05T17:57:44+00:00\" \/>\n<meta property=\"og:image\" content=\"http:\/\/www.ukiritcg.com\/wp-content\/uploads\/2025\/06\/PIXEL-30.png\" \/>\n\t<meta property=\"og:image:width\" content=\"800\" \/>\n\t<meta property=\"og:image:height\" content=\"800\" \/>\n\t<meta property=\"og:image:type\" content=\"image\/png\" \/>\n<meta name=\"twitter:card\" content=\"summary_large_image\" \/>\n<meta name=\"twitter:label1\" content=\"Est. reading time\" \/>\n\t<meta name=\"twitter:data1\" content=\"1 minute\" \/>\n<script type=\"application\/ld+json\" class=\"yoast-schema-graph\">{\"@context\":\"https:\/\/schema.org\",\"@graph\":[{\"@type\":\"WebPage\",\"@id\":\"https:\/\/www.ukiritcg.com\/index.php\/produit\/display-pokemon-ancient-roar-jp-sv4k\/\",\"url\":\"https:\/\/www.ukiritcg.com\/index.php\/produit\/display-pokemon-ancient-roar-jp-sv4k\/\",\"name\":\"DISPLAY POKEMON ANCIENT ROAR JP - SV4K - Ukiri\",\"isPartOf\":{\"@id\":\"https:\/\/www.ukiritcg.com\/#website\"},\"primaryImageOfPage\":{\"@id\":\"https:\/\/www.ukiritcg.com\/index.php\/produit\/display-pokemon-ancient-roar-jp-sv4k\/#primaryimage\"},\"image\":{\"@id\":\"https:\/\/www.ukiritcg.com\/index.php\/produit\/display-pokemon-ancient-roar-jp-sv4k\/#primaryimage\"},\"thumbnailUrl\":\"https:\/\/www.ukiritcg.com\/wp-content\/uploads\/2025\/06\/PIXEL-30.png\",\"datePublished\":\"2025-06-05T08:18:56+00:00\",\"dateModified\":\"2025-06-05T17:57:44+00:00\",\"description\":\"Le display scell\u00e9 contient 30 boosters de 5 cartes en japonais, incluant des Pok\u00e9mon comme Rugit-Lune, ainsi que des cartes Dresseur etc..\",\"breadcrumb\":{\"@id\":\"https:\/\/www.ukiritcg.com\/index.php\/produit\/display-pokemon-ancient-roar-jp-sv4k\/#breadcrumb\"},\"inLanguage\":\"en-US\",\"potentialAction\":[{\"@type\":\"ReadAction\",\"target\":[\"https:\/\/www.ukiritcg.com\/index.php\/produit\/display-pokemon-ancient-roar-jp-sv4k\/\"]}]},{\"@type\":\"ImageObject\",\"inLanguage\":\"en-US\",\"@id\":\"https:\/\/www.ukiritcg.com\/index.php\/produit\/display-pokemon-ancient-roar-jp-sv4k\/#primaryimage\",\"url\":\"https:\/\/www.ukiritcg.com\/wp-content\/uploads\/2025\/06\/PIXEL-30.png\",\"contentUrl\":\"https:\/\/www.ukiritcg.com\/wp-content\/uploads\/2025\/06\/PIXEL-30.png\",\"width\":800,\"height\":800},{\"@type\":\"BreadcrumbList\",\"@id\":\"https:\/\/www.ukiritcg.com\/index.php\/produit\/display-pokemon-ancient-roar-jp-sv4k\/#breadcrumb\",\"itemListElement\":[{\"@type\":\"ListItem\",\"position\":1,\"name\":\"Accueil\",\"item\":\"https:\/\/www.ukiritcg.com\/\"},{\"@type\":\"ListItem\",\"position\":2,\"name\":\"Boutique\",\"item\":\"https:\/\/www.ukiritcg.com\/index.php\/boutique\/\"},{\"@type\":\"ListItem\",\"position\":3,\"name\":\"DISPLAY POKEMON ANCIENT ROAR JP &#8211; SV4K\"}]},{\"@type\":\"WebSite\",\"@id\":\"https:\/\/www.ukiritcg.com\/#website\",\"url\":\"https:\/\/www.ukiritcg.com\/\",\"name\":\"Ukiri\",\"description\":\"Un site utilisant WordPress\",\"publisher\":{\"@id\":\"https:\/\/www.ukiritcg.com\/#organization\"},\"potentialAction\":[{\"@type\":\"SearchAction\",\"target\":{\"@type\":\"EntryPoint\",\"urlTemplate\":\"https:\/\/www.ukiritcg.com\/?s={search_term_string}\"},\"query-input\":{\"@type\":\"PropertyValueSpecification\",\"valueRequired\":true,\"valueName\":\"search_term_string\"}}],\"inLanguage\":\"en-US\"},{\"@type\":\"Organization\",\"@id\":\"https:\/\/www.ukiritcg.com\/#organization\",\"name\":\"Ukiri\",\"url\":\"https:\/\/www.ukiritcg.com\/\",\"logo\":{\"@type\":\"ImageObject\",\"inLanguage\":\"en-US\",\"@id\":\"https:\/\/www.ukiritcg.com\/#\/schema\/logo\/image\/\",\"url\":\"https:\/\/www.ukiritcg.com\/wp-content\/uploads\/2025\/05\/cropped-494356865_4342732035873245_4547235673068364322_n-removebg-preview.png\",\"contentUrl\":\"https:\/\/www.ukiritcg.com\/wp-content\/uploads\/2025\/05\/cropped-494356865_4342732035873245_4547235673068364322_n-removebg-preview.png\",\"width\":499,\"height\":499,\"caption\":\"Ukiri\"},\"image\":{\"@id\":\"https:\/\/www.ukiritcg.com\/#\/schema\/logo\/image\/\"}}]}<\/script>\n<!-- \/ Yoast SEO plugin. -->","yoast_head_json":{"title":"DISPLAY POKEMON ANCIENT ROAR JP - SV4K - Ukiri","description":"Le display scell\u00e9 contient 30 boosters de 5 cartes en japonais, incluant des Pok\u00e9mon comme Rugit-Lune, ainsi que des cartes Dresseur etc..","robots":{"index":"index","follow":"follow","max-snippet":"max-snippet:-1","max-image-preview":"max-image-preview:large","max-video-preview":"max-video-preview:-1"},"canonical":"https:\/\/www.ukiritcg.com\/index.php\/produit\/display-pokemon-ancient-roar-jp-sv4k\/","og_locale":"en_US","og_type":"article","og_title":"DISPLAY POKEMON ANCIENT ROAR JP - SV4K - Ukiri","og_description":"Le display scell\u00e9 contient 30 boosters de 5 cartes en japonais, incluant des Pok\u00e9mon comme Rugit-Lune, ainsi que des cartes Dresseur etc..","og_url":"https:\/\/www.ukiritcg.com\/index.php\/produit\/display-pokemon-ancient-roar-jp-sv4k\/","og_site_name":"Ukiri","article_modified_time":"2025-06-05T17:57:44+00:00","og_image":[{"width":800,"height":800,"url":"http:\/\/www.ukiritcg.com\/wp-content\/uploads\/2025\/06\/PIXEL-30.png","type":"image\/png"}],"twitter_card":"summary_large_image","twitter_misc":{"Est. reading time":"1 minute"},"schema":{"@context":"https:\/\/schema.org","@graph":[{"@type":"WebPage","@id":"https:\/\/www.ukiritcg.com\/index.php\/produit\/display-pokemon-ancient-roar-jp-sv4k\/","url":"https:\/\/www.ukiritcg.com\/index.php\/produit\/display-pokemon-ancient-roar-jp-sv4k\/","name":"DISPLAY POKEMON ANCIENT ROAR JP - SV4K - Ukiri","isPartOf":{"@id":"https:\/\/www.ukiritcg.com\/#website"},"primaryImageOfPage":{"@id":"https:\/\/www.ukiritcg.com\/index.php\/produit\/display-pokemon-ancient-roar-jp-sv4k\/#primaryimage"},"image":{"@id":"https:\/\/www.ukiritcg.com\/index.php\/produit\/display-pokemon-ancient-roar-jp-sv4k\/#primaryimage"},"thumbnailUrl":"https:\/\/www.ukiritcg.com\/wp-content\/uploads\/2025\/06\/PIXEL-30.png","datePublished":"2025-06-05T08:18:56+00:00","dateModified":"2025-06-05T17:57:44+00:00","description":"Le display scell\u00e9 contient 30 boosters de 5 cartes en japonais, incluant des Pok\u00e9mon comme Rugit-Lune, ainsi que des cartes Dresseur etc..","breadcrumb":{"@id":"https:\/\/www.ukiritcg.com\/index.php\/produit\/display-pokemon-ancient-roar-jp-sv4k\/#breadcrumb"},"inLanguage":"en-US","potentialAction":[{"@type":"ReadAction","target":["https:\/\/www.ukiritcg.com\/index.php\/produit\/display-pokemon-ancient-roar-jp-sv4k\/"]}]},{"@type":"ImageObject","inLanguage":"en-US","@id":"https:\/\/www.ukiritcg.com\/index.php\/produit\/display-pokemon-ancient-roar-jp-sv4k\/#primaryimage","url":"https:\/\/www.ukiritcg.com\/wp-content\/uploads\/2025\/06\/PIXEL-30.png","contentUrl":"https:\/\/www.ukiritcg.com\/wp-content\/uploads\/2025\/06\/PIXEL-30.png","width":800,"height":800},{"@type":"BreadcrumbList","@id":"https:\/\/www.ukiritcg.com\/index.php\/produit\/display-pokemon-ancient-roar-jp-sv4k\/#breadcrumb","itemListElement":[{"@type":"ListItem","position":1,"name":"Accueil","item":"https:\/\/www.ukiritcg.com\/"},{"@type":"ListItem","position":2,"name":"Boutique","item":"https:\/\/www.ukiritcg.com\/index.php\/boutique\/"},{"@type":"ListItem","position":3,"name":"DISPLAY POKEMON ANCIENT ROAR JP &#8211; SV4K"}]},{"@type":"WebSite","@id":"https:\/\/www.ukiritcg.com\/#website","url":"https:\/\/www.ukiritcg.com\/","name":"Ukiri","description":"Un site utilisant WordPress","publisher":{"@id":"https:\/\/www.ukiritcg.com\/#organization"},"potentialAction":[{"@type":"SearchAction","target":{"@type":"EntryPoint","urlTemplate":"https:\/\/www.ukiritcg.com\/?s={search_term_string}"},"query-input":{"@type":"PropertyValueSpecification","valueRequired":true,"valueName":"search_term_string"}}],"inLanguage":"en-US"},{"@type":"Organization","@id":"https:\/\/www.ukiritcg.com\/#organization","name":"Ukiri","url":"https:\/\/www.ukiritcg.com\/","logo":{"@type":"ImageObject","inLanguage":"en-US","@id":"https:\/\/www.ukiritcg.com\/#\/schema\/logo\/image\/","url":"https:\/\/www.ukiritcg.com\/wp-content\/uploads\/2025\/05\/cropped-494356865_4342732035873245_4547235673068364322_n-removebg-preview.png","contentUrl":"https:\/\/www.ukiritcg.com\/wp-content\/uploads\/2025\/05\/cropped-494356865_4342732035873245_4547235673068364322_n-removebg-preview.png","width":499,"height":499,"caption":"Ukiri"},"image":{"@id":"https:\/\/www.ukiritcg.com\/#\/schema\/logo\/image\/"}}]}},"jetpack_sharing_enabled":true,"_links":{"self":[{"href":"https:\/\/www.ukiritcg.com\/index.php\/wp-json\/wp\/v2\/product\/888","targetHints":{"allow":["GET"]}}],"collection":[{"href":"https:\/\/www.ukiritcg.com\/index.php\/wp-json\/wp\/v2\/product"}],"about":[{"href":"https:\/\/www.ukiritcg.com\/index.php\/wp-json\/wp\/v2\/types\/product"}],"replies":[{"embeddable":true,"href":"https:\/\/www.ukiritcg.com\/index.php\/wp-json\/wp\/v2\/comments?post=888"}],"wp:featuredmedia":[{"embeddable":true,"href":"https:\/\/www.ukiritcg.com\/index.php\/wp-json\/wp\/v2\/media\/889"}],"wp:attachment":[{"href":"https:\/\/www.ukiritcg.com\/index.php\/wp-json\/wp\/v2\/media?parent=888"}],"wp:term":[{"taxonomy":"product_brand","embeddable":true,"href":"https:\/\/www.ukiritcg.com\/index.php\/wp-json\/wp\/v2\/product_brand?post=888"},{"taxonomy":"product_cat","embeddable":true,"href":"https:\/\/www.ukiritcg.com\/index.php\/wp-json\/wp\/v2\/product_cat?post=888"},{"taxonomy":"product_tag","embeddable":true,"href":"https:\/\/www.ukiritcg.com\/index.php\/wp-json\/wp\/v2\/product_tag?post=888"}],"curies":[{"name":"wp","href":"https:\/\/api.w.org\/{rel}","templated":true}]}}