{"id":884,"date":"2025-06-05T10:03:51","date_gmt":"2025-06-05T08:03:51","guid":{"rendered":"https:\/\/www.ukiritcg.com\/?post_type=product&#038;p=884"},"modified":"2025-08-01T16:45:39","modified_gmt":"2025-08-01T14:45:39","slug":"display-fearless-terastal-version-chinoise","status":"publish","type":"product","link":"https:\/\/www.ukiritcg.com\/index.php\/produit\/display-fearless-terastal-version-chinoise\/","title":{"rendered":"DISPLAY FEARLESS TERASTAL \u2013 VERSION CHINOISE"},"content":{"rendered":"<p>Plongez dans l\u2019univers unique de <strong data-start=\"238\" data-end=\"259\">Fearless Terastal<\/strong>, une <strong data-start=\"265\" data-end=\"302\">s\u00e9rie exclusive au march\u00e9 chinois<\/strong> mettant en avant les <strong data-start=\"324\" data-end=\"347\" data-is-only-node=\"\">Pok\u00e9mon T\u00e9racristal<\/strong> avec des illustrations spectaculaires et du contenu in\u00e9dit.<br data-start=\"407\" data-end=\"410\" \/>Ce <strong data-start=\"413\" data-end=\"439\">display neuf et scell\u00e9<\/strong> contient <strong data-start=\"449\" data-end=\"464\">24 boosters<\/strong> de <strong data-start=\"468\" data-end=\"480\">5 cartes<\/strong> en <strong data-start=\"484\" data-end=\"505\">chinois simplifi\u00e9<\/strong>, avec une chance d\u2019obtenir des <strong data-start=\"537\" data-end=\"553\">cartes rares<\/strong>, des <strong data-start=\"559\" data-end=\"585\">Pok\u00e9mon ex T\u00e9racristal<\/strong>, et des <strong data-start=\"594\" data-end=\"622\">illustrations exclusives<\/strong> non disponibles dans les \u00e9ditions japonaise ou occidentale.<br data-start=\"682\" data-end=\"685\" \/>S\u00e9rie recherch\u00e9e notamment pour la superbe <strong data-start=\"728\" data-end=\"760\">carte Arcanin ex T\u00e9racristal<\/strong>.<br data-start=\"761\" data-end=\"764\" \/>\u2705 <strong data-start=\"766\" data-end=\"801\">Aucun frais de douane \u00e0 pr\u00e9voir<\/strong>, exp\u00e9dition rapide depuis la France.<\/p>\n","protected":false},"excerpt":{"rendered":"<p>Plongez dans l\u2019univers unique de Fearless Terastal, une s\u00e9rie exclusive au march\u00e9 chinois mettant en avant les Pok\u00e9mon T\u00e9racristal avec des illustrations spectaculaires et du contenu in\u00e9dit.Ce display neuf et scell\u00e9 contient 24 boosters de 5 cartes en chinois simplifi\u00e9, avec une chance d\u2019obtenir des cartes rares, des Pok\u00e9mon ex T\u00e9racristal, et des illustrations exclusives&#8230;<\/p>\n","protected":false},"featured_media":885,"comment_status":"open","ping_status":"closed","template":"","meta":{"_kadence_starter_templates_imported_post":false,"_kad_post_transparent":"default","_kad_post_title":"","_kad_post_layout":"default","_kad_post_sidebar_id":"","_kad_post_content_style":"default","_kad_post_vertical_padding":"default","_kad_post_feature":"","_kad_post_feature_position":"","_kad_post_header":false,"_kad_post_footer":false},"product_brand":[],"product_cat":[19],"product_tag":[],"class_list":{"0":"post-884","1":"product","2":"type-product","3":"status-publish","4":"has-post-thumbnail","6":"product_cat-pokemon-chinois","8":"first","9":"outofstock","10":"sale","11":"purchasable","12":"product-type-simple","13":"entry","14":"content-bg","15":"loop-entry"},"yoast_head":"<!-- This site is optimized with the Yoast SEO plugin v25.1 - https:\/\/yoast.com\/wordpress\/plugins\/seo\/ -->\n<title>DISPLAY FEARLESS TERASTAL \u2013 VERSION CHINOISE - Ukiri<\/title>\n<meta name=\"robots\" content=\"index, follow, max-snippet:-1, max-image-preview:large, max-video-preview:-1\" \/>\n<link rel=\"canonical\" href=\"https:\/\/www.ukiritcg.com\/index.php\/produit\/display-fearless-terastal-version-chinoise\/\" \/>\n<meta property=\"og:locale\" content=\"en_US\" \/>\n<meta property=\"og:type\" content=\"article\" \/>\n<meta property=\"og:title\" content=\"DISPLAY FEARLESS TERASTAL \u2013 VERSION CHINOISE - Ukiri\" \/>\n<meta property=\"og:description\" content=\"Plongez dans l\u2019univers unique de Fearless Terastal, une s\u00e9rie exclusive au march\u00e9 chinois mettant en avant les Pok\u00e9mon T\u00e9racristal avec des illustrations spectaculaires et du contenu in\u00e9dit.Ce display neuf et scell\u00e9 contient 24 boosters de 5 cartes en chinois simplifi\u00e9, avec une chance d\u2019obtenir des cartes rares, des Pok\u00e9mon ex T\u00e9racristal, et des illustrations exclusives...\" \/>\n<meta property=\"og:url\" content=\"https:\/\/www.ukiritcg.com\/index.php\/produit\/display-fearless-terastal-version-chinoise\/\" \/>\n<meta property=\"og:site_name\" content=\"Ukiri\" \/>\n<meta property=\"article:modified_time\" content=\"2025-08-01T14:45:39+00:00\" \/>\n<meta property=\"og:image\" content=\"http:\/\/www.ukiritcg.com\/wp-content\/uploads\/2025\/06\/PIXEL-28.png\" \/>\n\t<meta property=\"og:image:width\" content=\"800\" \/>\n\t<meta property=\"og:image:height\" content=\"800\" \/>\n\t<meta property=\"og:image:type\" content=\"image\/png\" \/>\n<meta name=\"twitter:card\" content=\"summary_large_image\" \/>\n<meta name=\"twitter:label1\" content=\"Est. reading time\" \/>\n\t<meta name=\"twitter:data1\" content=\"1 minute\" \/>\n<script type=\"application\/ld+json\" class=\"yoast-schema-graph\">{\"@context\":\"https:\/\/schema.org\",\"@graph\":[{\"@type\":\"WebPage\",\"@id\":\"https:\/\/www.ukiritcg.com\/index.php\/produit\/display-fearless-terastal-version-chinoise\/\",\"url\":\"https:\/\/www.ukiritcg.com\/index.php\/produit\/display-fearless-terastal-version-chinoise\/\",\"name\":\"DISPLAY FEARLESS TERASTAL \u2013 VERSION CHINOISE - Ukiri\",\"isPartOf\":{\"@id\":\"https:\/\/www.ukiritcg.com\/#website\"},\"primaryImageOfPage\":{\"@id\":\"https:\/\/www.ukiritcg.com\/index.php\/produit\/display-fearless-terastal-version-chinoise\/#primaryimage\"},\"image\":{\"@id\":\"https:\/\/www.ukiritcg.com\/index.php\/produit\/display-fearless-terastal-version-chinoise\/#primaryimage\"},\"thumbnailUrl\":\"https:\/\/www.ukiritcg.com\/wp-content\/uploads\/2025\/06\/PIXEL-28.png\",\"datePublished\":\"2025-06-05T08:03:51+00:00\",\"dateModified\":\"2025-08-01T14:45:39+00:00\",\"breadcrumb\":{\"@id\":\"https:\/\/www.ukiritcg.com\/index.php\/produit\/display-fearless-terastal-version-chinoise\/#breadcrumb\"},\"inLanguage\":\"en-US\",\"potentialAction\":[{\"@type\":\"ReadAction\",\"target\":[\"https:\/\/www.ukiritcg.com\/index.php\/produit\/display-fearless-terastal-version-chinoise\/\"]}]},{\"@type\":\"ImageObject\",\"inLanguage\":\"en-US\",\"@id\":\"https:\/\/www.ukiritcg.com\/index.php\/produit\/display-fearless-terastal-version-chinoise\/#primaryimage\",\"url\":\"https:\/\/www.ukiritcg.com\/wp-content\/uploads\/2025\/06\/PIXEL-28.png\",\"contentUrl\":\"https:\/\/www.ukiritcg.com\/wp-content\/uploads\/2025\/06\/PIXEL-28.png\",\"width\":800,\"height\":800},{\"@type\":\"BreadcrumbList\",\"@id\":\"https:\/\/www.ukiritcg.com\/index.php\/produit\/display-fearless-terastal-version-chinoise\/#breadcrumb\",\"itemListElement\":[{\"@type\":\"ListItem\",\"position\":1,\"name\":\"Accueil\",\"item\":\"https:\/\/www.ukiritcg.com\/\"},{\"@type\":\"ListItem\",\"position\":2,\"name\":\"Boutique\",\"item\":\"https:\/\/www.ukiritcg.com\/index.php\/boutique\/\"},{\"@type\":\"ListItem\",\"position\":3,\"name\":\"DISPLAY FEARLESS TERASTAL \u2013 VERSION CHINOISE\"}]},{\"@type\":\"WebSite\",\"@id\":\"https:\/\/www.ukiritcg.com\/#website\",\"url\":\"https:\/\/www.ukiritcg.com\/\",\"name\":\"Ukiri\",\"description\":\"Un site utilisant WordPress\",\"publisher\":{\"@id\":\"https:\/\/www.ukiritcg.com\/#organization\"},\"potentialAction\":[{\"@type\":\"SearchAction\",\"target\":{\"@type\":\"EntryPoint\",\"urlTemplate\":\"https:\/\/www.ukiritcg.com\/?s={search_term_string}\"},\"query-input\":{\"@type\":\"PropertyValueSpecification\",\"valueRequired\":true,\"valueName\":\"search_term_string\"}}],\"inLanguage\":\"en-US\"},{\"@type\":\"Organization\",\"@id\":\"https:\/\/www.ukiritcg.com\/#organization\",\"name\":\"Ukiri\",\"url\":\"https:\/\/www.ukiritcg.com\/\",\"logo\":{\"@type\":\"ImageObject\",\"inLanguage\":\"en-US\",\"@id\":\"https:\/\/www.ukiritcg.com\/#\/schema\/logo\/image\/\",\"url\":\"https:\/\/www.ukiritcg.com\/wp-content\/uploads\/2025\/05\/cropped-494356865_4342732035873245_4547235673068364322_n-removebg-preview.png\",\"contentUrl\":\"https:\/\/www.ukiritcg.com\/wp-content\/uploads\/2025\/05\/cropped-494356865_4342732035873245_4547235673068364322_n-removebg-preview.png\",\"width\":499,\"height\":499,\"caption\":\"Ukiri\"},\"image\":{\"@id\":\"https:\/\/www.ukiritcg.com\/#\/schema\/logo\/image\/\"}}]}<\/script>\n<!-- \/ Yoast SEO plugin. -->","yoast_head_json":{"title":"DISPLAY FEARLESS TERASTAL \u2013 VERSION CHINOISE - Ukiri","robots":{"index":"index","follow":"follow","max-snippet":"max-snippet:-1","max-image-preview":"max-image-preview:large","max-video-preview":"max-video-preview:-1"},"canonical":"https:\/\/www.ukiritcg.com\/index.php\/produit\/display-fearless-terastal-version-chinoise\/","og_locale":"en_US","og_type":"article","og_title":"DISPLAY FEARLESS TERASTAL \u2013 VERSION CHINOISE - Ukiri","og_description":"Plongez dans l\u2019univers unique de Fearless Terastal, une s\u00e9rie exclusive au march\u00e9 chinois mettant en avant les Pok\u00e9mon T\u00e9racristal avec des illustrations spectaculaires et du contenu in\u00e9dit.Ce display neuf et scell\u00e9 contient 24 boosters de 5 cartes en chinois simplifi\u00e9, avec une chance d\u2019obtenir des cartes rares, des Pok\u00e9mon ex T\u00e9racristal, et des illustrations exclusives...","og_url":"https:\/\/www.ukiritcg.com\/index.php\/produit\/display-fearless-terastal-version-chinoise\/","og_site_name":"Ukiri","article_modified_time":"2025-08-01T14:45:39+00:00","og_image":[{"width":800,"height":800,"url":"http:\/\/www.ukiritcg.com\/wp-content\/uploads\/2025\/06\/PIXEL-28.png","type":"image\/png"}],"twitter_card":"summary_large_image","twitter_misc":{"Est. reading time":"1 minute"},"schema":{"@context":"https:\/\/schema.org","@graph":[{"@type":"WebPage","@id":"https:\/\/www.ukiritcg.com\/index.php\/produit\/display-fearless-terastal-version-chinoise\/","url":"https:\/\/www.ukiritcg.com\/index.php\/produit\/display-fearless-terastal-version-chinoise\/","name":"DISPLAY FEARLESS TERASTAL \u2013 VERSION CHINOISE - Ukiri","isPartOf":{"@id":"https:\/\/www.ukiritcg.com\/#website"},"primaryImageOfPage":{"@id":"https:\/\/www.ukiritcg.com\/index.php\/produit\/display-fearless-terastal-version-chinoise\/#primaryimage"},"image":{"@id":"https:\/\/www.ukiritcg.com\/index.php\/produit\/display-fearless-terastal-version-chinoise\/#primaryimage"},"thumbnailUrl":"https:\/\/www.ukiritcg.com\/wp-content\/uploads\/2025\/06\/PIXEL-28.png","datePublished":"2025-06-05T08:03:51+00:00","dateModified":"2025-08-01T14:45:39+00:00","breadcrumb":{"@id":"https:\/\/www.ukiritcg.com\/index.php\/produit\/display-fearless-terastal-version-chinoise\/#breadcrumb"},"inLanguage":"en-US","potentialAction":[{"@type":"ReadAction","target":["https:\/\/www.ukiritcg.com\/index.php\/produit\/display-fearless-terastal-version-chinoise\/"]}]},{"@type":"ImageObject","inLanguage":"en-US","@id":"https:\/\/www.ukiritcg.com\/index.php\/produit\/display-fearless-terastal-version-chinoise\/#primaryimage","url":"https:\/\/www.ukiritcg.com\/wp-content\/uploads\/2025\/06\/PIXEL-28.png","contentUrl":"https:\/\/www.ukiritcg.com\/wp-content\/uploads\/2025\/06\/PIXEL-28.png","width":800,"height":800},{"@type":"BreadcrumbList","@id":"https:\/\/www.ukiritcg.com\/index.php\/produit\/display-fearless-terastal-version-chinoise\/#breadcrumb","itemListElement":[{"@type":"ListItem","position":1,"name":"Accueil","item":"https:\/\/www.ukiritcg.com\/"},{"@type":"ListItem","position":2,"name":"Boutique","item":"https:\/\/www.ukiritcg.com\/index.php\/boutique\/"},{"@type":"ListItem","position":3,"name":"DISPLAY FEARLESS TERASTAL \u2013 VERSION CHINOISE"}]},{"@type":"WebSite","@id":"https:\/\/www.ukiritcg.com\/#website","url":"https:\/\/www.ukiritcg.com\/","name":"Ukiri","description":"Un site utilisant WordPress","publisher":{"@id":"https:\/\/www.ukiritcg.com\/#organization"},"potentialAction":[{"@type":"SearchAction","target":{"@type":"EntryPoint","urlTemplate":"https:\/\/www.ukiritcg.com\/?s={search_term_string}"},"query-input":{"@type":"PropertyValueSpecification","valueRequired":true,"valueName":"search_term_string"}}],"inLanguage":"en-US"},{"@type":"Organization","@id":"https:\/\/www.ukiritcg.com\/#organization","name":"Ukiri","url":"https:\/\/www.ukiritcg.com\/","logo":{"@type":"ImageObject","inLanguage":"en-US","@id":"https:\/\/www.ukiritcg.com\/#\/schema\/logo\/image\/","url":"https:\/\/www.ukiritcg.com\/wp-content\/uploads\/2025\/05\/cropped-494356865_4342732035873245_4547235673068364322_n-removebg-preview.png","contentUrl":"https:\/\/www.ukiritcg.com\/wp-content\/uploads\/2025\/05\/cropped-494356865_4342732035873245_4547235673068364322_n-removebg-preview.png","width":499,"height":499,"caption":"Ukiri"},"image":{"@id":"https:\/\/www.ukiritcg.com\/#\/schema\/logo\/image\/"}}]}},"jetpack_sharing_enabled":true,"_links":{"self":[{"href":"https:\/\/www.ukiritcg.com\/index.php\/wp-json\/wp\/v2\/product\/884","targetHints":{"allow":["GET"]}}],"collection":[{"href":"https:\/\/www.ukiritcg.com\/index.php\/wp-json\/wp\/v2\/product"}],"about":[{"href":"https:\/\/www.ukiritcg.com\/index.php\/wp-json\/wp\/v2\/types\/product"}],"replies":[{"embeddable":true,"href":"https:\/\/www.ukiritcg.com\/index.php\/wp-json\/wp\/v2\/comments?post=884"}],"wp:featuredmedia":[{"embeddable":true,"href":"https:\/\/www.ukiritcg.com\/index.php\/wp-json\/wp\/v2\/media\/885"}],"wp:attachment":[{"href":"https:\/\/www.ukiritcg.com\/index.php\/wp-json\/wp\/v2\/media?parent=884"}],"wp:term":[{"taxonomy":"product_brand","embeddable":true,"href":"https:\/\/www.ukiritcg.com\/index.php\/wp-json\/wp\/v2\/product_brand?post=884"},{"taxonomy":"product_cat","embeddable":true,"href":"https:\/\/www.ukiritcg.com\/index.php\/wp-json\/wp\/v2\/product_cat?post=884"},{"taxonomy":"product_tag","embeddable":true,"href":"https:\/\/www.ukiritcg.com\/index.php\/wp-json\/wp\/v2\/product_tag?post=884"}],"curies":[{"name":"wp","href":"https:\/\/api.w.org\/{rel}","templated":true}]}}