{"id":851,"date":"2025-06-03T16:34:38","date_gmt":"2025-06-03T14:34:38","guid":{"rendered":"https:\/\/www.ukiritcg.com\/?post_type=product&#038;p=851"},"modified":"2025-08-01T16:45:50","modified_gmt":"2025-08-01T14:45:50","slug":"blister-fearless-terastal-version-chinoise-1-booster","status":"publish","type":"product","link":"https:\/\/www.ukiritcg.com\/index.php\/produit\/blister-fearless-terastal-version-chinoise-1-booster\/","title":{"rendered":"BLISTER FEARLESS TERASTAL \u2013 VERSION CHINOISE \u2013 1 BOOSTER"},"content":{"rendered":"<p data-start=\"184\" data-end=\"561\">Plongez dans l&#8217;univers unique de la s\u00e9rie chinoise <strong data-start=\"235\" data-end=\"256\">Fearless Terastal<\/strong>, une extension exclusive du JCC Pok\u00e9mon en <strong data-start=\"300\" data-end=\"321\">chinois simplifi\u00e9<\/strong>, sortie en mai 2025. Cette s\u00e9rie met en avant des Pok\u00e9mon T\u00e9racristal avec des illustrations in\u00e9dites, notamment une <strong data-start=\"439\" data-end=\"495\">carte Arcanin ex avec une illustration sp\u00e9ciale rare<\/strong>, exclusive \u00e0 cette \u00e9dition .<\/p>\n<p data-start=\"563\" data-end=\"883\">Chaque <strong data-start=\"570\" data-end=\"607\">blister contient 1 booster scell\u00e9<\/strong> de <strong data-start=\"611\" data-end=\"623\">5 cartes<\/strong>, avec des chances d&#8217;obtenir des cartes rares, des Pok\u00e9mon ex T\u00e9racristal et des illustrations alternatives spectaculaires. Les cartes sont imprim\u00e9es en chinois simplifi\u00e9, offrant une exp\u00e9rience de collection diff\u00e9rente des versions japonaises ou occidentales.<\/p>\n<p data-start=\"885\" data-end=\"1057\"><strong data-start=\"885\" data-end=\"929\">Illustration envoy\u00e9e de fa\u00e7on al\u00e9atoire.<\/strong> Produit 100% officiel \u2013 id\u00e9al pour les collectionneurs de cartes \u00e9trang\u00e8res et les fans de s\u00e9ries exclusives au march\u00e9 chinois.<\/p>\n<p data-start=\"1059\" data-end=\"1131\"><strong data-start=\"1059\" data-end=\"1094\">Aucun frais de douane \u00e0 pr\u00e9voir<\/strong>, exp\u00e9dition rapide depuis la France.<\/p>\n","protected":false},"excerpt":{"rendered":"<p>Plongez dans l&#8217;univers unique de la s\u00e9rie chinoise Fearless Terastal, une extension exclusive du JCC Pok\u00e9mon en chinois simplifi\u00e9, sortie en mai 2025. Cette s\u00e9rie met en avant des Pok\u00e9mon T\u00e9racristal avec des illustrations in\u00e9dites, notamment une carte Arcanin ex avec une illustration sp\u00e9ciale rare, exclusive \u00e0 cette \u00e9dition . Chaque blister contient 1 booster&#8230;<\/p>\n","protected":false},"featured_media":852,"comment_status":"open","ping_status":"closed","template":"","meta":{"_kadence_starter_templates_imported_post":false,"_kad_post_transparent":"default","_kad_post_title":"","_kad_post_layout":"default","_kad_post_sidebar_id":"","_kad_post_content_style":"default","_kad_post_vertical_padding":"default","_kad_post_feature":"","_kad_post_feature_position":"","_kad_post_header":false,"_kad_post_footer":false},"product_brand":[],"product_cat":[19],"product_tag":[],"class_list":{"0":"post-851","1":"product","2":"type-product","3":"status-publish","4":"has-post-thumbnail","6":"product_cat-pokemon-chinois","8":"first","9":"outofstock","10":"sale","11":"taxable","12":"shipping-taxable","13":"purchasable","14":"product-type-simple","15":"entry","16":"content-bg","17":"loop-entry"},"yoast_head":"<!-- This site is optimized with the Yoast SEO plugin v25.1 - https:\/\/yoast.com\/wordpress\/plugins\/seo\/ -->\n<title>BLISTER FEARLESS TERASTAL \u2013 VERSION CHINOISE \u2013 1 BOOSTER - Ukiri<\/title>\n<meta name=\"robots\" content=\"index, follow, max-snippet:-1, max-image-preview:large, max-video-preview:-1\" \/>\n<link rel=\"canonical\" href=\"https:\/\/www.ukiritcg.com\/index.php\/produit\/blister-fearless-terastal-version-chinoise-1-booster\/\" \/>\n<meta property=\"og:locale\" content=\"en_US\" \/>\n<meta property=\"og:type\" content=\"article\" \/>\n<meta property=\"og:title\" content=\"BLISTER FEARLESS TERASTAL \u2013 VERSION CHINOISE \u2013 1 BOOSTER - Ukiri\" \/>\n<meta property=\"og:description\" content=\"Plongez dans l&#8217;univers unique de la s\u00e9rie chinoise Fearless Terastal, une extension exclusive du JCC Pok\u00e9mon en chinois simplifi\u00e9, sortie en mai 2025. Cette s\u00e9rie met en avant des Pok\u00e9mon T\u00e9racristal avec des illustrations in\u00e9dites, notamment une carte Arcanin ex avec une illustration sp\u00e9ciale rare, exclusive \u00e0 cette \u00e9dition . Chaque blister contient 1 booster...\" \/>\n<meta property=\"og:url\" content=\"https:\/\/www.ukiritcg.com\/index.php\/produit\/blister-fearless-terastal-version-chinoise-1-booster\/\" \/>\n<meta property=\"og:site_name\" content=\"Ukiri\" \/>\n<meta property=\"article:modified_time\" content=\"2025-08-01T14:45:50+00:00\" \/>\n<meta property=\"og:image\" content=\"http:\/\/www.ukiritcg.com\/wp-content\/uploads\/2025\/06\/PIXEL-26.png\" \/>\n\t<meta property=\"og:image:width\" content=\"800\" \/>\n\t<meta property=\"og:image:height\" content=\"800\" \/>\n\t<meta property=\"og:image:type\" content=\"image\/png\" \/>\n<meta name=\"twitter:card\" content=\"summary_large_image\" \/>\n<meta name=\"twitter:label1\" content=\"Est. reading time\" \/>\n\t<meta name=\"twitter:data1\" content=\"1 minute\" \/>\n<script type=\"application\/ld+json\" class=\"yoast-schema-graph\">{\"@context\":\"https:\/\/schema.org\",\"@graph\":[{\"@type\":\"WebPage\",\"@id\":\"https:\/\/www.ukiritcg.com\/index.php\/produit\/blister-fearless-terastal-version-chinoise-1-booster\/\",\"url\":\"https:\/\/www.ukiritcg.com\/index.php\/produit\/blister-fearless-terastal-version-chinoise-1-booster\/\",\"name\":\"BLISTER FEARLESS TERASTAL \u2013 VERSION CHINOISE \u2013 1 BOOSTER - Ukiri\",\"isPartOf\":{\"@id\":\"https:\/\/www.ukiritcg.com\/#website\"},\"primaryImageOfPage\":{\"@id\":\"https:\/\/www.ukiritcg.com\/index.php\/produit\/blister-fearless-terastal-version-chinoise-1-booster\/#primaryimage\"},\"image\":{\"@id\":\"https:\/\/www.ukiritcg.com\/index.php\/produit\/blister-fearless-terastal-version-chinoise-1-booster\/#primaryimage\"},\"thumbnailUrl\":\"https:\/\/www.ukiritcg.com\/wp-content\/uploads\/2025\/06\/PIXEL-26.png\",\"datePublished\":\"2025-06-03T14:34:38+00:00\",\"dateModified\":\"2025-08-01T14:45:50+00:00\",\"breadcrumb\":{\"@id\":\"https:\/\/www.ukiritcg.com\/index.php\/produit\/blister-fearless-terastal-version-chinoise-1-booster\/#breadcrumb\"},\"inLanguage\":\"en-US\",\"potentialAction\":[{\"@type\":\"ReadAction\",\"target\":[\"https:\/\/www.ukiritcg.com\/index.php\/produit\/blister-fearless-terastal-version-chinoise-1-booster\/\"]}]},{\"@type\":\"ImageObject\",\"inLanguage\":\"en-US\",\"@id\":\"https:\/\/www.ukiritcg.com\/index.php\/produit\/blister-fearless-terastal-version-chinoise-1-booster\/#primaryimage\",\"url\":\"https:\/\/www.ukiritcg.com\/wp-content\/uploads\/2025\/06\/PIXEL-26.png\",\"contentUrl\":\"https:\/\/www.ukiritcg.com\/wp-content\/uploads\/2025\/06\/PIXEL-26.png\",\"width\":800,\"height\":800},{\"@type\":\"BreadcrumbList\",\"@id\":\"https:\/\/www.ukiritcg.com\/index.php\/produit\/blister-fearless-terastal-version-chinoise-1-booster\/#breadcrumb\",\"itemListElement\":[{\"@type\":\"ListItem\",\"position\":1,\"name\":\"Accueil\",\"item\":\"https:\/\/www.ukiritcg.com\/\"},{\"@type\":\"ListItem\",\"position\":2,\"name\":\"Boutique\",\"item\":\"https:\/\/www.ukiritcg.com\/index.php\/boutique\/\"},{\"@type\":\"ListItem\",\"position\":3,\"name\":\"BLISTER FEARLESS TERASTAL \u2013 VERSION CHINOISE \u2013 1 BOOSTER\"}]},{\"@type\":\"WebSite\",\"@id\":\"https:\/\/www.ukiritcg.com\/#website\",\"url\":\"https:\/\/www.ukiritcg.com\/\",\"name\":\"Ukiri\",\"description\":\"Un site utilisant WordPress\",\"publisher\":{\"@id\":\"https:\/\/www.ukiritcg.com\/#organization\"},\"potentialAction\":[{\"@type\":\"SearchAction\",\"target\":{\"@type\":\"EntryPoint\",\"urlTemplate\":\"https:\/\/www.ukiritcg.com\/?s={search_term_string}\"},\"query-input\":{\"@type\":\"PropertyValueSpecification\",\"valueRequired\":true,\"valueName\":\"search_term_string\"}}],\"inLanguage\":\"en-US\"},{\"@type\":\"Organization\",\"@id\":\"https:\/\/www.ukiritcg.com\/#organization\",\"name\":\"Ukiri\",\"url\":\"https:\/\/www.ukiritcg.com\/\",\"logo\":{\"@type\":\"ImageObject\",\"inLanguage\":\"en-US\",\"@id\":\"https:\/\/www.ukiritcg.com\/#\/schema\/logo\/image\/\",\"url\":\"https:\/\/www.ukiritcg.com\/wp-content\/uploads\/2025\/05\/cropped-494356865_4342732035873245_4547235673068364322_n-removebg-preview.png\",\"contentUrl\":\"https:\/\/www.ukiritcg.com\/wp-content\/uploads\/2025\/05\/cropped-494356865_4342732035873245_4547235673068364322_n-removebg-preview.png\",\"width\":499,\"height\":499,\"caption\":\"Ukiri\"},\"image\":{\"@id\":\"https:\/\/www.ukiritcg.com\/#\/schema\/logo\/image\/\"}}]}<\/script>\n<!-- \/ Yoast SEO plugin. -->","yoast_head_json":{"title":"BLISTER FEARLESS TERASTAL \u2013 VERSION CHINOISE \u2013 1 BOOSTER - Ukiri","robots":{"index":"index","follow":"follow","max-snippet":"max-snippet:-1","max-image-preview":"max-image-preview:large","max-video-preview":"max-video-preview:-1"},"canonical":"https:\/\/www.ukiritcg.com\/index.php\/produit\/blister-fearless-terastal-version-chinoise-1-booster\/","og_locale":"en_US","og_type":"article","og_title":"BLISTER FEARLESS TERASTAL \u2013 VERSION CHINOISE \u2013 1 BOOSTER - Ukiri","og_description":"Plongez dans l&#8217;univers unique de la s\u00e9rie chinoise Fearless Terastal, une extension exclusive du JCC Pok\u00e9mon en chinois simplifi\u00e9, sortie en mai 2025. Cette s\u00e9rie met en avant des Pok\u00e9mon T\u00e9racristal avec des illustrations in\u00e9dites, notamment une carte Arcanin ex avec une illustration sp\u00e9ciale rare, exclusive \u00e0 cette \u00e9dition . Chaque blister contient 1 booster...","og_url":"https:\/\/www.ukiritcg.com\/index.php\/produit\/blister-fearless-terastal-version-chinoise-1-booster\/","og_site_name":"Ukiri","article_modified_time":"2025-08-01T14:45:50+00:00","og_image":[{"width":800,"height":800,"url":"http:\/\/www.ukiritcg.com\/wp-content\/uploads\/2025\/06\/PIXEL-26.png","type":"image\/png"}],"twitter_card":"summary_large_image","twitter_misc":{"Est. reading time":"1 minute"},"schema":{"@context":"https:\/\/schema.org","@graph":[{"@type":"WebPage","@id":"https:\/\/www.ukiritcg.com\/index.php\/produit\/blister-fearless-terastal-version-chinoise-1-booster\/","url":"https:\/\/www.ukiritcg.com\/index.php\/produit\/blister-fearless-terastal-version-chinoise-1-booster\/","name":"BLISTER FEARLESS TERASTAL \u2013 VERSION CHINOISE \u2013 1 BOOSTER - Ukiri","isPartOf":{"@id":"https:\/\/www.ukiritcg.com\/#website"},"primaryImageOfPage":{"@id":"https:\/\/www.ukiritcg.com\/index.php\/produit\/blister-fearless-terastal-version-chinoise-1-booster\/#primaryimage"},"image":{"@id":"https:\/\/www.ukiritcg.com\/index.php\/produit\/blister-fearless-terastal-version-chinoise-1-booster\/#primaryimage"},"thumbnailUrl":"https:\/\/www.ukiritcg.com\/wp-content\/uploads\/2025\/06\/PIXEL-26.png","datePublished":"2025-06-03T14:34:38+00:00","dateModified":"2025-08-01T14:45:50+00:00","breadcrumb":{"@id":"https:\/\/www.ukiritcg.com\/index.php\/produit\/blister-fearless-terastal-version-chinoise-1-booster\/#breadcrumb"},"inLanguage":"en-US","potentialAction":[{"@type":"ReadAction","target":["https:\/\/www.ukiritcg.com\/index.php\/produit\/blister-fearless-terastal-version-chinoise-1-booster\/"]}]},{"@type":"ImageObject","inLanguage":"en-US","@id":"https:\/\/www.ukiritcg.com\/index.php\/produit\/blister-fearless-terastal-version-chinoise-1-booster\/#primaryimage","url":"https:\/\/www.ukiritcg.com\/wp-content\/uploads\/2025\/06\/PIXEL-26.png","contentUrl":"https:\/\/www.ukiritcg.com\/wp-content\/uploads\/2025\/06\/PIXEL-26.png","width":800,"height":800},{"@type":"BreadcrumbList","@id":"https:\/\/www.ukiritcg.com\/index.php\/produit\/blister-fearless-terastal-version-chinoise-1-booster\/#breadcrumb","itemListElement":[{"@type":"ListItem","position":1,"name":"Accueil","item":"https:\/\/www.ukiritcg.com\/"},{"@type":"ListItem","position":2,"name":"Boutique","item":"https:\/\/www.ukiritcg.com\/index.php\/boutique\/"},{"@type":"ListItem","position":3,"name":"BLISTER FEARLESS TERASTAL \u2013 VERSION CHINOISE \u2013 1 BOOSTER"}]},{"@type":"WebSite","@id":"https:\/\/www.ukiritcg.com\/#website","url":"https:\/\/www.ukiritcg.com\/","name":"Ukiri","description":"Un site utilisant WordPress","publisher":{"@id":"https:\/\/www.ukiritcg.com\/#organization"},"potentialAction":[{"@type":"SearchAction","target":{"@type":"EntryPoint","urlTemplate":"https:\/\/www.ukiritcg.com\/?s={search_term_string}"},"query-input":{"@type":"PropertyValueSpecification","valueRequired":true,"valueName":"search_term_string"}}],"inLanguage":"en-US"},{"@type":"Organization","@id":"https:\/\/www.ukiritcg.com\/#organization","name":"Ukiri","url":"https:\/\/www.ukiritcg.com\/","logo":{"@type":"ImageObject","inLanguage":"en-US","@id":"https:\/\/www.ukiritcg.com\/#\/schema\/logo\/image\/","url":"https:\/\/www.ukiritcg.com\/wp-content\/uploads\/2025\/05\/cropped-494356865_4342732035873245_4547235673068364322_n-removebg-preview.png","contentUrl":"https:\/\/www.ukiritcg.com\/wp-content\/uploads\/2025\/05\/cropped-494356865_4342732035873245_4547235673068364322_n-removebg-preview.png","width":499,"height":499,"caption":"Ukiri"},"image":{"@id":"https:\/\/www.ukiritcg.com\/#\/schema\/logo\/image\/"}}]}},"jetpack_sharing_enabled":true,"_links":{"self":[{"href":"https:\/\/www.ukiritcg.com\/index.php\/wp-json\/wp\/v2\/product\/851","targetHints":{"allow":["GET"]}}],"collection":[{"href":"https:\/\/www.ukiritcg.com\/index.php\/wp-json\/wp\/v2\/product"}],"about":[{"href":"https:\/\/www.ukiritcg.com\/index.php\/wp-json\/wp\/v2\/types\/product"}],"replies":[{"embeddable":true,"href":"https:\/\/www.ukiritcg.com\/index.php\/wp-json\/wp\/v2\/comments?post=851"}],"wp:featuredmedia":[{"embeddable":true,"href":"https:\/\/www.ukiritcg.com\/index.php\/wp-json\/wp\/v2\/media\/852"}],"wp:attachment":[{"href":"https:\/\/www.ukiritcg.com\/index.php\/wp-json\/wp\/v2\/media?parent=851"}],"wp:term":[{"taxonomy":"product_brand","embeddable":true,"href":"https:\/\/www.ukiritcg.com\/index.php\/wp-json\/wp\/v2\/product_brand?post=851"},{"taxonomy":"product_cat","embeddable":true,"href":"https:\/\/www.ukiritcg.com\/index.php\/wp-json\/wp\/v2\/product_cat?post=851"},{"taxonomy":"product_tag","embeddable":true,"href":"https:\/\/www.ukiritcg.com\/index.php\/wp-json\/wp\/v2\/product_tag?post=851"}],"curies":[{"name":"wp","href":"https:\/\/api.w.org\/{rel}","templated":true}]}}