{"id":849,"date":"2025-06-03T16:21:27","date_gmt":"2025-06-03T14:21:27","guid":{"rendered":"https:\/\/www.ukiritcg.com\/?post_type=product&#038;p=849"},"modified":"2025-07-11T17:20:07","modified_gmt":"2025-07-11T15:20:07","slug":"art-set-blisters-ultra-prisme-version-francaise-4-boosters","status":"publish","type":"product","link":"https:\/\/www.ukiritcg.com\/index.php\/produit\/art-set-blisters-ultra-prisme-version-francaise-4-boosters\/","title":{"rendered":"ART SET BLISTERS ULTRA-PRISME \u2013 VERSION FRAN\u00c7AISE \u2013 4 BOOSTERS"},"content":{"rendered":"<p data-start=\"117\" data-end=\"808\">Retrouvez la puissance des Pok\u00e9mon l\u00e9gendaires de Sinnoh avec cet <strong data-start=\"252\" data-end=\"290\">art set de 4 blisters Ultra-Prisme<\/strong>, contenant chacun <strong data-start=\"309\" data-end=\"344\">1 booster sous blister cartonn\u00e9<\/strong>, en <strong data-start=\"349\" data-end=\"370\" data-is-only-node=\"\">version fran\u00e7aise<\/strong>.<br data-start=\"371\" data-end=\"374\" \/>Vous recevrez les <strong data-start=\"392\" data-end=\"423\">4 illustrations diff\u00e9rentes<\/strong> de l\u2019extension (<strong data-start=\"440\" data-end=\"459\">art set garanti<\/strong>), parfait pour les collectionneurs et les amateurs de belles pi\u00e8ces sous blister.<br data-start=\"541\" data-end=\"544\" \/>Chaque booster contient <strong data-start=\"568\" data-end=\"581\">10 cartes<\/strong>, dont une brillante garantie, avec une chance de tomber sur des cartes Prismatiques exclusives ou des Pok\u00e9mon-GX puissants.<br data-start=\"705\" data-end=\"708\" \/>Produits neufs et scell\u00e9s \u2013 <strong data-start=\"736\" data-end=\"771\">aucun frais de douane \u00e0 pr\u00e9voir<\/strong>, exp\u00e9dition rapide depuis la France.<\/p>\n<p data-start=\"117\" data-end=\"808\"><strong data-start=\"187\" data-end=\"200\">Important<\/strong> : En raison des m\u00e9thodes de fabrication de l\u2019\u00e9poque, <strong data-start=\"254\" data-end=\"313\">la taille ou la forme du blister peut l\u00e9g\u00e8rement varier<\/strong> d\u2019un exemplaire \u00e0 l\u2019autre. Il peut y avoir de <strong data-start=\"360\" data-end=\"410\">l\u00e9g\u00e8res diff\u00e9rences dues \u00e0 des d\u00e9fauts d\u2019usine<\/strong> (forme du plastique, d\u00e9coupe, scellage, etc.). Cela est <strong data-start=\"467\" data-end=\"523\">courant sur les anciennes s\u00e9ries comme Soleil &amp; Lune<\/strong> et ne constitue pas un d\u00e9faut de conservation.<\/p>\n","protected":false},"excerpt":{"rendered":"<p>Retrouvez la puissance des Pok\u00e9mon l\u00e9gendaires de Sinnoh avec cet art set de 4 blisters Ultra-Prisme, contenant chacun 1 booster sous blister cartonn\u00e9, en version fran\u00e7aise.Vous recevrez les 4 illustrations diff\u00e9rentes de l\u2019extension (art set garanti), parfait pour les collectionneurs et les amateurs de belles pi\u00e8ces sous blister.Chaque booster contient 10 cartes, dont une brillante&#8230;<\/p>\n","protected":false},"featured_media":850,"comment_status":"open","ping_status":"closed","template":"","meta":{"_kadence_starter_templates_imported_post":false,"_kad_post_transparent":"default","_kad_post_title":"","_kad_post_layout":"default","_kad_post_sidebar_id":"","_kad_post_content_style":"default","_kad_post_vertical_padding":"default","_kad_post_feature":"","_kad_post_feature_position":"","_kad_post_header":false,"_kad_post_footer":false},"product_brand":[],"product_cat":[18],"product_tag":[],"class_list":{"0":"post-849","1":"product","2":"type-product","3":"status-publish","4":"has-post-thumbnail","6":"product_cat-pokemon-francais","8":"first","9":"outofstock","10":"sale","11":"purchasable","12":"product-type-simple","13":"entry","14":"content-bg","15":"loop-entry"},"yoast_head":"<!-- This site is optimized with the Yoast SEO plugin v25.1 - https:\/\/yoast.com\/wordpress\/plugins\/seo\/ -->\n<title>ART SET BLISTERS ULTRA-PRISME \u2013 VERSION FRAN\u00c7AISE \u2013 4 BOOSTERS - Ukiri<\/title>\n<meta name=\"robots\" content=\"index, follow, max-snippet:-1, max-image-preview:large, max-video-preview:-1\" \/>\n<link rel=\"canonical\" href=\"https:\/\/www.ukiritcg.com\/index.php\/produit\/art-set-blisters-ultra-prisme-version-francaise-4-boosters\/\" \/>\n<meta property=\"og:locale\" content=\"en_US\" \/>\n<meta property=\"og:type\" content=\"article\" \/>\n<meta property=\"og:title\" content=\"ART SET BLISTERS ULTRA-PRISME \u2013 VERSION FRAN\u00c7AISE \u2013 4 BOOSTERS - Ukiri\" \/>\n<meta property=\"og:description\" content=\"Retrouvez la puissance des Pok\u00e9mon l\u00e9gendaires de Sinnoh avec cet art set de 4 blisters Ultra-Prisme, contenant chacun 1 booster sous blister cartonn\u00e9, en version fran\u00e7aise.Vous recevrez les 4 illustrations diff\u00e9rentes de l\u2019extension (art set garanti), parfait pour les collectionneurs et les amateurs de belles pi\u00e8ces sous blister.Chaque booster contient 10 cartes, dont une brillante...\" \/>\n<meta property=\"og:url\" content=\"https:\/\/www.ukiritcg.com\/index.php\/produit\/art-set-blisters-ultra-prisme-version-francaise-4-boosters\/\" \/>\n<meta property=\"og:site_name\" content=\"Ukiri\" \/>\n<meta property=\"article:modified_time\" content=\"2025-07-11T15:20:07+00:00\" \/>\n<meta property=\"og:image\" content=\"http:\/\/www.ukiritcg.com\/wp-content\/uploads\/2025\/06\/PIXEL-25.png\" \/>\n\t<meta property=\"og:image:width\" content=\"800\" \/>\n\t<meta property=\"og:image:height\" content=\"800\" \/>\n\t<meta property=\"og:image:type\" content=\"image\/png\" \/>\n<meta name=\"twitter:card\" content=\"summary_large_image\" \/>\n<meta name=\"twitter:label1\" content=\"Est. reading time\" \/>\n\t<meta name=\"twitter:data1\" content=\"1 minute\" \/>\n<script type=\"application\/ld+json\" class=\"yoast-schema-graph\">{\"@context\":\"https:\/\/schema.org\",\"@graph\":[{\"@type\":\"WebPage\",\"@id\":\"https:\/\/www.ukiritcg.com\/index.php\/produit\/art-set-blisters-ultra-prisme-version-francaise-4-boosters\/\",\"url\":\"https:\/\/www.ukiritcg.com\/index.php\/produit\/art-set-blisters-ultra-prisme-version-francaise-4-boosters\/\",\"name\":\"ART SET BLISTERS ULTRA-PRISME \u2013 VERSION FRAN\u00c7AISE \u2013 4 BOOSTERS - Ukiri\",\"isPartOf\":{\"@id\":\"https:\/\/www.ukiritcg.com\/#website\"},\"primaryImageOfPage\":{\"@id\":\"https:\/\/www.ukiritcg.com\/index.php\/produit\/art-set-blisters-ultra-prisme-version-francaise-4-boosters\/#primaryimage\"},\"image\":{\"@id\":\"https:\/\/www.ukiritcg.com\/index.php\/produit\/art-set-blisters-ultra-prisme-version-francaise-4-boosters\/#primaryimage\"},\"thumbnailUrl\":\"https:\/\/www.ukiritcg.com\/wp-content\/uploads\/2025\/06\/PIXEL-25.png\",\"datePublished\":\"2025-06-03T14:21:27+00:00\",\"dateModified\":\"2025-07-11T15:20:07+00:00\",\"breadcrumb\":{\"@id\":\"https:\/\/www.ukiritcg.com\/index.php\/produit\/art-set-blisters-ultra-prisme-version-francaise-4-boosters\/#breadcrumb\"},\"inLanguage\":\"en-US\",\"potentialAction\":[{\"@type\":\"ReadAction\",\"target\":[\"https:\/\/www.ukiritcg.com\/index.php\/produit\/art-set-blisters-ultra-prisme-version-francaise-4-boosters\/\"]}]},{\"@type\":\"ImageObject\",\"inLanguage\":\"en-US\",\"@id\":\"https:\/\/www.ukiritcg.com\/index.php\/produit\/art-set-blisters-ultra-prisme-version-francaise-4-boosters\/#primaryimage\",\"url\":\"https:\/\/www.ukiritcg.com\/wp-content\/uploads\/2025\/06\/PIXEL-25.png\",\"contentUrl\":\"https:\/\/www.ukiritcg.com\/wp-content\/uploads\/2025\/06\/PIXEL-25.png\",\"width\":800,\"height\":800},{\"@type\":\"BreadcrumbList\",\"@id\":\"https:\/\/www.ukiritcg.com\/index.php\/produit\/art-set-blisters-ultra-prisme-version-francaise-4-boosters\/#breadcrumb\",\"itemListElement\":[{\"@type\":\"ListItem\",\"position\":1,\"name\":\"Accueil\",\"item\":\"https:\/\/www.ukiritcg.com\/\"},{\"@type\":\"ListItem\",\"position\":2,\"name\":\"Boutique\",\"item\":\"https:\/\/www.ukiritcg.com\/index.php\/boutique\/\"},{\"@type\":\"ListItem\",\"position\":3,\"name\":\"ART SET BLISTERS ULTRA-PRISME \u2013 VERSION FRAN\u00c7AISE \u2013 4 BOOSTERS\"}]},{\"@type\":\"WebSite\",\"@id\":\"https:\/\/www.ukiritcg.com\/#website\",\"url\":\"https:\/\/www.ukiritcg.com\/\",\"name\":\"Ukiri\",\"description\":\"Un site utilisant WordPress\",\"publisher\":{\"@id\":\"https:\/\/www.ukiritcg.com\/#organization\"},\"potentialAction\":[{\"@type\":\"SearchAction\",\"target\":{\"@type\":\"EntryPoint\",\"urlTemplate\":\"https:\/\/www.ukiritcg.com\/?s={search_term_string}\"},\"query-input\":{\"@type\":\"PropertyValueSpecification\",\"valueRequired\":true,\"valueName\":\"search_term_string\"}}],\"inLanguage\":\"en-US\"},{\"@type\":\"Organization\",\"@id\":\"https:\/\/www.ukiritcg.com\/#organization\",\"name\":\"Ukiri\",\"url\":\"https:\/\/www.ukiritcg.com\/\",\"logo\":{\"@type\":\"ImageObject\",\"inLanguage\":\"en-US\",\"@id\":\"https:\/\/www.ukiritcg.com\/#\/schema\/logo\/image\/\",\"url\":\"https:\/\/www.ukiritcg.com\/wp-content\/uploads\/2025\/05\/cropped-494356865_4342732035873245_4547235673068364322_n-removebg-preview.png\",\"contentUrl\":\"https:\/\/www.ukiritcg.com\/wp-content\/uploads\/2025\/05\/cropped-494356865_4342732035873245_4547235673068364322_n-removebg-preview.png\",\"width\":499,\"height\":499,\"caption\":\"Ukiri\"},\"image\":{\"@id\":\"https:\/\/www.ukiritcg.com\/#\/schema\/logo\/image\/\"}}]}<\/script>\n<!-- \/ Yoast SEO plugin. -->","yoast_head_json":{"title":"ART SET BLISTERS ULTRA-PRISME \u2013 VERSION FRAN\u00c7AISE \u2013 4 BOOSTERS - Ukiri","robots":{"index":"index","follow":"follow","max-snippet":"max-snippet:-1","max-image-preview":"max-image-preview:large","max-video-preview":"max-video-preview:-1"},"canonical":"https:\/\/www.ukiritcg.com\/index.php\/produit\/art-set-blisters-ultra-prisme-version-francaise-4-boosters\/","og_locale":"en_US","og_type":"article","og_title":"ART SET BLISTERS ULTRA-PRISME \u2013 VERSION FRAN\u00c7AISE \u2013 4 BOOSTERS - Ukiri","og_description":"Retrouvez la puissance des Pok\u00e9mon l\u00e9gendaires de Sinnoh avec cet art set de 4 blisters Ultra-Prisme, contenant chacun 1 booster sous blister cartonn\u00e9, en version fran\u00e7aise.Vous recevrez les 4 illustrations diff\u00e9rentes de l\u2019extension (art set garanti), parfait pour les collectionneurs et les amateurs de belles pi\u00e8ces sous blister.Chaque booster contient 10 cartes, dont une brillante...","og_url":"https:\/\/www.ukiritcg.com\/index.php\/produit\/art-set-blisters-ultra-prisme-version-francaise-4-boosters\/","og_site_name":"Ukiri","article_modified_time":"2025-07-11T15:20:07+00:00","og_image":[{"width":800,"height":800,"url":"http:\/\/www.ukiritcg.com\/wp-content\/uploads\/2025\/06\/PIXEL-25.png","type":"image\/png"}],"twitter_card":"summary_large_image","twitter_misc":{"Est. reading time":"1 minute"},"schema":{"@context":"https:\/\/schema.org","@graph":[{"@type":"WebPage","@id":"https:\/\/www.ukiritcg.com\/index.php\/produit\/art-set-blisters-ultra-prisme-version-francaise-4-boosters\/","url":"https:\/\/www.ukiritcg.com\/index.php\/produit\/art-set-blisters-ultra-prisme-version-francaise-4-boosters\/","name":"ART SET BLISTERS ULTRA-PRISME \u2013 VERSION FRAN\u00c7AISE \u2013 4 BOOSTERS - Ukiri","isPartOf":{"@id":"https:\/\/www.ukiritcg.com\/#website"},"primaryImageOfPage":{"@id":"https:\/\/www.ukiritcg.com\/index.php\/produit\/art-set-blisters-ultra-prisme-version-francaise-4-boosters\/#primaryimage"},"image":{"@id":"https:\/\/www.ukiritcg.com\/index.php\/produit\/art-set-blisters-ultra-prisme-version-francaise-4-boosters\/#primaryimage"},"thumbnailUrl":"https:\/\/www.ukiritcg.com\/wp-content\/uploads\/2025\/06\/PIXEL-25.png","datePublished":"2025-06-03T14:21:27+00:00","dateModified":"2025-07-11T15:20:07+00:00","breadcrumb":{"@id":"https:\/\/www.ukiritcg.com\/index.php\/produit\/art-set-blisters-ultra-prisme-version-francaise-4-boosters\/#breadcrumb"},"inLanguage":"en-US","potentialAction":[{"@type":"ReadAction","target":["https:\/\/www.ukiritcg.com\/index.php\/produit\/art-set-blisters-ultra-prisme-version-francaise-4-boosters\/"]}]},{"@type":"ImageObject","inLanguage":"en-US","@id":"https:\/\/www.ukiritcg.com\/index.php\/produit\/art-set-blisters-ultra-prisme-version-francaise-4-boosters\/#primaryimage","url":"https:\/\/www.ukiritcg.com\/wp-content\/uploads\/2025\/06\/PIXEL-25.png","contentUrl":"https:\/\/www.ukiritcg.com\/wp-content\/uploads\/2025\/06\/PIXEL-25.png","width":800,"height":800},{"@type":"BreadcrumbList","@id":"https:\/\/www.ukiritcg.com\/index.php\/produit\/art-set-blisters-ultra-prisme-version-francaise-4-boosters\/#breadcrumb","itemListElement":[{"@type":"ListItem","position":1,"name":"Accueil","item":"https:\/\/www.ukiritcg.com\/"},{"@type":"ListItem","position":2,"name":"Boutique","item":"https:\/\/www.ukiritcg.com\/index.php\/boutique\/"},{"@type":"ListItem","position":3,"name":"ART SET BLISTERS ULTRA-PRISME \u2013 VERSION FRAN\u00c7AISE \u2013 4 BOOSTERS"}]},{"@type":"WebSite","@id":"https:\/\/www.ukiritcg.com\/#website","url":"https:\/\/www.ukiritcg.com\/","name":"Ukiri","description":"Un site utilisant WordPress","publisher":{"@id":"https:\/\/www.ukiritcg.com\/#organization"},"potentialAction":[{"@type":"SearchAction","target":{"@type":"EntryPoint","urlTemplate":"https:\/\/www.ukiritcg.com\/?s={search_term_string}"},"query-input":{"@type":"PropertyValueSpecification","valueRequired":true,"valueName":"search_term_string"}}],"inLanguage":"en-US"},{"@type":"Organization","@id":"https:\/\/www.ukiritcg.com\/#organization","name":"Ukiri","url":"https:\/\/www.ukiritcg.com\/","logo":{"@type":"ImageObject","inLanguage":"en-US","@id":"https:\/\/www.ukiritcg.com\/#\/schema\/logo\/image\/","url":"https:\/\/www.ukiritcg.com\/wp-content\/uploads\/2025\/05\/cropped-494356865_4342732035873245_4547235673068364322_n-removebg-preview.png","contentUrl":"https:\/\/www.ukiritcg.com\/wp-content\/uploads\/2025\/05\/cropped-494356865_4342732035873245_4547235673068364322_n-removebg-preview.png","width":499,"height":499,"caption":"Ukiri"},"image":{"@id":"https:\/\/www.ukiritcg.com\/#\/schema\/logo\/image\/"}}]}},"jetpack_sharing_enabled":true,"_links":{"self":[{"href":"https:\/\/www.ukiritcg.com\/index.php\/wp-json\/wp\/v2\/product\/849","targetHints":{"allow":["GET"]}}],"collection":[{"href":"https:\/\/www.ukiritcg.com\/index.php\/wp-json\/wp\/v2\/product"}],"about":[{"href":"https:\/\/www.ukiritcg.com\/index.php\/wp-json\/wp\/v2\/types\/product"}],"replies":[{"embeddable":true,"href":"https:\/\/www.ukiritcg.com\/index.php\/wp-json\/wp\/v2\/comments?post=849"}],"wp:featuredmedia":[{"embeddable":true,"href":"https:\/\/www.ukiritcg.com\/index.php\/wp-json\/wp\/v2\/media\/850"}],"wp:attachment":[{"href":"https:\/\/www.ukiritcg.com\/index.php\/wp-json\/wp\/v2\/media?parent=849"}],"wp:term":[{"taxonomy":"product_brand","embeddable":true,"href":"https:\/\/www.ukiritcg.com\/index.php\/wp-json\/wp\/v2\/product_brand?post=849"},{"taxonomy":"product_cat","embeddable":true,"href":"https:\/\/www.ukiritcg.com\/index.php\/wp-json\/wp\/v2\/product_cat?post=849"},{"taxonomy":"product_tag","embeddable":true,"href":"https:\/\/www.ukiritcg.com\/index.php\/wp-json\/wp\/v2\/product_tag?post=849"}],"curies":[{"name":"wp","href":"https:\/\/api.w.org\/{rel}","templated":true}]}}