{"id":845,"date":"2025-06-03T16:16:27","date_gmt":"2025-06-03T14:16:27","guid":{"rendered":"https:\/\/www.ukiritcg.com\/?post_type=product&#038;p=845"},"modified":"2025-06-18T14:53:43","modified_gmt":"2025-06-18T12:53:43","slug":"booster-evee-heroes-jp-s6a","status":"publish","type":"product","link":"https:\/\/www.ukiritcg.com\/index.php\/produit\/booster-evee-heroes-jp-s6a\/","title":{"rendered":"BOOSTER EVEE HEROES JP &#8211; S6A"},"content":{"rendered":"<p>&nbsp;<\/p>\n<p data-start=\"127\" data-end=\"711\">Plongez dans l\u2019univers des \u00e9volutions d\u2019\u00c9voli avec ce <strong data-start=\"234\" data-end=\"267\">booster japonais \u00c9voli Heroes<\/strong> (S6a), issu de la c\u00e9l\u00e8bre extension mettant \u00e0 l\u2019honneur <strong data-start=\"324\" data-end=\"335\">Noctali<\/strong>, <strong data-start=\"337\" data-end=\"348\" data-is-only-node=\"\">Givrali<\/strong>, <strong data-start=\"350\" data-end=\"361\">Mentali<\/strong>, <strong data-start=\"363\" data-end=\"373\">Pyroli<\/strong> et toutes les \u00e9volutions d\u2019\u00c9voli.<br data-start=\"407\" data-end=\"410\" \/>Chaque booster contient <strong data-start=\"434\" data-end=\"446\">5 cartes<\/strong> en japonais, avec une chance de tomber sur des cartes ultra rares, VMAX ou alternatives parmi les plus recherch\u00e9es du bloc \u00c9p\u00e9e &amp; Bouclier.<br data-start=\"586\" data-end=\"589\" \/>Booster neuf, <strong data-start=\"603\" data-end=\"635\">ouvert d\u2019un display officiel<\/strong>.<br data-start=\"636\" data-end=\"639\" \/><strong data-start=\"639\" data-end=\"674\">Aucun frais de douane \u00e0 pr\u00e9voir<\/strong>, exp\u00e9dition rapide depuis la France.<\/p>\n","protected":false},"excerpt":{"rendered":"<p>&nbsp; Plongez dans l\u2019univers des \u00e9volutions d\u2019\u00c9voli avec ce booster japonais \u00c9voli Heroes (S6a), issu de la c\u00e9l\u00e8bre extension mettant \u00e0 l\u2019honneur Noctali, Givrali, Mentali, Pyroli et toutes les \u00e9volutions d\u2019\u00c9voli.Chaque booster contient 5 cartes en japonais, avec une chance de tomber sur des cartes ultra rares, VMAX ou alternatives parmi les plus recherch\u00e9es du&#8230;<\/p>\n","protected":false},"featured_media":846,"comment_status":"open","ping_status":"closed","template":"","meta":{"_kadence_starter_templates_imported_post":false,"_kad_post_transparent":"default","_kad_post_title":"","_kad_post_layout":"default","_kad_post_sidebar_id":"","_kad_post_content_style":"default","_kad_post_vertical_padding":"default","_kad_post_feature":"","_kad_post_feature_position":"","_kad_post_header":false,"_kad_post_footer":false},"product_brand":[],"product_cat":[17],"product_tag":[],"class_list":{"0":"post-845","1":"product","2":"type-product","3":"status-publish","4":"has-post-thumbnail","6":"product_cat-pokemon-japonais","8":"first","9":"outofstock","10":"sale","11":"purchasable","12":"product-type-simple","13":"entry","14":"content-bg","15":"loop-entry"},"yoast_head":"<!-- This site is optimized with the Yoast SEO plugin v25.1 - https:\/\/yoast.com\/wordpress\/plugins\/seo\/ -->\n<title>BOOSTER EVEE HEROES JP - S6A - Ukiri<\/title>\n<meta name=\"robots\" content=\"index, follow, max-snippet:-1, max-image-preview:large, max-video-preview:-1\" \/>\n<link rel=\"canonical\" href=\"https:\/\/www.ukiritcg.com\/index.php\/produit\/booster-evee-heroes-jp-s6a\/\" \/>\n<meta property=\"og:locale\" content=\"en_US\" \/>\n<meta property=\"og:type\" content=\"article\" \/>\n<meta property=\"og:title\" content=\"BOOSTER EVEE HEROES JP - S6A - Ukiri\" \/>\n<meta property=\"og:description\" content=\"&nbsp; Plongez dans l\u2019univers des \u00e9volutions d\u2019\u00c9voli avec ce booster japonais \u00c9voli Heroes (S6a), issu de la c\u00e9l\u00e8bre extension mettant \u00e0 l\u2019honneur Noctali, Givrali, Mentali, Pyroli et toutes les \u00e9volutions d\u2019\u00c9voli.Chaque booster contient 5 cartes en japonais, avec une chance de tomber sur des cartes ultra rares, VMAX ou alternatives parmi les plus recherch\u00e9es du...\" \/>\n<meta property=\"og:url\" content=\"https:\/\/www.ukiritcg.com\/index.php\/produit\/booster-evee-heroes-jp-s6a\/\" \/>\n<meta property=\"og:site_name\" content=\"Ukiri\" \/>\n<meta property=\"article:modified_time\" content=\"2025-06-18T12:53:43+00:00\" \/>\n<meta property=\"og:image\" content=\"http:\/\/www.ukiritcg.com\/wp-content\/uploads\/2025\/06\/PIXEL-23.png\" \/>\n\t<meta property=\"og:image:width\" content=\"800\" \/>\n\t<meta property=\"og:image:height\" content=\"800\" \/>\n\t<meta property=\"og:image:type\" content=\"image\/png\" \/>\n<meta name=\"twitter:card\" content=\"summary_large_image\" \/>\n<meta name=\"twitter:label1\" content=\"Est. reading time\" \/>\n\t<meta name=\"twitter:data1\" content=\"1 minute\" \/>\n<script type=\"application\/ld+json\" class=\"yoast-schema-graph\">{\"@context\":\"https:\/\/schema.org\",\"@graph\":[{\"@type\":\"WebPage\",\"@id\":\"https:\/\/www.ukiritcg.com\/index.php\/produit\/booster-evee-heroes-jp-s6a\/\",\"url\":\"https:\/\/www.ukiritcg.com\/index.php\/produit\/booster-evee-heroes-jp-s6a\/\",\"name\":\"BOOSTER EVEE HEROES JP - S6A - Ukiri\",\"isPartOf\":{\"@id\":\"https:\/\/www.ukiritcg.com\/#website\"},\"primaryImageOfPage\":{\"@id\":\"https:\/\/www.ukiritcg.com\/index.php\/produit\/booster-evee-heroes-jp-s6a\/#primaryimage\"},\"image\":{\"@id\":\"https:\/\/www.ukiritcg.com\/index.php\/produit\/booster-evee-heroes-jp-s6a\/#primaryimage\"},\"thumbnailUrl\":\"https:\/\/www.ukiritcg.com\/wp-content\/uploads\/2025\/06\/PIXEL-23.png\",\"datePublished\":\"2025-06-03T14:16:27+00:00\",\"dateModified\":\"2025-06-18T12:53:43+00:00\",\"breadcrumb\":{\"@id\":\"https:\/\/www.ukiritcg.com\/index.php\/produit\/booster-evee-heroes-jp-s6a\/#breadcrumb\"},\"inLanguage\":\"en-US\",\"potentialAction\":[{\"@type\":\"ReadAction\",\"target\":[\"https:\/\/www.ukiritcg.com\/index.php\/produit\/booster-evee-heroes-jp-s6a\/\"]}]},{\"@type\":\"ImageObject\",\"inLanguage\":\"en-US\",\"@id\":\"https:\/\/www.ukiritcg.com\/index.php\/produit\/booster-evee-heroes-jp-s6a\/#primaryimage\",\"url\":\"https:\/\/www.ukiritcg.com\/wp-content\/uploads\/2025\/06\/PIXEL-23.png\",\"contentUrl\":\"https:\/\/www.ukiritcg.com\/wp-content\/uploads\/2025\/06\/PIXEL-23.png\",\"width\":800,\"height\":800},{\"@type\":\"BreadcrumbList\",\"@id\":\"https:\/\/www.ukiritcg.com\/index.php\/produit\/booster-evee-heroes-jp-s6a\/#breadcrumb\",\"itemListElement\":[{\"@type\":\"ListItem\",\"position\":1,\"name\":\"Accueil\",\"item\":\"https:\/\/www.ukiritcg.com\/\"},{\"@type\":\"ListItem\",\"position\":2,\"name\":\"Boutique\",\"item\":\"https:\/\/www.ukiritcg.com\/index.php\/boutique\/\"},{\"@type\":\"ListItem\",\"position\":3,\"name\":\"BOOSTER EVEE HEROES JP &#8211; S6A\"}]},{\"@type\":\"WebSite\",\"@id\":\"https:\/\/www.ukiritcg.com\/#website\",\"url\":\"https:\/\/www.ukiritcg.com\/\",\"name\":\"Ukiri\",\"description\":\"Un site utilisant WordPress\",\"publisher\":{\"@id\":\"https:\/\/www.ukiritcg.com\/#organization\"},\"potentialAction\":[{\"@type\":\"SearchAction\",\"target\":{\"@type\":\"EntryPoint\",\"urlTemplate\":\"https:\/\/www.ukiritcg.com\/?s={search_term_string}\"},\"query-input\":{\"@type\":\"PropertyValueSpecification\",\"valueRequired\":true,\"valueName\":\"search_term_string\"}}],\"inLanguage\":\"en-US\"},{\"@type\":\"Organization\",\"@id\":\"https:\/\/www.ukiritcg.com\/#organization\",\"name\":\"Ukiri\",\"url\":\"https:\/\/www.ukiritcg.com\/\",\"logo\":{\"@type\":\"ImageObject\",\"inLanguage\":\"en-US\",\"@id\":\"https:\/\/www.ukiritcg.com\/#\/schema\/logo\/image\/\",\"url\":\"https:\/\/www.ukiritcg.com\/wp-content\/uploads\/2025\/05\/cropped-494356865_4342732035873245_4547235673068364322_n-removebg-preview.png\",\"contentUrl\":\"https:\/\/www.ukiritcg.com\/wp-content\/uploads\/2025\/05\/cropped-494356865_4342732035873245_4547235673068364322_n-removebg-preview.png\",\"width\":499,\"height\":499,\"caption\":\"Ukiri\"},\"image\":{\"@id\":\"https:\/\/www.ukiritcg.com\/#\/schema\/logo\/image\/\"}}]}<\/script>\n<!-- \/ Yoast SEO plugin. -->","yoast_head_json":{"title":"BOOSTER EVEE HEROES JP - S6A - Ukiri","robots":{"index":"index","follow":"follow","max-snippet":"max-snippet:-1","max-image-preview":"max-image-preview:large","max-video-preview":"max-video-preview:-1"},"canonical":"https:\/\/www.ukiritcg.com\/index.php\/produit\/booster-evee-heroes-jp-s6a\/","og_locale":"en_US","og_type":"article","og_title":"BOOSTER EVEE HEROES JP - S6A - Ukiri","og_description":"&nbsp; Plongez dans l\u2019univers des \u00e9volutions d\u2019\u00c9voli avec ce booster japonais \u00c9voli Heroes (S6a), issu de la c\u00e9l\u00e8bre extension mettant \u00e0 l\u2019honneur Noctali, Givrali, Mentali, Pyroli et toutes les \u00e9volutions d\u2019\u00c9voli.Chaque booster contient 5 cartes en japonais, avec une chance de tomber sur des cartes ultra rares, VMAX ou alternatives parmi les plus recherch\u00e9es du...","og_url":"https:\/\/www.ukiritcg.com\/index.php\/produit\/booster-evee-heroes-jp-s6a\/","og_site_name":"Ukiri","article_modified_time":"2025-06-18T12:53:43+00:00","og_image":[{"width":800,"height":800,"url":"http:\/\/www.ukiritcg.com\/wp-content\/uploads\/2025\/06\/PIXEL-23.png","type":"image\/png"}],"twitter_card":"summary_large_image","twitter_misc":{"Est. reading time":"1 minute"},"schema":{"@context":"https:\/\/schema.org","@graph":[{"@type":"WebPage","@id":"https:\/\/www.ukiritcg.com\/index.php\/produit\/booster-evee-heroes-jp-s6a\/","url":"https:\/\/www.ukiritcg.com\/index.php\/produit\/booster-evee-heroes-jp-s6a\/","name":"BOOSTER EVEE HEROES JP - S6A - Ukiri","isPartOf":{"@id":"https:\/\/www.ukiritcg.com\/#website"},"primaryImageOfPage":{"@id":"https:\/\/www.ukiritcg.com\/index.php\/produit\/booster-evee-heroes-jp-s6a\/#primaryimage"},"image":{"@id":"https:\/\/www.ukiritcg.com\/index.php\/produit\/booster-evee-heroes-jp-s6a\/#primaryimage"},"thumbnailUrl":"https:\/\/www.ukiritcg.com\/wp-content\/uploads\/2025\/06\/PIXEL-23.png","datePublished":"2025-06-03T14:16:27+00:00","dateModified":"2025-06-18T12:53:43+00:00","breadcrumb":{"@id":"https:\/\/www.ukiritcg.com\/index.php\/produit\/booster-evee-heroes-jp-s6a\/#breadcrumb"},"inLanguage":"en-US","potentialAction":[{"@type":"ReadAction","target":["https:\/\/www.ukiritcg.com\/index.php\/produit\/booster-evee-heroes-jp-s6a\/"]}]},{"@type":"ImageObject","inLanguage":"en-US","@id":"https:\/\/www.ukiritcg.com\/index.php\/produit\/booster-evee-heroes-jp-s6a\/#primaryimage","url":"https:\/\/www.ukiritcg.com\/wp-content\/uploads\/2025\/06\/PIXEL-23.png","contentUrl":"https:\/\/www.ukiritcg.com\/wp-content\/uploads\/2025\/06\/PIXEL-23.png","width":800,"height":800},{"@type":"BreadcrumbList","@id":"https:\/\/www.ukiritcg.com\/index.php\/produit\/booster-evee-heroes-jp-s6a\/#breadcrumb","itemListElement":[{"@type":"ListItem","position":1,"name":"Accueil","item":"https:\/\/www.ukiritcg.com\/"},{"@type":"ListItem","position":2,"name":"Boutique","item":"https:\/\/www.ukiritcg.com\/index.php\/boutique\/"},{"@type":"ListItem","position":3,"name":"BOOSTER EVEE HEROES JP &#8211; S6A"}]},{"@type":"WebSite","@id":"https:\/\/www.ukiritcg.com\/#website","url":"https:\/\/www.ukiritcg.com\/","name":"Ukiri","description":"Un site utilisant WordPress","publisher":{"@id":"https:\/\/www.ukiritcg.com\/#organization"},"potentialAction":[{"@type":"SearchAction","target":{"@type":"EntryPoint","urlTemplate":"https:\/\/www.ukiritcg.com\/?s={search_term_string}"},"query-input":{"@type":"PropertyValueSpecification","valueRequired":true,"valueName":"search_term_string"}}],"inLanguage":"en-US"},{"@type":"Organization","@id":"https:\/\/www.ukiritcg.com\/#organization","name":"Ukiri","url":"https:\/\/www.ukiritcg.com\/","logo":{"@type":"ImageObject","inLanguage":"en-US","@id":"https:\/\/www.ukiritcg.com\/#\/schema\/logo\/image\/","url":"https:\/\/www.ukiritcg.com\/wp-content\/uploads\/2025\/05\/cropped-494356865_4342732035873245_4547235673068364322_n-removebg-preview.png","contentUrl":"https:\/\/www.ukiritcg.com\/wp-content\/uploads\/2025\/05\/cropped-494356865_4342732035873245_4547235673068364322_n-removebg-preview.png","width":499,"height":499,"caption":"Ukiri"},"image":{"@id":"https:\/\/www.ukiritcg.com\/#\/schema\/logo\/image\/"}}]}},"jetpack_sharing_enabled":true,"_links":{"self":[{"href":"https:\/\/www.ukiritcg.com\/index.php\/wp-json\/wp\/v2\/product\/845","targetHints":{"allow":["GET"]}}],"collection":[{"href":"https:\/\/www.ukiritcg.com\/index.php\/wp-json\/wp\/v2\/product"}],"about":[{"href":"https:\/\/www.ukiritcg.com\/index.php\/wp-json\/wp\/v2\/types\/product"}],"replies":[{"embeddable":true,"href":"https:\/\/www.ukiritcg.com\/index.php\/wp-json\/wp\/v2\/comments?post=845"}],"wp:featuredmedia":[{"embeddable":true,"href":"https:\/\/www.ukiritcg.com\/index.php\/wp-json\/wp\/v2\/media\/846"}],"wp:attachment":[{"href":"https:\/\/www.ukiritcg.com\/index.php\/wp-json\/wp\/v2\/media?parent=845"}],"wp:term":[{"taxonomy":"product_brand","embeddable":true,"href":"https:\/\/www.ukiritcg.com\/index.php\/wp-json\/wp\/v2\/product_brand?post=845"},{"taxonomy":"product_cat","embeddable":true,"href":"https:\/\/www.ukiritcg.com\/index.php\/wp-json\/wp\/v2\/product_cat?post=845"},{"taxonomy":"product_tag","embeddable":true,"href":"https:\/\/www.ukiritcg.com\/index.php\/wp-json\/wp\/v2\/product_tag?post=845"}],"curies":[{"name":"wp","href":"https:\/\/api.w.org\/{rel}","templated":true}]}}