{"id":832,"date":"2025-05-30T23:45:19","date_gmt":"2025-05-30T21:45:19","guid":{"rendered":"https:\/\/www.ukiritcg.com\/?post_type=product&#038;p=832"},"modified":"2025-06-05T20:26:14","modified_gmt":"2025-06-05T18:26:14","slug":"display-pokemon-heat-wave-arena-jp-sv9a","status":"publish","type":"product","link":"https:\/\/www.ukiritcg.com\/index.php\/produit\/display-pokemon-heat-wave-arena-jp-sv9a\/","title":{"rendered":"DISPLAY POKEMON HEAT WAVE ARENA JP &#8211; SV9A"},"content":{"rendered":"<p data-start=\"161\" data-end=\"731\"><strong data-start=\"161\" data-end=\"213\">DISPLAY HEAT WAVE ARENA \u2013 SCELL\u00c9 \u2013 100% OFFICIEL<\/strong><br data-start=\"213\" data-end=\"216\" \/>Plongez dans l\u2019intensit\u00e9 de l\u2019extension <strong data-start=\"256\" data-end=\"275\">Heat Wave Arena<\/strong>, avec ce <strong data-start=\"285\" data-end=\"311\">display neuf et scell\u00e9<\/strong> contenant <strong data-start=\"322\" data-end=\"337\" data-is-only-node=\"\">30 boosters<\/strong> de <strong data-start=\"341\" data-end=\"353\">5 cartes<\/strong> chacun en <strong data-start=\"364\" data-end=\"385\">version fran\u00e7aise<\/strong>.<br data-start=\"386\" data-end=\"389\" \/>Cette s\u00e9rie met en avant des Pok\u00e9mon puissants avec des cartes rares et brillantes, parfaites pour enrichir votre collection ou booster vos decks comp\u00e9titifs.<br data-start=\"547\" data-end=\"550\" \/>Produit officiel, aucune surprise \u00e0 l\u2019ouverture, id\u00e9al pour les collectionneurs et les joueurs passionn\u00e9s.<br data-start=\"656\" data-end=\"659\" \/><strong data-start=\"659\" data-end=\"694\">Aucun frais de douane \u00e0 pr\u00e9voir<\/strong>, exp\u00e9dition rapide depuis la France.<\/p>\n","protected":false},"excerpt":{"rendered":"<p>DISPLAY HEAT WAVE ARENA \u2013 SCELL\u00c9 \u2013 100% OFFICIELPlongez dans l\u2019intensit\u00e9 de l\u2019extension Heat Wave Arena, avec ce display neuf et scell\u00e9 contenant 30 boosters de 5 cartes chacun en version fran\u00e7aise.Cette s\u00e9rie met en avant des Pok\u00e9mon puissants avec des cartes rares et brillantes, parfaites pour enrichir votre collection ou booster vos decks comp\u00e9titifs.Produit&#8230;<\/p>\n","protected":false},"featured_media":833,"comment_status":"open","ping_status":"closed","template":"","meta":{"_kadence_starter_templates_imported_post":false,"_kad_post_transparent":"default","_kad_post_title":"","_kad_post_layout":"default","_kad_post_sidebar_id":"","_kad_post_content_style":"default","_kad_post_vertical_padding":"default","_kad_post_feature":"","_kad_post_feature_position":"","_kad_post_header":false,"_kad_post_footer":false},"product_brand":[],"product_cat":[17],"product_tag":[],"class_list":{"0":"post-832","1":"product","2":"type-product","3":"status-publish","4":"has-post-thumbnail","6":"product_cat-pokemon-japonais","8":"first","9":"instock","10":"purchasable","11":"product-type-simple","12":"entry","13":"content-bg","14":"loop-entry"},"yoast_head":"<!-- This site is optimized with the Yoast SEO plugin v25.1 - https:\/\/yoast.com\/wordpress\/plugins\/seo\/ -->\n<title>DISPLAY POKEMON HEAT WAVE ARENA JP - SV9A - Ukiri<\/title>\n<meta name=\"robots\" content=\"index, follow, max-snippet:-1, max-image-preview:large, max-video-preview:-1\" \/>\n<link rel=\"canonical\" href=\"https:\/\/www.ukiritcg.com\/index.php\/produit\/display-pokemon-heat-wave-arena-jp-sv9a\/\" \/>\n<meta property=\"og:locale\" content=\"en_US\" \/>\n<meta property=\"og:type\" content=\"article\" \/>\n<meta property=\"og:title\" content=\"DISPLAY POKEMON HEAT WAVE ARENA JP - SV9A - Ukiri\" \/>\n<meta property=\"og:description\" content=\"DISPLAY HEAT WAVE ARENA \u2013 SCELL\u00c9 \u2013 100% OFFICIELPlongez dans l\u2019intensit\u00e9 de l\u2019extension Heat Wave Arena, avec ce display neuf et scell\u00e9 contenant 30 boosters de 5 cartes chacun en version fran\u00e7aise.Cette s\u00e9rie met en avant des Pok\u00e9mon puissants avec des cartes rares et brillantes, parfaites pour enrichir votre collection ou booster vos decks comp\u00e9titifs.Produit...\" \/>\n<meta property=\"og:url\" content=\"https:\/\/www.ukiritcg.com\/index.php\/produit\/display-pokemon-heat-wave-arena-jp-sv9a\/\" \/>\n<meta property=\"og:site_name\" content=\"Ukiri\" \/>\n<meta property=\"article:modified_time\" content=\"2025-06-05T18:26:14+00:00\" \/>\n<meta property=\"og:image\" content=\"http:\/\/www.ukiritcg.com\/wp-content\/uploads\/2025\/05\/PIXEL-21.png\" \/>\n\t<meta property=\"og:image:width\" content=\"800\" \/>\n\t<meta property=\"og:image:height\" content=\"800\" \/>\n\t<meta property=\"og:image:type\" content=\"image\/png\" \/>\n<meta name=\"twitter:card\" content=\"summary_large_image\" \/>\n<meta name=\"twitter:label1\" content=\"Est. reading time\" \/>\n\t<meta name=\"twitter:data1\" content=\"1 minute\" \/>\n<script type=\"application\/ld+json\" class=\"yoast-schema-graph\">{\"@context\":\"https:\/\/schema.org\",\"@graph\":[{\"@type\":\"WebPage\",\"@id\":\"https:\/\/www.ukiritcg.com\/index.php\/produit\/display-pokemon-heat-wave-arena-jp-sv9a\/\",\"url\":\"https:\/\/www.ukiritcg.com\/index.php\/produit\/display-pokemon-heat-wave-arena-jp-sv9a\/\",\"name\":\"DISPLAY POKEMON HEAT WAVE ARENA JP - SV9A - Ukiri\",\"isPartOf\":{\"@id\":\"https:\/\/www.ukiritcg.com\/#website\"},\"primaryImageOfPage\":{\"@id\":\"https:\/\/www.ukiritcg.com\/index.php\/produit\/display-pokemon-heat-wave-arena-jp-sv9a\/#primaryimage\"},\"image\":{\"@id\":\"https:\/\/www.ukiritcg.com\/index.php\/produit\/display-pokemon-heat-wave-arena-jp-sv9a\/#primaryimage\"},\"thumbnailUrl\":\"https:\/\/www.ukiritcg.com\/wp-content\/uploads\/2025\/05\/PIXEL-21.png\",\"datePublished\":\"2025-05-30T21:45:19+00:00\",\"dateModified\":\"2025-06-05T18:26:14+00:00\",\"breadcrumb\":{\"@id\":\"https:\/\/www.ukiritcg.com\/index.php\/produit\/display-pokemon-heat-wave-arena-jp-sv9a\/#breadcrumb\"},\"inLanguage\":\"en-US\",\"potentialAction\":[{\"@type\":\"ReadAction\",\"target\":[\"https:\/\/www.ukiritcg.com\/index.php\/produit\/display-pokemon-heat-wave-arena-jp-sv9a\/\"]}]},{\"@type\":\"ImageObject\",\"inLanguage\":\"en-US\",\"@id\":\"https:\/\/www.ukiritcg.com\/index.php\/produit\/display-pokemon-heat-wave-arena-jp-sv9a\/#primaryimage\",\"url\":\"https:\/\/www.ukiritcg.com\/wp-content\/uploads\/2025\/05\/PIXEL-21.png\",\"contentUrl\":\"https:\/\/www.ukiritcg.com\/wp-content\/uploads\/2025\/05\/PIXEL-21.png\",\"width\":800,\"height\":800},{\"@type\":\"BreadcrumbList\",\"@id\":\"https:\/\/www.ukiritcg.com\/index.php\/produit\/display-pokemon-heat-wave-arena-jp-sv9a\/#breadcrumb\",\"itemListElement\":[{\"@type\":\"ListItem\",\"position\":1,\"name\":\"Accueil\",\"item\":\"https:\/\/www.ukiritcg.com\/\"},{\"@type\":\"ListItem\",\"position\":2,\"name\":\"Boutique\",\"item\":\"https:\/\/www.ukiritcg.com\/index.php\/boutique\/\"},{\"@type\":\"ListItem\",\"position\":3,\"name\":\"DISPLAY POKEMON HEAT WAVE ARENA JP &#8211; SV9A\"}]},{\"@type\":\"WebSite\",\"@id\":\"https:\/\/www.ukiritcg.com\/#website\",\"url\":\"https:\/\/www.ukiritcg.com\/\",\"name\":\"Ukiri\",\"description\":\"Un site utilisant WordPress\",\"publisher\":{\"@id\":\"https:\/\/www.ukiritcg.com\/#organization\"},\"potentialAction\":[{\"@type\":\"SearchAction\",\"target\":{\"@type\":\"EntryPoint\",\"urlTemplate\":\"https:\/\/www.ukiritcg.com\/?s={search_term_string}\"},\"query-input\":{\"@type\":\"PropertyValueSpecification\",\"valueRequired\":true,\"valueName\":\"search_term_string\"}}],\"inLanguage\":\"en-US\"},{\"@type\":\"Organization\",\"@id\":\"https:\/\/www.ukiritcg.com\/#organization\",\"name\":\"Ukiri\",\"url\":\"https:\/\/www.ukiritcg.com\/\",\"logo\":{\"@type\":\"ImageObject\",\"inLanguage\":\"en-US\",\"@id\":\"https:\/\/www.ukiritcg.com\/#\/schema\/logo\/image\/\",\"url\":\"https:\/\/www.ukiritcg.com\/wp-content\/uploads\/2025\/05\/cropped-494356865_4342732035873245_4547235673068364322_n-removebg-preview.png\",\"contentUrl\":\"https:\/\/www.ukiritcg.com\/wp-content\/uploads\/2025\/05\/cropped-494356865_4342732035873245_4547235673068364322_n-removebg-preview.png\",\"width\":499,\"height\":499,\"caption\":\"Ukiri\"},\"image\":{\"@id\":\"https:\/\/www.ukiritcg.com\/#\/schema\/logo\/image\/\"}}]}<\/script>\n<!-- \/ Yoast SEO plugin. -->","yoast_head_json":{"title":"DISPLAY POKEMON HEAT WAVE ARENA JP - SV9A - Ukiri","robots":{"index":"index","follow":"follow","max-snippet":"max-snippet:-1","max-image-preview":"max-image-preview:large","max-video-preview":"max-video-preview:-1"},"canonical":"https:\/\/www.ukiritcg.com\/index.php\/produit\/display-pokemon-heat-wave-arena-jp-sv9a\/","og_locale":"en_US","og_type":"article","og_title":"DISPLAY POKEMON HEAT WAVE ARENA JP - SV9A - Ukiri","og_description":"DISPLAY HEAT WAVE ARENA \u2013 SCELL\u00c9 \u2013 100% OFFICIELPlongez dans l\u2019intensit\u00e9 de l\u2019extension Heat Wave Arena, avec ce display neuf et scell\u00e9 contenant 30 boosters de 5 cartes chacun en version fran\u00e7aise.Cette s\u00e9rie met en avant des Pok\u00e9mon puissants avec des cartes rares et brillantes, parfaites pour enrichir votre collection ou booster vos decks comp\u00e9titifs.Produit...","og_url":"https:\/\/www.ukiritcg.com\/index.php\/produit\/display-pokemon-heat-wave-arena-jp-sv9a\/","og_site_name":"Ukiri","article_modified_time":"2025-06-05T18:26:14+00:00","og_image":[{"width":800,"height":800,"url":"http:\/\/www.ukiritcg.com\/wp-content\/uploads\/2025\/05\/PIXEL-21.png","type":"image\/png"}],"twitter_card":"summary_large_image","twitter_misc":{"Est. reading time":"1 minute"},"schema":{"@context":"https:\/\/schema.org","@graph":[{"@type":"WebPage","@id":"https:\/\/www.ukiritcg.com\/index.php\/produit\/display-pokemon-heat-wave-arena-jp-sv9a\/","url":"https:\/\/www.ukiritcg.com\/index.php\/produit\/display-pokemon-heat-wave-arena-jp-sv9a\/","name":"DISPLAY POKEMON HEAT WAVE ARENA JP - SV9A - Ukiri","isPartOf":{"@id":"https:\/\/www.ukiritcg.com\/#website"},"primaryImageOfPage":{"@id":"https:\/\/www.ukiritcg.com\/index.php\/produit\/display-pokemon-heat-wave-arena-jp-sv9a\/#primaryimage"},"image":{"@id":"https:\/\/www.ukiritcg.com\/index.php\/produit\/display-pokemon-heat-wave-arena-jp-sv9a\/#primaryimage"},"thumbnailUrl":"https:\/\/www.ukiritcg.com\/wp-content\/uploads\/2025\/05\/PIXEL-21.png","datePublished":"2025-05-30T21:45:19+00:00","dateModified":"2025-06-05T18:26:14+00:00","breadcrumb":{"@id":"https:\/\/www.ukiritcg.com\/index.php\/produit\/display-pokemon-heat-wave-arena-jp-sv9a\/#breadcrumb"},"inLanguage":"en-US","potentialAction":[{"@type":"ReadAction","target":["https:\/\/www.ukiritcg.com\/index.php\/produit\/display-pokemon-heat-wave-arena-jp-sv9a\/"]}]},{"@type":"ImageObject","inLanguage":"en-US","@id":"https:\/\/www.ukiritcg.com\/index.php\/produit\/display-pokemon-heat-wave-arena-jp-sv9a\/#primaryimage","url":"https:\/\/www.ukiritcg.com\/wp-content\/uploads\/2025\/05\/PIXEL-21.png","contentUrl":"https:\/\/www.ukiritcg.com\/wp-content\/uploads\/2025\/05\/PIXEL-21.png","width":800,"height":800},{"@type":"BreadcrumbList","@id":"https:\/\/www.ukiritcg.com\/index.php\/produit\/display-pokemon-heat-wave-arena-jp-sv9a\/#breadcrumb","itemListElement":[{"@type":"ListItem","position":1,"name":"Accueil","item":"https:\/\/www.ukiritcg.com\/"},{"@type":"ListItem","position":2,"name":"Boutique","item":"https:\/\/www.ukiritcg.com\/index.php\/boutique\/"},{"@type":"ListItem","position":3,"name":"DISPLAY POKEMON HEAT WAVE ARENA JP &#8211; SV9A"}]},{"@type":"WebSite","@id":"https:\/\/www.ukiritcg.com\/#website","url":"https:\/\/www.ukiritcg.com\/","name":"Ukiri","description":"Un site utilisant WordPress","publisher":{"@id":"https:\/\/www.ukiritcg.com\/#organization"},"potentialAction":[{"@type":"SearchAction","target":{"@type":"EntryPoint","urlTemplate":"https:\/\/www.ukiritcg.com\/?s={search_term_string}"},"query-input":{"@type":"PropertyValueSpecification","valueRequired":true,"valueName":"search_term_string"}}],"inLanguage":"en-US"},{"@type":"Organization","@id":"https:\/\/www.ukiritcg.com\/#organization","name":"Ukiri","url":"https:\/\/www.ukiritcg.com\/","logo":{"@type":"ImageObject","inLanguage":"en-US","@id":"https:\/\/www.ukiritcg.com\/#\/schema\/logo\/image\/","url":"https:\/\/www.ukiritcg.com\/wp-content\/uploads\/2025\/05\/cropped-494356865_4342732035873245_4547235673068364322_n-removebg-preview.png","contentUrl":"https:\/\/www.ukiritcg.com\/wp-content\/uploads\/2025\/05\/cropped-494356865_4342732035873245_4547235673068364322_n-removebg-preview.png","width":499,"height":499,"caption":"Ukiri"},"image":{"@id":"https:\/\/www.ukiritcg.com\/#\/schema\/logo\/image\/"}}]}},"jetpack_sharing_enabled":true,"_links":{"self":[{"href":"https:\/\/www.ukiritcg.com\/index.php\/wp-json\/wp\/v2\/product\/832","targetHints":{"allow":["GET"]}}],"collection":[{"href":"https:\/\/www.ukiritcg.com\/index.php\/wp-json\/wp\/v2\/product"}],"about":[{"href":"https:\/\/www.ukiritcg.com\/index.php\/wp-json\/wp\/v2\/types\/product"}],"replies":[{"embeddable":true,"href":"https:\/\/www.ukiritcg.com\/index.php\/wp-json\/wp\/v2\/comments?post=832"}],"wp:featuredmedia":[{"embeddable":true,"href":"https:\/\/www.ukiritcg.com\/index.php\/wp-json\/wp\/v2\/media\/833"}],"wp:attachment":[{"href":"https:\/\/www.ukiritcg.com\/index.php\/wp-json\/wp\/v2\/media?parent=832"}],"wp:term":[{"taxonomy":"product_brand","embeddable":true,"href":"https:\/\/www.ukiritcg.com\/index.php\/wp-json\/wp\/v2\/product_brand?post=832"},{"taxonomy":"product_cat","embeddable":true,"href":"https:\/\/www.ukiritcg.com\/index.php\/wp-json\/wp\/v2\/product_cat?post=832"},{"taxonomy":"product_tag","embeddable":true,"href":"https:\/\/www.ukiritcg.com\/index.php\/wp-json\/wp\/v2\/product_tag?post=832"}],"curies":[{"name":"wp","href":"https:\/\/api.w.org\/{rel}","templated":true}]}}