{"id":830,"date":"2025-05-30T23:26:05","date_gmt":"2025-05-30T21:26:05","guid":{"rendered":"https:\/\/www.ukiritcg.com\/?post_type=product&#038;p=830"},"modified":"2026-02-10T21:54:47","modified_gmt":"2026-02-10T20:54:47","slug":"art-set-booster-star-etincelante-fr-eb09","status":"publish","type":"product","link":"https:\/\/www.ukiritcg.com\/index.php\/produit\/art-set-booster-star-etincelante-fr-eb09\/","title":{"rendered":"ART SET BOOSTER STAR ETINCELANTE FR &#8211; EB09"},"content":{"rendered":"<p><strong data-start=\"123\" data-end=\"169\">ART SET BOOSTERS LOOSE \u2013 VERSION FRAN\u00c7AISE<\/strong><br data-start=\"169\" data-end=\"172\" \/>Obtenez les <strong data-start=\"184\" data-end=\"215\">4 illustrations diff\u00e9rentes<\/strong> de l\u2019extension <strong data-start=\"231\" data-end=\"273\">Star \u00c9tincelante (\u00c9p\u00e9e &amp; Bouclier \u2013 9)<\/strong> avec cet <strong data-start=\"283\" data-end=\"314\" data-is-only-node=\"\">art set de 4 boosters loose<\/strong> en <strong data-start=\"318\" data-end=\"339\">version fran\u00e7aise<\/strong>.<br data-start=\"340\" data-end=\"343\" \/>Chaque booster contient <strong data-start=\"367\" data-end=\"380\">10 cartes<\/strong>, dont une carte brillante garantie. Une s\u00e9rie incontournable avec des hits puissants comme <strong data-start=\"472\" data-end=\"491\">Dracaufeu VSTAR<\/strong>, <strong data-start=\"493\" data-end=\"503\">Arceus<\/strong>, et bien d\u2019autres cartes ultra rares !<br data-start=\"542\" data-end=\"545\" \/>Boosters neufs, <strong data-start=\"561\" data-end=\"592\">issus de displays officiels<\/strong>, vendus hors coffret, <strong data-start=\"615\" data-end=\"646\">sans doublon d\u2019illustration<\/strong>.<\/p>\n","protected":false},"excerpt":{"rendered":"<p>ART SET BOOSTERS LOOSE \u2013 VERSION FRAN\u00c7AISEObtenez les 4 illustrations diff\u00e9rentes de l\u2019extension Star \u00c9tincelante (\u00c9p\u00e9e &amp; Bouclier \u2013 9) avec cet art set de 4 boosters loose en version fran\u00e7aise.Chaque booster contient 10 cartes, dont une carte brillante garantie. Une s\u00e9rie incontournable avec des hits puissants comme Dracaufeu VSTAR, Arceus, et bien d\u2019autres cartes&#8230;<\/p>\n","protected":false},"featured_media":831,"comment_status":"open","ping_status":"closed","template":"","meta":{"_kadence_starter_templates_imported_post":false,"_kad_post_transparent":"default","_kad_post_title":"","_kad_post_layout":"default","_kad_post_sidebar_id":"","_kad_post_content_style":"default","_kad_post_vertical_padding":"default","_kad_post_feature":"","_kad_post_feature_position":"","_kad_post_header":false,"_kad_post_footer":false},"product_brand":[],"product_cat":[18],"product_tag":[],"class_list":{"0":"post-830","1":"product","2":"type-product","3":"status-publish","4":"has-post-thumbnail","6":"product_cat-pokemon-francais","8":"first","9":"instock","10":"purchasable","11":"product-type-simple","12":"entry","13":"content-bg","14":"loop-entry"},"yoast_head":"<!-- This site is optimized with the Yoast SEO plugin v25.1 - https:\/\/yoast.com\/wordpress\/plugins\/seo\/ -->\n<title>ART SET BOOSTER STAR ETINCELANTE FR - EB09 - Ukiri<\/title>\n<meta name=\"robots\" content=\"index, follow, max-snippet:-1, max-image-preview:large, max-video-preview:-1\" \/>\n<link rel=\"canonical\" href=\"https:\/\/www.ukiritcg.com\/index.php\/produit\/art-set-booster-star-etincelante-fr-eb09\/\" \/>\n<meta property=\"og:locale\" content=\"en_US\" \/>\n<meta property=\"og:type\" content=\"article\" \/>\n<meta property=\"og:title\" content=\"ART SET BOOSTER STAR ETINCELANTE FR - EB09 - Ukiri\" \/>\n<meta property=\"og:description\" content=\"ART SET BOOSTERS LOOSE \u2013 VERSION FRAN\u00c7AISEObtenez les 4 illustrations diff\u00e9rentes de l\u2019extension Star \u00c9tincelante (\u00c9p\u00e9e &amp; Bouclier \u2013 9) avec cet art set de 4 boosters loose en version fran\u00e7aise.Chaque booster contient 10 cartes, dont une carte brillante garantie. Une s\u00e9rie incontournable avec des hits puissants comme Dracaufeu VSTAR, Arceus, et bien d\u2019autres cartes...\" \/>\n<meta property=\"og:url\" content=\"https:\/\/www.ukiritcg.com\/index.php\/produit\/art-set-booster-star-etincelante-fr-eb09\/\" \/>\n<meta property=\"og:site_name\" content=\"Ukiri\" \/>\n<meta property=\"article:modified_time\" content=\"2026-02-10T20:54:47+00:00\" \/>\n<meta property=\"og:image\" content=\"http:\/\/www.ukiritcg.com\/wp-content\/uploads\/2025\/05\/PIXEL-20.png\" \/>\n\t<meta property=\"og:image:width\" content=\"800\" \/>\n\t<meta property=\"og:image:height\" content=\"800\" \/>\n\t<meta property=\"og:image:type\" content=\"image\/png\" \/>\n<meta name=\"twitter:card\" content=\"summary_large_image\" \/>\n<meta name=\"twitter:label1\" content=\"Est. reading time\" \/>\n\t<meta name=\"twitter:data1\" content=\"1 minute\" \/>\n<script type=\"application\/ld+json\" class=\"yoast-schema-graph\">{\"@context\":\"https:\/\/schema.org\",\"@graph\":[{\"@type\":\"WebPage\",\"@id\":\"https:\/\/www.ukiritcg.com\/index.php\/produit\/art-set-booster-star-etincelante-fr-eb09\/\",\"url\":\"https:\/\/www.ukiritcg.com\/index.php\/produit\/art-set-booster-star-etincelante-fr-eb09\/\",\"name\":\"ART SET BOOSTER STAR ETINCELANTE FR - EB09 - Ukiri\",\"isPartOf\":{\"@id\":\"https:\/\/www.ukiritcg.com\/#website\"},\"primaryImageOfPage\":{\"@id\":\"https:\/\/www.ukiritcg.com\/index.php\/produit\/art-set-booster-star-etincelante-fr-eb09\/#primaryimage\"},\"image\":{\"@id\":\"https:\/\/www.ukiritcg.com\/index.php\/produit\/art-set-booster-star-etincelante-fr-eb09\/#primaryimage\"},\"thumbnailUrl\":\"https:\/\/www.ukiritcg.com\/wp-content\/uploads\/2025\/05\/PIXEL-20.png\",\"datePublished\":\"2025-05-30T21:26:05+00:00\",\"dateModified\":\"2026-02-10T20:54:47+00:00\",\"breadcrumb\":{\"@id\":\"https:\/\/www.ukiritcg.com\/index.php\/produit\/art-set-booster-star-etincelante-fr-eb09\/#breadcrumb\"},\"inLanguage\":\"en-US\",\"potentialAction\":[{\"@type\":\"ReadAction\",\"target\":[\"https:\/\/www.ukiritcg.com\/index.php\/produit\/art-set-booster-star-etincelante-fr-eb09\/\"]}]},{\"@type\":\"ImageObject\",\"inLanguage\":\"en-US\",\"@id\":\"https:\/\/www.ukiritcg.com\/index.php\/produit\/art-set-booster-star-etincelante-fr-eb09\/#primaryimage\",\"url\":\"https:\/\/www.ukiritcg.com\/wp-content\/uploads\/2025\/05\/PIXEL-20.png\",\"contentUrl\":\"https:\/\/www.ukiritcg.com\/wp-content\/uploads\/2025\/05\/PIXEL-20.png\",\"width\":800,\"height\":800},{\"@type\":\"BreadcrumbList\",\"@id\":\"https:\/\/www.ukiritcg.com\/index.php\/produit\/art-set-booster-star-etincelante-fr-eb09\/#breadcrumb\",\"itemListElement\":[{\"@type\":\"ListItem\",\"position\":1,\"name\":\"Accueil\",\"item\":\"https:\/\/www.ukiritcg.com\/\"},{\"@type\":\"ListItem\",\"position\":2,\"name\":\"Boutique\",\"item\":\"https:\/\/www.ukiritcg.com\/index.php\/boutique\/\"},{\"@type\":\"ListItem\",\"position\":3,\"name\":\"ART SET BOOSTER STAR ETINCELANTE FR &#8211; EB09\"}]},{\"@type\":\"WebSite\",\"@id\":\"https:\/\/www.ukiritcg.com\/#website\",\"url\":\"https:\/\/www.ukiritcg.com\/\",\"name\":\"Ukiri\",\"description\":\"Un site utilisant WordPress\",\"publisher\":{\"@id\":\"https:\/\/www.ukiritcg.com\/#organization\"},\"potentialAction\":[{\"@type\":\"SearchAction\",\"target\":{\"@type\":\"EntryPoint\",\"urlTemplate\":\"https:\/\/www.ukiritcg.com\/?s={search_term_string}\"},\"query-input\":{\"@type\":\"PropertyValueSpecification\",\"valueRequired\":true,\"valueName\":\"search_term_string\"}}],\"inLanguage\":\"en-US\"},{\"@type\":\"Organization\",\"@id\":\"https:\/\/www.ukiritcg.com\/#organization\",\"name\":\"Ukiri\",\"url\":\"https:\/\/www.ukiritcg.com\/\",\"logo\":{\"@type\":\"ImageObject\",\"inLanguage\":\"en-US\",\"@id\":\"https:\/\/www.ukiritcg.com\/#\/schema\/logo\/image\/\",\"url\":\"https:\/\/www.ukiritcg.com\/wp-content\/uploads\/2025\/05\/cropped-494356865_4342732035873245_4547235673068364322_n-removebg-preview.png\",\"contentUrl\":\"https:\/\/www.ukiritcg.com\/wp-content\/uploads\/2025\/05\/cropped-494356865_4342732035873245_4547235673068364322_n-removebg-preview.png\",\"width\":499,\"height\":499,\"caption\":\"Ukiri\"},\"image\":{\"@id\":\"https:\/\/www.ukiritcg.com\/#\/schema\/logo\/image\/\"}}]}<\/script>\n<!-- \/ Yoast SEO plugin. -->","yoast_head_json":{"title":"ART SET BOOSTER STAR ETINCELANTE FR - EB09 - Ukiri","robots":{"index":"index","follow":"follow","max-snippet":"max-snippet:-1","max-image-preview":"max-image-preview:large","max-video-preview":"max-video-preview:-1"},"canonical":"https:\/\/www.ukiritcg.com\/index.php\/produit\/art-set-booster-star-etincelante-fr-eb09\/","og_locale":"en_US","og_type":"article","og_title":"ART SET BOOSTER STAR ETINCELANTE FR - EB09 - Ukiri","og_description":"ART SET BOOSTERS LOOSE \u2013 VERSION FRAN\u00c7AISEObtenez les 4 illustrations diff\u00e9rentes de l\u2019extension Star \u00c9tincelante (\u00c9p\u00e9e &amp; Bouclier \u2013 9) avec cet art set de 4 boosters loose en version fran\u00e7aise.Chaque booster contient 10 cartes, dont une carte brillante garantie. Une s\u00e9rie incontournable avec des hits puissants comme Dracaufeu VSTAR, Arceus, et bien d\u2019autres cartes...","og_url":"https:\/\/www.ukiritcg.com\/index.php\/produit\/art-set-booster-star-etincelante-fr-eb09\/","og_site_name":"Ukiri","article_modified_time":"2026-02-10T20:54:47+00:00","og_image":[{"width":800,"height":800,"url":"http:\/\/www.ukiritcg.com\/wp-content\/uploads\/2025\/05\/PIXEL-20.png","type":"image\/png"}],"twitter_card":"summary_large_image","twitter_misc":{"Est. reading time":"1 minute"},"schema":{"@context":"https:\/\/schema.org","@graph":[{"@type":"WebPage","@id":"https:\/\/www.ukiritcg.com\/index.php\/produit\/art-set-booster-star-etincelante-fr-eb09\/","url":"https:\/\/www.ukiritcg.com\/index.php\/produit\/art-set-booster-star-etincelante-fr-eb09\/","name":"ART SET BOOSTER STAR ETINCELANTE FR - EB09 - Ukiri","isPartOf":{"@id":"https:\/\/www.ukiritcg.com\/#website"},"primaryImageOfPage":{"@id":"https:\/\/www.ukiritcg.com\/index.php\/produit\/art-set-booster-star-etincelante-fr-eb09\/#primaryimage"},"image":{"@id":"https:\/\/www.ukiritcg.com\/index.php\/produit\/art-set-booster-star-etincelante-fr-eb09\/#primaryimage"},"thumbnailUrl":"https:\/\/www.ukiritcg.com\/wp-content\/uploads\/2025\/05\/PIXEL-20.png","datePublished":"2025-05-30T21:26:05+00:00","dateModified":"2026-02-10T20:54:47+00:00","breadcrumb":{"@id":"https:\/\/www.ukiritcg.com\/index.php\/produit\/art-set-booster-star-etincelante-fr-eb09\/#breadcrumb"},"inLanguage":"en-US","potentialAction":[{"@type":"ReadAction","target":["https:\/\/www.ukiritcg.com\/index.php\/produit\/art-set-booster-star-etincelante-fr-eb09\/"]}]},{"@type":"ImageObject","inLanguage":"en-US","@id":"https:\/\/www.ukiritcg.com\/index.php\/produit\/art-set-booster-star-etincelante-fr-eb09\/#primaryimage","url":"https:\/\/www.ukiritcg.com\/wp-content\/uploads\/2025\/05\/PIXEL-20.png","contentUrl":"https:\/\/www.ukiritcg.com\/wp-content\/uploads\/2025\/05\/PIXEL-20.png","width":800,"height":800},{"@type":"BreadcrumbList","@id":"https:\/\/www.ukiritcg.com\/index.php\/produit\/art-set-booster-star-etincelante-fr-eb09\/#breadcrumb","itemListElement":[{"@type":"ListItem","position":1,"name":"Accueil","item":"https:\/\/www.ukiritcg.com\/"},{"@type":"ListItem","position":2,"name":"Boutique","item":"https:\/\/www.ukiritcg.com\/index.php\/boutique\/"},{"@type":"ListItem","position":3,"name":"ART SET BOOSTER STAR ETINCELANTE FR &#8211; EB09"}]},{"@type":"WebSite","@id":"https:\/\/www.ukiritcg.com\/#website","url":"https:\/\/www.ukiritcg.com\/","name":"Ukiri","description":"Un site utilisant WordPress","publisher":{"@id":"https:\/\/www.ukiritcg.com\/#organization"},"potentialAction":[{"@type":"SearchAction","target":{"@type":"EntryPoint","urlTemplate":"https:\/\/www.ukiritcg.com\/?s={search_term_string}"},"query-input":{"@type":"PropertyValueSpecification","valueRequired":true,"valueName":"search_term_string"}}],"inLanguage":"en-US"},{"@type":"Organization","@id":"https:\/\/www.ukiritcg.com\/#organization","name":"Ukiri","url":"https:\/\/www.ukiritcg.com\/","logo":{"@type":"ImageObject","inLanguage":"en-US","@id":"https:\/\/www.ukiritcg.com\/#\/schema\/logo\/image\/","url":"https:\/\/www.ukiritcg.com\/wp-content\/uploads\/2025\/05\/cropped-494356865_4342732035873245_4547235673068364322_n-removebg-preview.png","contentUrl":"https:\/\/www.ukiritcg.com\/wp-content\/uploads\/2025\/05\/cropped-494356865_4342732035873245_4547235673068364322_n-removebg-preview.png","width":499,"height":499,"caption":"Ukiri"},"image":{"@id":"https:\/\/www.ukiritcg.com\/#\/schema\/logo\/image\/"}}]}},"jetpack_sharing_enabled":true,"_links":{"self":[{"href":"https:\/\/www.ukiritcg.com\/index.php\/wp-json\/wp\/v2\/product\/830","targetHints":{"allow":["GET"]}}],"collection":[{"href":"https:\/\/www.ukiritcg.com\/index.php\/wp-json\/wp\/v2\/product"}],"about":[{"href":"https:\/\/www.ukiritcg.com\/index.php\/wp-json\/wp\/v2\/types\/product"}],"replies":[{"embeddable":true,"href":"https:\/\/www.ukiritcg.com\/index.php\/wp-json\/wp\/v2\/comments?post=830"}],"wp:featuredmedia":[{"embeddable":true,"href":"https:\/\/www.ukiritcg.com\/index.php\/wp-json\/wp\/v2\/media\/831"}],"wp:attachment":[{"href":"https:\/\/www.ukiritcg.com\/index.php\/wp-json\/wp\/v2\/media?parent=830"}],"wp:term":[{"taxonomy":"product_brand","embeddable":true,"href":"https:\/\/www.ukiritcg.com\/index.php\/wp-json\/wp\/v2\/product_brand?post=830"},{"taxonomy":"product_cat","embeddable":true,"href":"https:\/\/www.ukiritcg.com\/index.php\/wp-json\/wp\/v2\/product_cat?post=830"},{"taxonomy":"product_tag","embeddable":true,"href":"https:\/\/www.ukiritcg.com\/index.php\/wp-json\/wp\/v2\/product_tag?post=830"}],"curies":[{"name":"wp","href":"https:\/\/api.w.org\/{rel}","templated":true}]}}