{"id":818,"date":"2025-05-29T18:56:09","date_gmt":"2025-05-29T16:56:09","guid":{"rendered":"https:\/\/www.ukiritcg.com\/?post_type=product&#038;p=818"},"modified":"2025-06-06T14:41:11","modified_gmt":"2025-06-06T12:41:11","slug":"booster-evolution-prismatique-ev8-5-fr","status":"publish","type":"product","link":"https:\/\/www.ukiritcg.com\/index.php\/produit\/booster-evolution-prismatique-ev8-5-fr\/","title":{"rendered":"BOOSTER EVOLUTION PRISMATIQUE &#8211; EV8.5 FR"},"content":{"rendered":"<p><strong data-start=\"301\" data-end=\"339\">Illustration du booster al\u00e9atoire.<\/strong><br data-start=\"339\" data-end=\"342\" \/>D\u00e9couvrez la puissance des \u00e9volutions d\u2019\u00c9voli avec ce <strong data-start=\"396\" data-end=\"465\">booster Pok\u00e9mon \u00c9p\u00e9e &amp; Bouclier \u2013 \u00c9volutions Prismatiques (EV8.5)<\/strong> en <strong data-start=\"469\" data-end=\"490\">version fran\u00e7aise<\/strong>.<br data-start=\"491\" data-end=\"494\" \/>Chaque booster contient <strong data-start=\"518\" data-end=\"531\">10 cartes<\/strong>, dont une carte brillante garantie. Cette s\u00e9rie sp\u00e9ciale met en avant les diff\u00e9rentes \u00e9volutions d\u2019\u00c9voli dans des illustrations uniques et tr\u00e8s recherch\u00e9es.<br data-start=\"688\" data-end=\"691\" \/>Booster neuf, issu d\u2019un coffret officiel, sous emballage scell\u00e9.<\/p>\n","protected":false},"excerpt":{"rendered":"<p>Illustration du booster al\u00e9atoire.D\u00e9couvrez la puissance des \u00e9volutions d\u2019\u00c9voli avec ce booster Pok\u00e9mon \u00c9p\u00e9e &amp; Bouclier \u2013 \u00c9volutions Prismatiques (EV8.5) en version fran\u00e7aise.Chaque booster contient 10 cartes, dont une carte brillante garantie. Cette s\u00e9rie sp\u00e9ciale met en avant les diff\u00e9rentes \u00e9volutions d\u2019\u00c9voli dans des illustrations uniques et tr\u00e8s recherch\u00e9es.Booster neuf, issu d\u2019un coffret officiel, sous&#8230;<\/p>\n","protected":false},"featured_media":814,"comment_status":"open","ping_status":"closed","template":"","meta":{"_kadence_starter_templates_imported_post":false,"_kad_post_transparent":"default","_kad_post_title":"","_kad_post_layout":"default","_kad_post_sidebar_id":"","_kad_post_content_style":"default","_kad_post_vertical_padding":"default","_kad_post_feature":"","_kad_post_feature_position":"","_kad_post_header":false,"_kad_post_footer":false},"product_brand":[],"product_cat":[18],"product_tag":[],"class_list":{"0":"post-818","1":"product","2":"type-product","3":"status-publish","4":"has-post-thumbnail","6":"product_cat-pokemon-francais","8":"first","9":"instock","10":"purchasable","11":"product-type-simple","12":"entry","13":"content-bg","14":"loop-entry"},"yoast_head":"<!-- This site is optimized with the Yoast SEO plugin v25.1 - https:\/\/yoast.com\/wordpress\/plugins\/seo\/ -->\n<title>BOOSTER EVOLUTION PRISMATIQUE - EV8.5 FR - Ukiri<\/title>\n<meta name=\"robots\" content=\"index, follow, max-snippet:-1, max-image-preview:large, max-video-preview:-1\" \/>\n<link rel=\"canonical\" href=\"https:\/\/www.ukiritcg.com\/index.php\/produit\/booster-evolution-prismatique-ev8-5-fr\/\" \/>\n<meta property=\"og:locale\" content=\"en_US\" \/>\n<meta property=\"og:type\" content=\"article\" \/>\n<meta property=\"og:title\" content=\"BOOSTER EVOLUTION PRISMATIQUE - EV8.5 FR - Ukiri\" \/>\n<meta property=\"og:description\" content=\"Illustration du booster al\u00e9atoire.D\u00e9couvrez la puissance des \u00e9volutions d\u2019\u00c9voli avec ce booster Pok\u00e9mon \u00c9p\u00e9e &amp; Bouclier \u2013 \u00c9volutions Prismatiques (EV8.5) en version fran\u00e7aise.Chaque booster contient 10 cartes, dont une carte brillante garantie. Cette s\u00e9rie sp\u00e9ciale met en avant les diff\u00e9rentes \u00e9volutions d\u2019\u00c9voli dans des illustrations uniques et tr\u00e8s recherch\u00e9es.Booster neuf, issu d\u2019un coffret officiel, sous...\" \/>\n<meta property=\"og:url\" content=\"https:\/\/www.ukiritcg.com\/index.php\/produit\/booster-evolution-prismatique-ev8-5-fr\/\" \/>\n<meta property=\"og:site_name\" content=\"Ukiri\" \/>\n<meta property=\"article:modified_time\" content=\"2025-06-06T12:41:11+00:00\" \/>\n<meta property=\"og:image\" content=\"http:\/\/www.ukiritcg.com\/wp-content\/uploads\/2025\/05\/PIXEL-16.png\" \/>\n\t<meta property=\"og:image:width\" content=\"800\" \/>\n\t<meta property=\"og:image:height\" content=\"800\" \/>\n\t<meta property=\"og:image:type\" content=\"image\/png\" \/>\n<meta name=\"twitter:card\" content=\"summary_large_image\" \/>\n<meta name=\"twitter:label1\" content=\"Est. reading time\" \/>\n\t<meta name=\"twitter:data1\" content=\"1 minute\" \/>\n<script type=\"application\/ld+json\" class=\"yoast-schema-graph\">{\"@context\":\"https:\/\/schema.org\",\"@graph\":[{\"@type\":\"WebPage\",\"@id\":\"https:\/\/www.ukiritcg.com\/index.php\/produit\/booster-evolution-prismatique-ev8-5-fr\/\",\"url\":\"https:\/\/www.ukiritcg.com\/index.php\/produit\/booster-evolution-prismatique-ev8-5-fr\/\",\"name\":\"BOOSTER EVOLUTION PRISMATIQUE - EV8.5 FR - Ukiri\",\"isPartOf\":{\"@id\":\"https:\/\/www.ukiritcg.com\/#website\"},\"primaryImageOfPage\":{\"@id\":\"https:\/\/www.ukiritcg.com\/index.php\/produit\/booster-evolution-prismatique-ev8-5-fr\/#primaryimage\"},\"image\":{\"@id\":\"https:\/\/www.ukiritcg.com\/index.php\/produit\/booster-evolution-prismatique-ev8-5-fr\/#primaryimage\"},\"thumbnailUrl\":\"https:\/\/www.ukiritcg.com\/wp-content\/uploads\/2025\/05\/PIXEL-16.png\",\"datePublished\":\"2025-05-29T16:56:09+00:00\",\"dateModified\":\"2025-06-06T12:41:11+00:00\",\"breadcrumb\":{\"@id\":\"https:\/\/www.ukiritcg.com\/index.php\/produit\/booster-evolution-prismatique-ev8-5-fr\/#breadcrumb\"},\"inLanguage\":\"en-US\",\"potentialAction\":[{\"@type\":\"ReadAction\",\"target\":[\"https:\/\/www.ukiritcg.com\/index.php\/produit\/booster-evolution-prismatique-ev8-5-fr\/\"]}]},{\"@type\":\"ImageObject\",\"inLanguage\":\"en-US\",\"@id\":\"https:\/\/www.ukiritcg.com\/index.php\/produit\/booster-evolution-prismatique-ev8-5-fr\/#primaryimage\",\"url\":\"https:\/\/www.ukiritcg.com\/wp-content\/uploads\/2025\/05\/PIXEL-16.png\",\"contentUrl\":\"https:\/\/www.ukiritcg.com\/wp-content\/uploads\/2025\/05\/PIXEL-16.png\",\"width\":800,\"height\":800},{\"@type\":\"BreadcrumbList\",\"@id\":\"https:\/\/www.ukiritcg.com\/index.php\/produit\/booster-evolution-prismatique-ev8-5-fr\/#breadcrumb\",\"itemListElement\":[{\"@type\":\"ListItem\",\"position\":1,\"name\":\"Accueil\",\"item\":\"https:\/\/www.ukiritcg.com\/\"},{\"@type\":\"ListItem\",\"position\":2,\"name\":\"Boutique\",\"item\":\"https:\/\/www.ukiritcg.com\/index.php\/boutique\/\"},{\"@type\":\"ListItem\",\"position\":3,\"name\":\"BOOSTER EVOLUTION PRISMATIQUE &#8211; EV8.5 FR\"}]},{\"@type\":\"WebSite\",\"@id\":\"https:\/\/www.ukiritcg.com\/#website\",\"url\":\"https:\/\/www.ukiritcg.com\/\",\"name\":\"Ukiri\",\"description\":\"Un site utilisant WordPress\",\"publisher\":{\"@id\":\"https:\/\/www.ukiritcg.com\/#organization\"},\"potentialAction\":[{\"@type\":\"SearchAction\",\"target\":{\"@type\":\"EntryPoint\",\"urlTemplate\":\"https:\/\/www.ukiritcg.com\/?s={search_term_string}\"},\"query-input\":{\"@type\":\"PropertyValueSpecification\",\"valueRequired\":true,\"valueName\":\"search_term_string\"}}],\"inLanguage\":\"en-US\"},{\"@type\":\"Organization\",\"@id\":\"https:\/\/www.ukiritcg.com\/#organization\",\"name\":\"Ukiri\",\"url\":\"https:\/\/www.ukiritcg.com\/\",\"logo\":{\"@type\":\"ImageObject\",\"inLanguage\":\"en-US\",\"@id\":\"https:\/\/www.ukiritcg.com\/#\/schema\/logo\/image\/\",\"url\":\"https:\/\/www.ukiritcg.com\/wp-content\/uploads\/2025\/05\/cropped-494356865_4342732035873245_4547235673068364322_n-removebg-preview.png\",\"contentUrl\":\"https:\/\/www.ukiritcg.com\/wp-content\/uploads\/2025\/05\/cropped-494356865_4342732035873245_4547235673068364322_n-removebg-preview.png\",\"width\":499,\"height\":499,\"caption\":\"Ukiri\"},\"image\":{\"@id\":\"https:\/\/www.ukiritcg.com\/#\/schema\/logo\/image\/\"}}]}<\/script>\n<!-- \/ Yoast SEO plugin. -->","yoast_head_json":{"title":"BOOSTER EVOLUTION PRISMATIQUE - EV8.5 FR - Ukiri","robots":{"index":"index","follow":"follow","max-snippet":"max-snippet:-1","max-image-preview":"max-image-preview:large","max-video-preview":"max-video-preview:-1"},"canonical":"https:\/\/www.ukiritcg.com\/index.php\/produit\/booster-evolution-prismatique-ev8-5-fr\/","og_locale":"en_US","og_type":"article","og_title":"BOOSTER EVOLUTION PRISMATIQUE - EV8.5 FR - Ukiri","og_description":"Illustration du booster al\u00e9atoire.D\u00e9couvrez la puissance des \u00e9volutions d\u2019\u00c9voli avec ce booster Pok\u00e9mon \u00c9p\u00e9e &amp; Bouclier \u2013 \u00c9volutions Prismatiques (EV8.5) en version fran\u00e7aise.Chaque booster contient 10 cartes, dont une carte brillante garantie. Cette s\u00e9rie sp\u00e9ciale met en avant les diff\u00e9rentes \u00e9volutions d\u2019\u00c9voli dans des illustrations uniques et tr\u00e8s recherch\u00e9es.Booster neuf, issu d\u2019un coffret officiel, sous...","og_url":"https:\/\/www.ukiritcg.com\/index.php\/produit\/booster-evolution-prismatique-ev8-5-fr\/","og_site_name":"Ukiri","article_modified_time":"2025-06-06T12:41:11+00:00","og_image":[{"width":800,"height":800,"url":"http:\/\/www.ukiritcg.com\/wp-content\/uploads\/2025\/05\/PIXEL-16.png","type":"image\/png"}],"twitter_card":"summary_large_image","twitter_misc":{"Est. reading time":"1 minute"},"schema":{"@context":"https:\/\/schema.org","@graph":[{"@type":"WebPage","@id":"https:\/\/www.ukiritcg.com\/index.php\/produit\/booster-evolution-prismatique-ev8-5-fr\/","url":"https:\/\/www.ukiritcg.com\/index.php\/produit\/booster-evolution-prismatique-ev8-5-fr\/","name":"BOOSTER EVOLUTION PRISMATIQUE - EV8.5 FR - Ukiri","isPartOf":{"@id":"https:\/\/www.ukiritcg.com\/#website"},"primaryImageOfPage":{"@id":"https:\/\/www.ukiritcg.com\/index.php\/produit\/booster-evolution-prismatique-ev8-5-fr\/#primaryimage"},"image":{"@id":"https:\/\/www.ukiritcg.com\/index.php\/produit\/booster-evolution-prismatique-ev8-5-fr\/#primaryimage"},"thumbnailUrl":"https:\/\/www.ukiritcg.com\/wp-content\/uploads\/2025\/05\/PIXEL-16.png","datePublished":"2025-05-29T16:56:09+00:00","dateModified":"2025-06-06T12:41:11+00:00","breadcrumb":{"@id":"https:\/\/www.ukiritcg.com\/index.php\/produit\/booster-evolution-prismatique-ev8-5-fr\/#breadcrumb"},"inLanguage":"en-US","potentialAction":[{"@type":"ReadAction","target":["https:\/\/www.ukiritcg.com\/index.php\/produit\/booster-evolution-prismatique-ev8-5-fr\/"]}]},{"@type":"ImageObject","inLanguage":"en-US","@id":"https:\/\/www.ukiritcg.com\/index.php\/produit\/booster-evolution-prismatique-ev8-5-fr\/#primaryimage","url":"https:\/\/www.ukiritcg.com\/wp-content\/uploads\/2025\/05\/PIXEL-16.png","contentUrl":"https:\/\/www.ukiritcg.com\/wp-content\/uploads\/2025\/05\/PIXEL-16.png","width":800,"height":800},{"@type":"BreadcrumbList","@id":"https:\/\/www.ukiritcg.com\/index.php\/produit\/booster-evolution-prismatique-ev8-5-fr\/#breadcrumb","itemListElement":[{"@type":"ListItem","position":1,"name":"Accueil","item":"https:\/\/www.ukiritcg.com\/"},{"@type":"ListItem","position":2,"name":"Boutique","item":"https:\/\/www.ukiritcg.com\/index.php\/boutique\/"},{"@type":"ListItem","position":3,"name":"BOOSTER EVOLUTION PRISMATIQUE &#8211; EV8.5 FR"}]},{"@type":"WebSite","@id":"https:\/\/www.ukiritcg.com\/#website","url":"https:\/\/www.ukiritcg.com\/","name":"Ukiri","description":"Un site utilisant WordPress","publisher":{"@id":"https:\/\/www.ukiritcg.com\/#organization"},"potentialAction":[{"@type":"SearchAction","target":{"@type":"EntryPoint","urlTemplate":"https:\/\/www.ukiritcg.com\/?s={search_term_string}"},"query-input":{"@type":"PropertyValueSpecification","valueRequired":true,"valueName":"search_term_string"}}],"inLanguage":"en-US"},{"@type":"Organization","@id":"https:\/\/www.ukiritcg.com\/#organization","name":"Ukiri","url":"https:\/\/www.ukiritcg.com\/","logo":{"@type":"ImageObject","inLanguage":"en-US","@id":"https:\/\/www.ukiritcg.com\/#\/schema\/logo\/image\/","url":"https:\/\/www.ukiritcg.com\/wp-content\/uploads\/2025\/05\/cropped-494356865_4342732035873245_4547235673068364322_n-removebg-preview.png","contentUrl":"https:\/\/www.ukiritcg.com\/wp-content\/uploads\/2025\/05\/cropped-494356865_4342732035873245_4547235673068364322_n-removebg-preview.png","width":499,"height":499,"caption":"Ukiri"},"image":{"@id":"https:\/\/www.ukiritcg.com\/#\/schema\/logo\/image\/"}}]}},"jetpack_sharing_enabled":true,"_links":{"self":[{"href":"https:\/\/www.ukiritcg.com\/index.php\/wp-json\/wp\/v2\/product\/818","targetHints":{"allow":["GET"]}}],"collection":[{"href":"https:\/\/www.ukiritcg.com\/index.php\/wp-json\/wp\/v2\/product"}],"about":[{"href":"https:\/\/www.ukiritcg.com\/index.php\/wp-json\/wp\/v2\/types\/product"}],"replies":[{"embeddable":true,"href":"https:\/\/www.ukiritcg.com\/index.php\/wp-json\/wp\/v2\/comments?post=818"}],"wp:featuredmedia":[{"embeddable":true,"href":"https:\/\/www.ukiritcg.com\/index.php\/wp-json\/wp\/v2\/media\/814"}],"wp:attachment":[{"href":"https:\/\/www.ukiritcg.com\/index.php\/wp-json\/wp\/v2\/media?parent=818"}],"wp:term":[{"taxonomy":"product_brand","embeddable":true,"href":"https:\/\/www.ukiritcg.com\/index.php\/wp-json\/wp\/v2\/product_brand?post=818"},{"taxonomy":"product_cat","embeddable":true,"href":"https:\/\/www.ukiritcg.com\/index.php\/wp-json\/wp\/v2\/product_cat?post=818"},{"taxonomy":"product_tag","embeddable":true,"href":"https:\/\/www.ukiritcg.com\/index.php\/wp-json\/wp\/v2\/product_tag?post=818"}],"curies":[{"name":"wp","href":"https:\/\/api.w.org\/{rel}","templated":true}]}}