{"id":811,"date":"2025-05-29T18:48:35","date_gmt":"2025-05-29T16:48:35","guid":{"rendered":"https:\/\/www.ukiritcg.com\/?post_type=product&#038;p=811"},"modified":"2025-07-31T12:07:53","modified_gmt":"2025-07-31T10:07:53","slug":"booster-blister-pokemon-astre-radieux-eb10-fr","status":"publish","type":"product","link":"https:\/\/www.ukiritcg.com\/index.php\/produit\/booster-blister-pokemon-astre-radieux-eb10-fr\/","title":{"rendered":"BOOSTER BLISTER POKEMON ASTRE RADIEUX EB10 &#8211; FR"},"content":{"rendered":"<p><strong data-start=\"113\" data-end=\"151\">Illustration du blister al\u00e9atoire.<\/strong><br data-start=\"151\" data-end=\"154\" \/>Plongez dans l\u2019univers de l\u2019extension <em data-start=\"192\" data-end=\"207\">Astre Radieux<\/em> avec ce blister Pok\u00e9mon contenant <strong data-start=\"242\" data-end=\"268\">1 booster de 10 cartes<\/strong> en fran\u00e7ais. Chaque blister peut arborer un visuel diff\u00e9rent parmi ceux disponibles pour cette s\u00e9rie, id\u00e9al pour les collectionneurs et les joueurs en qu\u00eate de surprises !<br data-start=\"440\" data-end=\"443\" data-is-only-node=\"\" \/>Produit neuf, sous blister scell\u00e9 d\u2019origine.<\/p>\n","protected":false},"excerpt":{"rendered":"<p>Illustration du blister al\u00e9atoire.Plongez dans l\u2019univers de l\u2019extension Astre Radieux avec ce blister Pok\u00e9mon contenant 1 booster de 10 cartes en fran\u00e7ais. Chaque blister peut arborer un visuel diff\u00e9rent parmi ceux disponibles pour cette s\u00e9rie, id\u00e9al pour les collectionneurs et les joueurs en qu\u00eate de surprises !Produit neuf, sous blister scell\u00e9 d\u2019origine.<\/p>\n","protected":false},"featured_media":812,"comment_status":"open","ping_status":"closed","template":"","meta":{"_kadence_starter_templates_imported_post":false,"_kad_post_transparent":"default","_kad_post_title":"","_kad_post_layout":"default","_kad_post_sidebar_id":"","_kad_post_content_style":"default","_kad_post_vertical_padding":"default","_kad_post_feature":"","_kad_post_feature_position":"","_kad_post_header":false,"_kad_post_footer":false},"product_brand":[],"product_cat":[18],"product_tag":[],"class_list":{"0":"post-811","1":"product","2":"type-product","3":"status-publish","4":"has-post-thumbnail","6":"product_cat-pokemon-francais","8":"first","9":"instock","10":"purchasable","11":"product-type-simple","12":"entry","13":"content-bg","14":"loop-entry"},"yoast_head":"<!-- This site is optimized with the Yoast SEO plugin v25.1 - https:\/\/yoast.com\/wordpress\/plugins\/seo\/ -->\n<title>BOOSTER BLISTER POKEMON ASTRE RADIEUX EB10 - FR - Ukiri<\/title>\n<meta name=\"robots\" content=\"index, follow, max-snippet:-1, max-image-preview:large, max-video-preview:-1\" \/>\n<link rel=\"canonical\" href=\"https:\/\/www.ukiritcg.com\/index.php\/produit\/booster-blister-pokemon-astre-radieux-eb10-fr\/\" \/>\n<meta property=\"og:locale\" content=\"en_US\" \/>\n<meta property=\"og:type\" content=\"article\" \/>\n<meta property=\"og:title\" content=\"BOOSTER BLISTER POKEMON ASTRE RADIEUX EB10 - FR - Ukiri\" \/>\n<meta property=\"og:description\" content=\"Illustration du blister al\u00e9atoire.Plongez dans l\u2019univers de l\u2019extension Astre Radieux avec ce blister Pok\u00e9mon contenant 1 booster de 10 cartes en fran\u00e7ais. Chaque blister peut arborer un visuel diff\u00e9rent parmi ceux disponibles pour cette s\u00e9rie, id\u00e9al pour les collectionneurs et les joueurs en qu\u00eate de surprises !Produit neuf, sous blister scell\u00e9 d\u2019origine.\" \/>\n<meta property=\"og:url\" content=\"https:\/\/www.ukiritcg.com\/index.php\/produit\/booster-blister-pokemon-astre-radieux-eb10-fr\/\" \/>\n<meta property=\"og:site_name\" content=\"Ukiri\" \/>\n<meta property=\"article:modified_time\" content=\"2025-07-31T10:07:53+00:00\" \/>\n<meta property=\"og:image\" content=\"http:\/\/www.ukiritcg.com\/wp-content\/uploads\/2025\/05\/PIXEL-15.png\" \/>\n\t<meta property=\"og:image:width\" content=\"800\" \/>\n\t<meta property=\"og:image:height\" content=\"800\" \/>\n\t<meta property=\"og:image:type\" content=\"image\/png\" \/>\n<meta name=\"twitter:card\" content=\"summary_large_image\" \/>\n<meta name=\"twitter:label1\" content=\"Est. reading time\" \/>\n\t<meta name=\"twitter:data1\" content=\"1 minute\" \/>\n<script type=\"application\/ld+json\" class=\"yoast-schema-graph\">{\"@context\":\"https:\/\/schema.org\",\"@graph\":[{\"@type\":\"WebPage\",\"@id\":\"https:\/\/www.ukiritcg.com\/index.php\/produit\/booster-blister-pokemon-astre-radieux-eb10-fr\/\",\"url\":\"https:\/\/www.ukiritcg.com\/index.php\/produit\/booster-blister-pokemon-astre-radieux-eb10-fr\/\",\"name\":\"BOOSTER BLISTER POKEMON ASTRE RADIEUX EB10 - FR - Ukiri\",\"isPartOf\":{\"@id\":\"https:\/\/www.ukiritcg.com\/#website\"},\"primaryImageOfPage\":{\"@id\":\"https:\/\/www.ukiritcg.com\/index.php\/produit\/booster-blister-pokemon-astre-radieux-eb10-fr\/#primaryimage\"},\"image\":{\"@id\":\"https:\/\/www.ukiritcg.com\/index.php\/produit\/booster-blister-pokemon-astre-radieux-eb10-fr\/#primaryimage\"},\"thumbnailUrl\":\"https:\/\/www.ukiritcg.com\/wp-content\/uploads\/2025\/05\/PIXEL-15.png\",\"datePublished\":\"2025-05-29T16:48:35+00:00\",\"dateModified\":\"2025-07-31T10:07:53+00:00\",\"breadcrumb\":{\"@id\":\"https:\/\/www.ukiritcg.com\/index.php\/produit\/booster-blister-pokemon-astre-radieux-eb10-fr\/#breadcrumb\"},\"inLanguage\":\"en-US\",\"potentialAction\":[{\"@type\":\"ReadAction\",\"target\":[\"https:\/\/www.ukiritcg.com\/index.php\/produit\/booster-blister-pokemon-astre-radieux-eb10-fr\/\"]}]},{\"@type\":\"ImageObject\",\"inLanguage\":\"en-US\",\"@id\":\"https:\/\/www.ukiritcg.com\/index.php\/produit\/booster-blister-pokemon-astre-radieux-eb10-fr\/#primaryimage\",\"url\":\"https:\/\/www.ukiritcg.com\/wp-content\/uploads\/2025\/05\/PIXEL-15.png\",\"contentUrl\":\"https:\/\/www.ukiritcg.com\/wp-content\/uploads\/2025\/05\/PIXEL-15.png\",\"width\":800,\"height\":800},{\"@type\":\"BreadcrumbList\",\"@id\":\"https:\/\/www.ukiritcg.com\/index.php\/produit\/booster-blister-pokemon-astre-radieux-eb10-fr\/#breadcrumb\",\"itemListElement\":[{\"@type\":\"ListItem\",\"position\":1,\"name\":\"Accueil\",\"item\":\"https:\/\/www.ukiritcg.com\/\"},{\"@type\":\"ListItem\",\"position\":2,\"name\":\"Boutique\",\"item\":\"https:\/\/www.ukiritcg.com\/index.php\/boutique\/\"},{\"@type\":\"ListItem\",\"position\":3,\"name\":\"BOOSTER BLISTER POKEMON ASTRE RADIEUX EB10 &#8211; FR\"}]},{\"@type\":\"WebSite\",\"@id\":\"https:\/\/www.ukiritcg.com\/#website\",\"url\":\"https:\/\/www.ukiritcg.com\/\",\"name\":\"Ukiri\",\"description\":\"Un site utilisant WordPress\",\"publisher\":{\"@id\":\"https:\/\/www.ukiritcg.com\/#organization\"},\"potentialAction\":[{\"@type\":\"SearchAction\",\"target\":{\"@type\":\"EntryPoint\",\"urlTemplate\":\"https:\/\/www.ukiritcg.com\/?s={search_term_string}\"},\"query-input\":{\"@type\":\"PropertyValueSpecification\",\"valueRequired\":true,\"valueName\":\"search_term_string\"}}],\"inLanguage\":\"en-US\"},{\"@type\":\"Organization\",\"@id\":\"https:\/\/www.ukiritcg.com\/#organization\",\"name\":\"Ukiri\",\"url\":\"https:\/\/www.ukiritcg.com\/\",\"logo\":{\"@type\":\"ImageObject\",\"inLanguage\":\"en-US\",\"@id\":\"https:\/\/www.ukiritcg.com\/#\/schema\/logo\/image\/\",\"url\":\"https:\/\/www.ukiritcg.com\/wp-content\/uploads\/2025\/05\/cropped-494356865_4342732035873245_4547235673068364322_n-removebg-preview.png\",\"contentUrl\":\"https:\/\/www.ukiritcg.com\/wp-content\/uploads\/2025\/05\/cropped-494356865_4342732035873245_4547235673068364322_n-removebg-preview.png\",\"width\":499,\"height\":499,\"caption\":\"Ukiri\"},\"image\":{\"@id\":\"https:\/\/www.ukiritcg.com\/#\/schema\/logo\/image\/\"}}]}<\/script>\n<!-- \/ Yoast SEO plugin. -->","yoast_head_json":{"title":"BOOSTER BLISTER POKEMON ASTRE RADIEUX EB10 - FR - Ukiri","robots":{"index":"index","follow":"follow","max-snippet":"max-snippet:-1","max-image-preview":"max-image-preview:large","max-video-preview":"max-video-preview:-1"},"canonical":"https:\/\/www.ukiritcg.com\/index.php\/produit\/booster-blister-pokemon-astre-radieux-eb10-fr\/","og_locale":"en_US","og_type":"article","og_title":"BOOSTER BLISTER POKEMON ASTRE RADIEUX EB10 - FR - Ukiri","og_description":"Illustration du blister al\u00e9atoire.Plongez dans l\u2019univers de l\u2019extension Astre Radieux avec ce blister Pok\u00e9mon contenant 1 booster de 10 cartes en fran\u00e7ais. Chaque blister peut arborer un visuel diff\u00e9rent parmi ceux disponibles pour cette s\u00e9rie, id\u00e9al pour les collectionneurs et les joueurs en qu\u00eate de surprises !Produit neuf, sous blister scell\u00e9 d\u2019origine.","og_url":"https:\/\/www.ukiritcg.com\/index.php\/produit\/booster-blister-pokemon-astre-radieux-eb10-fr\/","og_site_name":"Ukiri","article_modified_time":"2025-07-31T10:07:53+00:00","og_image":[{"width":800,"height":800,"url":"http:\/\/www.ukiritcg.com\/wp-content\/uploads\/2025\/05\/PIXEL-15.png","type":"image\/png"}],"twitter_card":"summary_large_image","twitter_misc":{"Est. reading time":"1 minute"},"schema":{"@context":"https:\/\/schema.org","@graph":[{"@type":"WebPage","@id":"https:\/\/www.ukiritcg.com\/index.php\/produit\/booster-blister-pokemon-astre-radieux-eb10-fr\/","url":"https:\/\/www.ukiritcg.com\/index.php\/produit\/booster-blister-pokemon-astre-radieux-eb10-fr\/","name":"BOOSTER BLISTER POKEMON ASTRE RADIEUX EB10 - FR - Ukiri","isPartOf":{"@id":"https:\/\/www.ukiritcg.com\/#website"},"primaryImageOfPage":{"@id":"https:\/\/www.ukiritcg.com\/index.php\/produit\/booster-blister-pokemon-astre-radieux-eb10-fr\/#primaryimage"},"image":{"@id":"https:\/\/www.ukiritcg.com\/index.php\/produit\/booster-blister-pokemon-astre-radieux-eb10-fr\/#primaryimage"},"thumbnailUrl":"https:\/\/www.ukiritcg.com\/wp-content\/uploads\/2025\/05\/PIXEL-15.png","datePublished":"2025-05-29T16:48:35+00:00","dateModified":"2025-07-31T10:07:53+00:00","breadcrumb":{"@id":"https:\/\/www.ukiritcg.com\/index.php\/produit\/booster-blister-pokemon-astre-radieux-eb10-fr\/#breadcrumb"},"inLanguage":"en-US","potentialAction":[{"@type":"ReadAction","target":["https:\/\/www.ukiritcg.com\/index.php\/produit\/booster-blister-pokemon-astre-radieux-eb10-fr\/"]}]},{"@type":"ImageObject","inLanguage":"en-US","@id":"https:\/\/www.ukiritcg.com\/index.php\/produit\/booster-blister-pokemon-astre-radieux-eb10-fr\/#primaryimage","url":"https:\/\/www.ukiritcg.com\/wp-content\/uploads\/2025\/05\/PIXEL-15.png","contentUrl":"https:\/\/www.ukiritcg.com\/wp-content\/uploads\/2025\/05\/PIXEL-15.png","width":800,"height":800},{"@type":"BreadcrumbList","@id":"https:\/\/www.ukiritcg.com\/index.php\/produit\/booster-blister-pokemon-astre-radieux-eb10-fr\/#breadcrumb","itemListElement":[{"@type":"ListItem","position":1,"name":"Accueil","item":"https:\/\/www.ukiritcg.com\/"},{"@type":"ListItem","position":2,"name":"Boutique","item":"https:\/\/www.ukiritcg.com\/index.php\/boutique\/"},{"@type":"ListItem","position":3,"name":"BOOSTER BLISTER POKEMON ASTRE RADIEUX EB10 &#8211; FR"}]},{"@type":"WebSite","@id":"https:\/\/www.ukiritcg.com\/#website","url":"https:\/\/www.ukiritcg.com\/","name":"Ukiri","description":"Un site utilisant WordPress","publisher":{"@id":"https:\/\/www.ukiritcg.com\/#organization"},"potentialAction":[{"@type":"SearchAction","target":{"@type":"EntryPoint","urlTemplate":"https:\/\/www.ukiritcg.com\/?s={search_term_string}"},"query-input":{"@type":"PropertyValueSpecification","valueRequired":true,"valueName":"search_term_string"}}],"inLanguage":"en-US"},{"@type":"Organization","@id":"https:\/\/www.ukiritcg.com\/#organization","name":"Ukiri","url":"https:\/\/www.ukiritcg.com\/","logo":{"@type":"ImageObject","inLanguage":"en-US","@id":"https:\/\/www.ukiritcg.com\/#\/schema\/logo\/image\/","url":"https:\/\/www.ukiritcg.com\/wp-content\/uploads\/2025\/05\/cropped-494356865_4342732035873245_4547235673068364322_n-removebg-preview.png","contentUrl":"https:\/\/www.ukiritcg.com\/wp-content\/uploads\/2025\/05\/cropped-494356865_4342732035873245_4547235673068364322_n-removebg-preview.png","width":499,"height":499,"caption":"Ukiri"},"image":{"@id":"https:\/\/www.ukiritcg.com\/#\/schema\/logo\/image\/"}}]}},"jetpack_sharing_enabled":true,"_links":{"self":[{"href":"https:\/\/www.ukiritcg.com\/index.php\/wp-json\/wp\/v2\/product\/811","targetHints":{"allow":["GET"]}}],"collection":[{"href":"https:\/\/www.ukiritcg.com\/index.php\/wp-json\/wp\/v2\/product"}],"about":[{"href":"https:\/\/www.ukiritcg.com\/index.php\/wp-json\/wp\/v2\/types\/product"}],"replies":[{"embeddable":true,"href":"https:\/\/www.ukiritcg.com\/index.php\/wp-json\/wp\/v2\/comments?post=811"}],"wp:featuredmedia":[{"embeddable":true,"href":"https:\/\/www.ukiritcg.com\/index.php\/wp-json\/wp\/v2\/media\/812"}],"wp:attachment":[{"href":"https:\/\/www.ukiritcg.com\/index.php\/wp-json\/wp\/v2\/media?parent=811"}],"wp:term":[{"taxonomy":"product_brand","embeddable":true,"href":"https:\/\/www.ukiritcg.com\/index.php\/wp-json\/wp\/v2\/product_brand?post=811"},{"taxonomy":"product_cat","embeddable":true,"href":"https:\/\/www.ukiritcg.com\/index.php\/wp-json\/wp\/v2\/product_cat?post=811"},{"taxonomy":"product_tag","embeddable":true,"href":"https:\/\/www.ukiritcg.com\/index.php\/wp-json\/wp\/v2\/product_tag?post=811"}],"curies":[{"name":"wp","href":"https:\/\/api.w.org\/{rel}","templated":true}]}}