{"id":1430,"date":"2025-09-29T22:50:52","date_gmt":"2025-09-29T20:50:52","guid":{"rendered":"https:\/\/www.ukiritcg.com\/?post_type=product&#038;p=1430"},"modified":"2025-09-29T22:51:06","modified_gmt":"2025-09-29T20:51:06","slug":"coffret-pokemon-center-fukuoka","status":"publish","type":"product","link":"https:\/\/www.ukiritcg.com\/index.php\/produit\/coffret-pokemon-center-fukuoka\/","title":{"rendered":"Coffret Pok\u00e9mon Center Fukuoka"},"content":{"rendered":"<h3 data-start=\"151\" data-end=\"213\">Coffret Pok\u00e9mon Center Fukuoka \u2013 \u00c9dition Exclusive Japon<\/h3>\n<p data-start=\"214\" data-end=\"329\">Plongez dans l\u2019univers unique du Pok\u00e9mon Center Fukuoka avec ce coffret exclusif import\u00e9 directement du Japon. \ud83c\udf38<\/p>\n<p data-start=\"331\" data-end=\"357\"><strong data-start=\"331\" data-end=\"355\">Contenu du coffret :<\/strong><\/p>\n<ul data-start=\"358\" data-end=\"519\">\n<li data-start=\"358\" data-end=\"411\">\n<p data-start=\"360\" data-end=\"411\">Carte Promo pikachu<\/p>\n<\/li>\n<li data-start=\"412\" data-end=\"459\">\n<p data-start=\"414\" data-end=\"459\">Goodies exclusifs au Pok\u00e9mon Center Fukuoka<\/p>\n<\/li>\n<li data-start=\"460\" data-end=\"519\">\n<p data-start=\"462\" data-end=\"519\">Packaging collector aux couleurs de la ville de Fukuoka<\/p>\n<\/li>\n<\/ul>\n<p data-start=\"521\" data-end=\"797\"><strong data-start=\"521\" data-end=\"557\">Pourquoi ce coffret est unique :<\/strong><br data-start=\"557\" data-end=\"560\" \/>Ce coffret est uniquement disponible au <strong data-start=\"600\" data-end=\"629\">Pok\u00e9mon Center de Fukuoka<\/strong>, ce qui en fait une pi\u00e8ce rare et tr\u00e8s recherch\u00e9e par les collectionneurs. Id\u00e9al pour enrichir votre collection ou offrir un cadeau exceptionnel \u00e0 un fan de Pok\u00e9mon.<\/p>\n<p data-start=\"799\" data-end=\"819\"><strong data-start=\"799\" data-end=\"817\">Points forts :<\/strong><\/p>\n<ul data-start=\"820\" data-end=\"1033\">\n<li data-start=\"820\" data-end=\"878\">\n<p data-start=\"822\" data-end=\"878\">\ud83c\udfaf <strong data-start=\"825\" data-end=\"849\">Authentique &amp; scell\u00e9<\/strong> : Import officiel du Japon<\/p>\n<\/li>\n<li data-start=\"879\" data-end=\"958\">\n<p data-start=\"881\" data-end=\"958\">\ud83c\udf0f <strong data-start=\"884\" data-end=\"902\">\u00c9dition locale<\/strong> : Introuvable dans les Pok\u00e9mon Center d\u2019autres villes<\/p>\n<\/li>\n<li data-start=\"959\" data-end=\"1033\">\n<p data-start=\"961\" data-end=\"1033\">\ud83c\udccf <strong data-start=\"964\" data-end=\"985\">Cartes exclusives<\/strong> : Parfait pour les collectionneurs et joueurs<\/p>\n<\/li>\n<\/ul>\n<hr data-start=\"1035\" data-end=\"1038\" \/>\n<p data-start=\"1040\" data-end=\"1214\">\ud83d\udca1 <strong data-start=\"1043\" data-end=\"1065\">Conseil d\u2019expert :<\/strong> En raison de sa raret\u00e9, ce coffret a une <strong data-start=\"1107\" data-end=\"1137\">disponibilit\u00e9 tr\u00e8s limit\u00e9e<\/strong>. Les stocks sont rapidement \u00e9puis\u00e9s, alors ne manquez pas cette occasion !<\/p>\n","protected":false},"excerpt":{"rendered":"<p>Coffret Pok\u00e9mon Center Fukuoka \u2013 \u00c9dition Exclusive Japon Plongez dans l\u2019univers unique du Pok\u00e9mon Center Fukuoka avec ce coffret exclusif import\u00e9 directement du Japon. \ud83c\udf38 Contenu du coffret : Carte Promo pikachu Goodies exclusifs au Pok\u00e9mon Center Fukuoka Packaging collector aux couleurs de la ville de Fukuoka Pourquoi ce coffret est unique :Ce coffret est&#8230;<\/p>\n","protected":false},"featured_media":1431,"comment_status":"open","ping_status":"closed","template":"","meta":{"_kadence_starter_templates_imported_post":false,"_kad_post_transparent":"default","_kad_post_title":"","_kad_post_layout":"default","_kad_post_sidebar_id":"","_kad_post_content_style":"default","_kad_post_vertical_padding":"default","_kad_post_feature":"","_kad_post_feature_position":"","_kad_post_header":false,"_kad_post_footer":false},"product_brand":[],"product_cat":[24,17],"product_tag":[],"class_list":{"0":"post-1430","1":"product","2":"type-product","3":"status-publish","4":"has-post-thumbnail","6":"product_cat-nouvel-arrivage","7":"product_cat-pokemon-japonais","9":"first","10":"instock","11":"sale","12":"purchasable","13":"product-type-simple","14":"entry","15":"content-bg","16":"loop-entry"},"yoast_head":"<!-- This site is optimized with the Yoast SEO plugin v25.1 - https:\/\/yoast.com\/wordpress\/plugins\/seo\/ -->\n<title>Coffret Pok\u00e9mon Center Fukuoka - Ukiri<\/title>\n<meta name=\"robots\" content=\"index, follow, max-snippet:-1, max-image-preview:large, max-video-preview:-1\" \/>\n<link rel=\"canonical\" href=\"https:\/\/www.ukiritcg.com\/index.php\/produit\/coffret-pokemon-center-fukuoka\/\" \/>\n<meta property=\"og:locale\" content=\"en_US\" \/>\n<meta property=\"og:type\" content=\"article\" \/>\n<meta property=\"og:title\" content=\"Coffret Pok\u00e9mon Center Fukuoka - Ukiri\" \/>\n<meta property=\"og:description\" content=\"Coffret Pok\u00e9mon Center Fukuoka \u2013 \u00c9dition Exclusive Japon Plongez dans l\u2019univers unique du Pok\u00e9mon Center Fukuoka avec ce coffret exclusif import\u00e9 directement du Japon. \ud83c\udf38 Contenu du coffret : Carte Promo pikachu Goodies exclusifs au Pok\u00e9mon Center Fukuoka Packaging collector aux couleurs de la ville de Fukuoka Pourquoi ce coffret est unique :Ce coffret est...\" \/>\n<meta property=\"og:url\" content=\"https:\/\/www.ukiritcg.com\/index.php\/produit\/coffret-pokemon-center-fukuoka\/\" \/>\n<meta property=\"og:site_name\" content=\"Ukiri\" \/>\n<meta property=\"article:modified_time\" content=\"2025-09-29T20:51:06+00:00\" \/>\n<meta property=\"og:image\" content=\"http:\/\/www.ukiritcg.com\/wp-content\/uploads\/2025\/09\/PIXEL-60.png\" \/>\n\t<meta property=\"og:image:width\" content=\"800\" \/>\n\t<meta property=\"og:image:height\" content=\"800\" \/>\n\t<meta property=\"og:image:type\" content=\"image\/png\" \/>\n<meta name=\"twitter:card\" content=\"summary_large_image\" \/>\n<meta name=\"twitter:label1\" content=\"Est. reading time\" \/>\n\t<meta name=\"twitter:data1\" content=\"1 minute\" \/>\n<script type=\"application\/ld+json\" class=\"yoast-schema-graph\">{\"@context\":\"https:\/\/schema.org\",\"@graph\":[{\"@type\":\"WebPage\",\"@id\":\"https:\/\/www.ukiritcg.com\/index.php\/produit\/coffret-pokemon-center-fukuoka\/\",\"url\":\"https:\/\/www.ukiritcg.com\/index.php\/produit\/coffret-pokemon-center-fukuoka\/\",\"name\":\"Coffret Pok\u00e9mon Center Fukuoka - Ukiri\",\"isPartOf\":{\"@id\":\"https:\/\/www.ukiritcg.com\/#website\"},\"primaryImageOfPage\":{\"@id\":\"https:\/\/www.ukiritcg.com\/index.php\/produit\/coffret-pokemon-center-fukuoka\/#primaryimage\"},\"image\":{\"@id\":\"https:\/\/www.ukiritcg.com\/index.php\/produit\/coffret-pokemon-center-fukuoka\/#primaryimage\"},\"thumbnailUrl\":\"https:\/\/www.ukiritcg.com\/wp-content\/uploads\/2025\/09\/PIXEL-60.png\",\"datePublished\":\"2025-09-29T20:50:52+00:00\",\"dateModified\":\"2025-09-29T20:51:06+00:00\",\"breadcrumb\":{\"@id\":\"https:\/\/www.ukiritcg.com\/index.php\/produit\/coffret-pokemon-center-fukuoka\/#breadcrumb\"},\"inLanguage\":\"en-US\",\"potentialAction\":[{\"@type\":\"ReadAction\",\"target\":[\"https:\/\/www.ukiritcg.com\/index.php\/produit\/coffret-pokemon-center-fukuoka\/\"]}]},{\"@type\":\"ImageObject\",\"inLanguage\":\"en-US\",\"@id\":\"https:\/\/www.ukiritcg.com\/index.php\/produit\/coffret-pokemon-center-fukuoka\/#primaryimage\",\"url\":\"https:\/\/www.ukiritcg.com\/wp-content\/uploads\/2025\/09\/PIXEL-60.png\",\"contentUrl\":\"https:\/\/www.ukiritcg.com\/wp-content\/uploads\/2025\/09\/PIXEL-60.png\",\"width\":800,\"height\":800},{\"@type\":\"BreadcrumbList\",\"@id\":\"https:\/\/www.ukiritcg.com\/index.php\/produit\/coffret-pokemon-center-fukuoka\/#breadcrumb\",\"itemListElement\":[{\"@type\":\"ListItem\",\"position\":1,\"name\":\"Accueil\",\"item\":\"https:\/\/www.ukiritcg.com\/\"},{\"@type\":\"ListItem\",\"position\":2,\"name\":\"Boutique\",\"item\":\"https:\/\/www.ukiritcg.com\/index.php\/boutique\/\"},{\"@type\":\"ListItem\",\"position\":3,\"name\":\"Coffret Pok\u00e9mon Center Fukuoka\"}]},{\"@type\":\"WebSite\",\"@id\":\"https:\/\/www.ukiritcg.com\/#website\",\"url\":\"https:\/\/www.ukiritcg.com\/\",\"name\":\"Ukiri\",\"description\":\"Un site utilisant WordPress\",\"publisher\":{\"@id\":\"https:\/\/www.ukiritcg.com\/#organization\"},\"potentialAction\":[{\"@type\":\"SearchAction\",\"target\":{\"@type\":\"EntryPoint\",\"urlTemplate\":\"https:\/\/www.ukiritcg.com\/?s={search_term_string}\"},\"query-input\":{\"@type\":\"PropertyValueSpecification\",\"valueRequired\":true,\"valueName\":\"search_term_string\"}}],\"inLanguage\":\"en-US\"},{\"@type\":\"Organization\",\"@id\":\"https:\/\/www.ukiritcg.com\/#organization\",\"name\":\"Ukiri\",\"url\":\"https:\/\/www.ukiritcg.com\/\",\"logo\":{\"@type\":\"ImageObject\",\"inLanguage\":\"en-US\",\"@id\":\"https:\/\/www.ukiritcg.com\/#\/schema\/logo\/image\/\",\"url\":\"https:\/\/www.ukiritcg.com\/wp-content\/uploads\/2025\/05\/cropped-494356865_4342732035873245_4547235673068364322_n-removebg-preview.png\",\"contentUrl\":\"https:\/\/www.ukiritcg.com\/wp-content\/uploads\/2025\/05\/cropped-494356865_4342732035873245_4547235673068364322_n-removebg-preview.png\",\"width\":499,\"height\":499,\"caption\":\"Ukiri\"},\"image\":{\"@id\":\"https:\/\/www.ukiritcg.com\/#\/schema\/logo\/image\/\"}}]}<\/script>\n<!-- \/ Yoast SEO plugin. -->","yoast_head_json":{"title":"Coffret Pok\u00e9mon Center Fukuoka - Ukiri","robots":{"index":"index","follow":"follow","max-snippet":"max-snippet:-1","max-image-preview":"max-image-preview:large","max-video-preview":"max-video-preview:-1"},"canonical":"https:\/\/www.ukiritcg.com\/index.php\/produit\/coffret-pokemon-center-fukuoka\/","og_locale":"en_US","og_type":"article","og_title":"Coffret Pok\u00e9mon Center Fukuoka - Ukiri","og_description":"Coffret Pok\u00e9mon Center Fukuoka \u2013 \u00c9dition Exclusive Japon Plongez dans l\u2019univers unique du Pok\u00e9mon Center Fukuoka avec ce coffret exclusif import\u00e9 directement du Japon. \ud83c\udf38 Contenu du coffret : Carte Promo pikachu Goodies exclusifs au Pok\u00e9mon Center Fukuoka Packaging collector aux couleurs de la ville de Fukuoka Pourquoi ce coffret est unique :Ce coffret est...","og_url":"https:\/\/www.ukiritcg.com\/index.php\/produit\/coffret-pokemon-center-fukuoka\/","og_site_name":"Ukiri","article_modified_time":"2025-09-29T20:51:06+00:00","og_image":[{"width":800,"height":800,"url":"http:\/\/www.ukiritcg.com\/wp-content\/uploads\/2025\/09\/PIXEL-60.png","type":"image\/png"}],"twitter_card":"summary_large_image","twitter_misc":{"Est. reading time":"1 minute"},"schema":{"@context":"https:\/\/schema.org","@graph":[{"@type":"WebPage","@id":"https:\/\/www.ukiritcg.com\/index.php\/produit\/coffret-pokemon-center-fukuoka\/","url":"https:\/\/www.ukiritcg.com\/index.php\/produit\/coffret-pokemon-center-fukuoka\/","name":"Coffret Pok\u00e9mon Center Fukuoka - Ukiri","isPartOf":{"@id":"https:\/\/www.ukiritcg.com\/#website"},"primaryImageOfPage":{"@id":"https:\/\/www.ukiritcg.com\/index.php\/produit\/coffret-pokemon-center-fukuoka\/#primaryimage"},"image":{"@id":"https:\/\/www.ukiritcg.com\/index.php\/produit\/coffret-pokemon-center-fukuoka\/#primaryimage"},"thumbnailUrl":"https:\/\/www.ukiritcg.com\/wp-content\/uploads\/2025\/09\/PIXEL-60.png","datePublished":"2025-09-29T20:50:52+00:00","dateModified":"2025-09-29T20:51:06+00:00","breadcrumb":{"@id":"https:\/\/www.ukiritcg.com\/index.php\/produit\/coffret-pokemon-center-fukuoka\/#breadcrumb"},"inLanguage":"en-US","potentialAction":[{"@type":"ReadAction","target":["https:\/\/www.ukiritcg.com\/index.php\/produit\/coffret-pokemon-center-fukuoka\/"]}]},{"@type":"ImageObject","inLanguage":"en-US","@id":"https:\/\/www.ukiritcg.com\/index.php\/produit\/coffret-pokemon-center-fukuoka\/#primaryimage","url":"https:\/\/www.ukiritcg.com\/wp-content\/uploads\/2025\/09\/PIXEL-60.png","contentUrl":"https:\/\/www.ukiritcg.com\/wp-content\/uploads\/2025\/09\/PIXEL-60.png","width":800,"height":800},{"@type":"BreadcrumbList","@id":"https:\/\/www.ukiritcg.com\/index.php\/produit\/coffret-pokemon-center-fukuoka\/#breadcrumb","itemListElement":[{"@type":"ListItem","position":1,"name":"Accueil","item":"https:\/\/www.ukiritcg.com\/"},{"@type":"ListItem","position":2,"name":"Boutique","item":"https:\/\/www.ukiritcg.com\/index.php\/boutique\/"},{"@type":"ListItem","position":3,"name":"Coffret Pok\u00e9mon Center Fukuoka"}]},{"@type":"WebSite","@id":"https:\/\/www.ukiritcg.com\/#website","url":"https:\/\/www.ukiritcg.com\/","name":"Ukiri","description":"Un site utilisant WordPress","publisher":{"@id":"https:\/\/www.ukiritcg.com\/#organization"},"potentialAction":[{"@type":"SearchAction","target":{"@type":"EntryPoint","urlTemplate":"https:\/\/www.ukiritcg.com\/?s={search_term_string}"},"query-input":{"@type":"PropertyValueSpecification","valueRequired":true,"valueName":"search_term_string"}}],"inLanguage":"en-US"},{"@type":"Organization","@id":"https:\/\/www.ukiritcg.com\/#organization","name":"Ukiri","url":"https:\/\/www.ukiritcg.com\/","logo":{"@type":"ImageObject","inLanguage":"en-US","@id":"https:\/\/www.ukiritcg.com\/#\/schema\/logo\/image\/","url":"https:\/\/www.ukiritcg.com\/wp-content\/uploads\/2025\/05\/cropped-494356865_4342732035873245_4547235673068364322_n-removebg-preview.png","contentUrl":"https:\/\/www.ukiritcg.com\/wp-content\/uploads\/2025\/05\/cropped-494356865_4342732035873245_4547235673068364322_n-removebg-preview.png","width":499,"height":499,"caption":"Ukiri"},"image":{"@id":"https:\/\/www.ukiritcg.com\/#\/schema\/logo\/image\/"}}]}},"jetpack_sharing_enabled":true,"_links":{"self":[{"href":"https:\/\/www.ukiritcg.com\/index.php\/wp-json\/wp\/v2\/product\/1430","targetHints":{"allow":["GET"]}}],"collection":[{"href":"https:\/\/www.ukiritcg.com\/index.php\/wp-json\/wp\/v2\/product"}],"about":[{"href":"https:\/\/www.ukiritcg.com\/index.php\/wp-json\/wp\/v2\/types\/product"}],"replies":[{"embeddable":true,"href":"https:\/\/www.ukiritcg.com\/index.php\/wp-json\/wp\/v2\/comments?post=1430"}],"wp:featuredmedia":[{"embeddable":true,"href":"https:\/\/www.ukiritcg.com\/index.php\/wp-json\/wp\/v2\/media\/1431"}],"wp:attachment":[{"href":"https:\/\/www.ukiritcg.com\/index.php\/wp-json\/wp\/v2\/media?parent=1430"}],"wp:term":[{"taxonomy":"product_brand","embeddable":true,"href":"https:\/\/www.ukiritcg.com\/index.php\/wp-json\/wp\/v2\/product_brand?post=1430"},{"taxonomy":"product_cat","embeddable":true,"href":"https:\/\/www.ukiritcg.com\/index.php\/wp-json\/wp\/v2\/product_cat?post=1430"},{"taxonomy":"product_tag","embeddable":true,"href":"https:\/\/www.ukiritcg.com\/index.php\/wp-json\/wp\/v2\/product_tag?post=1430"}],"curies":[{"name":"wp","href":"https:\/\/api.w.org\/{rel}","templated":true}]}}