{"id":1415,"date":"2025-09-26T18:41:05","date_gmt":"2025-09-26T16:41:05","guid":{"rendered":"https:\/\/www.ukiritcg.com\/?post_type=product&#038;p=1415"},"modified":"2025-10-02T17:11:22","modified_gmt":"2025-10-02T15:11:22","slug":"booster-151c-volume-3-cn","status":"publish","type":"product","link":"https:\/\/www.ukiritcg.com\/index.php\/produit\/booster-151c-volume-3-cn\/","title":{"rendered":"BOOSTER 151C VOLUME 3 &#8211; CN"},"content":{"rendered":"<h3 data-start=\"86\" data-end=\"132\"><strong data-start=\"90\" data-end=\"130\">Booster Pok\u00e9mon 151C \u2013 Volume 3 (CN)<\/strong><\/h3>\n<p data-start=\"133\" data-end=\"393\">D\u00e9couvrez le <strong data-start=\"146\" data-end=\"198\">booster Pok\u00e9mon 151C Volume 3 \u2013 \u00c9dition Chinoise<\/strong>, parfait pour les collectionneurs et amateurs d\u2019ouverture.<br data-start=\"257\" data-end=\"260\" \/>Chaque booster est <strong data-start=\"279\" data-end=\"308\">garanti 100 % authentique<\/strong>, <strong data-start=\"310\" data-end=\"322\">non pes\u00e9<\/strong> et <strong data-start=\"326\" data-end=\"338\">non tri\u00e9<\/strong>, pour une exp\u00e9rience de tirage totalement \u00e9quitable.<\/p>\n<p data-start=\"395\" data-end=\"419\"><strong data-start=\"395\" data-end=\"417\">Caract\u00e9ristiques :<\/strong><\/p>\n<ul data-start=\"420\" data-end=\"571\">\n<li data-start=\"420\" data-end=\"451\">\n<p data-start=\"422\" data-end=\"451\">\u00c9dition : <strong data-start=\"432\" data-end=\"449\">Volume 3 \u2013 CN<\/strong><\/p>\n<\/li>\n<li data-start=\"452\" data-end=\"482\">\n<p data-start=\"454\" data-end=\"482\">Contenu : 1 booster scell\u00e9<\/p>\n<\/li>\n<li data-start=\"483\" data-end=\"526\">\n<p data-start=\"485\" data-end=\"526\">Condition : Neuf, sous scell\u00e9 d\u2019origine<\/p>\n<\/li>\n<li data-start=\"527\" data-end=\"571\">\n<p data-start=\"529\" data-end=\"571\">Authenticit\u00e9 : <strong data-start=\"544\" data-end=\"569\">Certifi\u00e9e et v\u00e9rifi\u00e9e<\/strong><\/p>\n<\/li>\n<\/ul>\n<p data-start=\"573\" data-end=\"593\"><strong data-start=\"573\" data-end=\"591\">Points forts :<\/strong><\/p>\n<ul data-start=\"594\" data-end=\"777\">\n<li data-start=\"594\" data-end=\"637\">\n<p data-start=\"596\" data-end=\"637\"><strong data-start=\"596\" data-end=\"635\">Garantie 100 % non pes\u00e9 et non tri\u00e9<\/strong><\/p>\n<\/li>\n<li data-start=\"638\" data-end=\"706\">\n<p data-start=\"640\" data-end=\"706\">Id\u00e9al pour compl\u00e9ter votre collection ou pour une ouverture live<\/p>\n<\/li>\n<li data-start=\"707\" data-end=\"777\">\n<p data-start=\"709\" data-end=\"777\">Exp\u00e9dition rapide et emballage soign\u00e9 pour une protection maximale<\/p>\n<\/li>\n<\/ul>\n","protected":false},"excerpt":{"rendered":"<p>Booster Pok\u00e9mon 151C \u2013 Volume 3 (CN) D\u00e9couvrez le booster Pok\u00e9mon 151C Volume 3 \u2013 \u00c9dition Chinoise, parfait pour les collectionneurs et amateurs d\u2019ouverture.Chaque booster est garanti 100 % authentique, non pes\u00e9 et non tri\u00e9, pour une exp\u00e9rience de tirage totalement \u00e9quitable. Caract\u00e9ristiques : \u00c9dition : Volume 3 \u2013 CN Contenu : 1 booster scell\u00e9&#8230;<\/p>\n","protected":false},"featured_media":1416,"comment_status":"open","ping_status":"closed","template":"","meta":{"_kadence_starter_templates_imported_post":false,"_kad_post_transparent":"default","_kad_post_title":"","_kad_post_layout":"default","_kad_post_sidebar_id":"","_kad_post_content_style":"default","_kad_post_vertical_padding":"default","_kad_post_feature":"","_kad_post_feature_position":"","_kad_post_header":false,"_kad_post_footer":false},"product_brand":[],"product_cat":[24,19],"product_tag":[],"class_list":{"0":"post-1415","1":"product","2":"type-product","3":"status-publish","4":"has-post-thumbnail","6":"product_cat-nouvel-arrivage","7":"product_cat-pokemon-chinois","9":"first","10":"instock","11":"sale","12":"purchasable","13":"product-type-simple","14":"entry","15":"content-bg","16":"loop-entry"},"yoast_head":"<!-- This site is optimized with the Yoast SEO plugin v25.1 - https:\/\/yoast.com\/wordpress\/plugins\/seo\/ -->\n<title>BOOSTER 151C VOLUME 3 - CN - Ukiri<\/title>\n<meta name=\"robots\" content=\"index, follow, max-snippet:-1, max-image-preview:large, max-video-preview:-1\" \/>\n<link rel=\"canonical\" href=\"https:\/\/www.ukiritcg.com\/index.php\/produit\/booster-151c-volume-3-cn\/\" \/>\n<meta property=\"og:locale\" content=\"en_US\" \/>\n<meta property=\"og:type\" content=\"article\" \/>\n<meta property=\"og:title\" content=\"BOOSTER 151C VOLUME 3 - CN - Ukiri\" \/>\n<meta property=\"og:description\" content=\"Booster Pok\u00e9mon 151C \u2013 Volume 3 (CN) D\u00e9couvrez le booster Pok\u00e9mon 151C Volume 3 \u2013 \u00c9dition Chinoise, parfait pour les collectionneurs et amateurs d\u2019ouverture.Chaque booster est garanti 100 % authentique, non pes\u00e9 et non tri\u00e9, pour une exp\u00e9rience de tirage totalement \u00e9quitable. Caract\u00e9ristiques : \u00c9dition : Volume 3 \u2013 CN Contenu : 1 booster scell\u00e9...\" \/>\n<meta property=\"og:url\" content=\"https:\/\/www.ukiritcg.com\/index.php\/produit\/booster-151c-volume-3-cn\/\" \/>\n<meta property=\"og:site_name\" content=\"Ukiri\" \/>\n<meta property=\"article:modified_time\" content=\"2025-10-02T15:11:22+00:00\" \/>\n<meta property=\"og:image\" content=\"http:\/\/www.ukiritcg.com\/wp-content\/uploads\/2025\/09\/PIXEL-59.png\" \/>\n\t<meta property=\"og:image:width\" content=\"800\" \/>\n\t<meta property=\"og:image:height\" content=\"800\" \/>\n\t<meta property=\"og:image:type\" content=\"image\/png\" \/>\n<meta name=\"twitter:card\" content=\"summary_large_image\" \/>\n<meta name=\"twitter:label1\" content=\"Est. reading time\" \/>\n\t<meta name=\"twitter:data1\" content=\"1 minute\" \/>\n<script type=\"application\/ld+json\" class=\"yoast-schema-graph\">{\"@context\":\"https:\/\/schema.org\",\"@graph\":[{\"@type\":\"WebPage\",\"@id\":\"https:\/\/www.ukiritcg.com\/index.php\/produit\/booster-151c-volume-3-cn\/\",\"url\":\"https:\/\/www.ukiritcg.com\/index.php\/produit\/booster-151c-volume-3-cn\/\",\"name\":\"BOOSTER 151C VOLUME 3 - CN - Ukiri\",\"isPartOf\":{\"@id\":\"https:\/\/www.ukiritcg.com\/#website\"},\"primaryImageOfPage\":{\"@id\":\"https:\/\/www.ukiritcg.com\/index.php\/produit\/booster-151c-volume-3-cn\/#primaryimage\"},\"image\":{\"@id\":\"https:\/\/www.ukiritcg.com\/index.php\/produit\/booster-151c-volume-3-cn\/#primaryimage\"},\"thumbnailUrl\":\"https:\/\/www.ukiritcg.com\/wp-content\/uploads\/2025\/09\/PIXEL-59.png\",\"datePublished\":\"2025-09-26T16:41:05+00:00\",\"dateModified\":\"2025-10-02T15:11:22+00:00\",\"breadcrumb\":{\"@id\":\"https:\/\/www.ukiritcg.com\/index.php\/produit\/booster-151c-volume-3-cn\/#breadcrumb\"},\"inLanguage\":\"en-US\",\"potentialAction\":[{\"@type\":\"ReadAction\",\"target\":[\"https:\/\/www.ukiritcg.com\/index.php\/produit\/booster-151c-volume-3-cn\/\"]}]},{\"@type\":\"ImageObject\",\"inLanguage\":\"en-US\",\"@id\":\"https:\/\/www.ukiritcg.com\/index.php\/produit\/booster-151c-volume-3-cn\/#primaryimage\",\"url\":\"https:\/\/www.ukiritcg.com\/wp-content\/uploads\/2025\/09\/PIXEL-59.png\",\"contentUrl\":\"https:\/\/www.ukiritcg.com\/wp-content\/uploads\/2025\/09\/PIXEL-59.png\",\"width\":800,\"height\":800},{\"@type\":\"BreadcrumbList\",\"@id\":\"https:\/\/www.ukiritcg.com\/index.php\/produit\/booster-151c-volume-3-cn\/#breadcrumb\",\"itemListElement\":[{\"@type\":\"ListItem\",\"position\":1,\"name\":\"Accueil\",\"item\":\"https:\/\/www.ukiritcg.com\/\"},{\"@type\":\"ListItem\",\"position\":2,\"name\":\"Boutique\",\"item\":\"https:\/\/www.ukiritcg.com\/index.php\/boutique\/\"},{\"@type\":\"ListItem\",\"position\":3,\"name\":\"BOOSTER 151C VOLUME 3 &#8211; CN\"}]},{\"@type\":\"WebSite\",\"@id\":\"https:\/\/www.ukiritcg.com\/#website\",\"url\":\"https:\/\/www.ukiritcg.com\/\",\"name\":\"Ukiri\",\"description\":\"Un site utilisant WordPress\",\"publisher\":{\"@id\":\"https:\/\/www.ukiritcg.com\/#organization\"},\"potentialAction\":[{\"@type\":\"SearchAction\",\"target\":{\"@type\":\"EntryPoint\",\"urlTemplate\":\"https:\/\/www.ukiritcg.com\/?s={search_term_string}\"},\"query-input\":{\"@type\":\"PropertyValueSpecification\",\"valueRequired\":true,\"valueName\":\"search_term_string\"}}],\"inLanguage\":\"en-US\"},{\"@type\":\"Organization\",\"@id\":\"https:\/\/www.ukiritcg.com\/#organization\",\"name\":\"Ukiri\",\"url\":\"https:\/\/www.ukiritcg.com\/\",\"logo\":{\"@type\":\"ImageObject\",\"inLanguage\":\"en-US\",\"@id\":\"https:\/\/www.ukiritcg.com\/#\/schema\/logo\/image\/\",\"url\":\"https:\/\/www.ukiritcg.com\/wp-content\/uploads\/2025\/05\/cropped-494356865_4342732035873245_4547235673068364322_n-removebg-preview.png\",\"contentUrl\":\"https:\/\/www.ukiritcg.com\/wp-content\/uploads\/2025\/05\/cropped-494356865_4342732035873245_4547235673068364322_n-removebg-preview.png\",\"width\":499,\"height\":499,\"caption\":\"Ukiri\"},\"image\":{\"@id\":\"https:\/\/www.ukiritcg.com\/#\/schema\/logo\/image\/\"}}]}<\/script>\n<!-- \/ Yoast SEO plugin. -->","yoast_head_json":{"title":"BOOSTER 151C VOLUME 3 - CN - Ukiri","robots":{"index":"index","follow":"follow","max-snippet":"max-snippet:-1","max-image-preview":"max-image-preview:large","max-video-preview":"max-video-preview:-1"},"canonical":"https:\/\/www.ukiritcg.com\/index.php\/produit\/booster-151c-volume-3-cn\/","og_locale":"en_US","og_type":"article","og_title":"BOOSTER 151C VOLUME 3 - CN - Ukiri","og_description":"Booster Pok\u00e9mon 151C \u2013 Volume 3 (CN) D\u00e9couvrez le booster Pok\u00e9mon 151C Volume 3 \u2013 \u00c9dition Chinoise, parfait pour les collectionneurs et amateurs d\u2019ouverture.Chaque booster est garanti 100 % authentique, non pes\u00e9 et non tri\u00e9, pour une exp\u00e9rience de tirage totalement \u00e9quitable. Caract\u00e9ristiques : \u00c9dition : Volume 3 \u2013 CN Contenu : 1 booster scell\u00e9...","og_url":"https:\/\/www.ukiritcg.com\/index.php\/produit\/booster-151c-volume-3-cn\/","og_site_name":"Ukiri","article_modified_time":"2025-10-02T15:11:22+00:00","og_image":[{"width":800,"height":800,"url":"http:\/\/www.ukiritcg.com\/wp-content\/uploads\/2025\/09\/PIXEL-59.png","type":"image\/png"}],"twitter_card":"summary_large_image","twitter_misc":{"Est. reading time":"1 minute"},"schema":{"@context":"https:\/\/schema.org","@graph":[{"@type":"WebPage","@id":"https:\/\/www.ukiritcg.com\/index.php\/produit\/booster-151c-volume-3-cn\/","url":"https:\/\/www.ukiritcg.com\/index.php\/produit\/booster-151c-volume-3-cn\/","name":"BOOSTER 151C VOLUME 3 - CN - Ukiri","isPartOf":{"@id":"https:\/\/www.ukiritcg.com\/#website"},"primaryImageOfPage":{"@id":"https:\/\/www.ukiritcg.com\/index.php\/produit\/booster-151c-volume-3-cn\/#primaryimage"},"image":{"@id":"https:\/\/www.ukiritcg.com\/index.php\/produit\/booster-151c-volume-3-cn\/#primaryimage"},"thumbnailUrl":"https:\/\/www.ukiritcg.com\/wp-content\/uploads\/2025\/09\/PIXEL-59.png","datePublished":"2025-09-26T16:41:05+00:00","dateModified":"2025-10-02T15:11:22+00:00","breadcrumb":{"@id":"https:\/\/www.ukiritcg.com\/index.php\/produit\/booster-151c-volume-3-cn\/#breadcrumb"},"inLanguage":"en-US","potentialAction":[{"@type":"ReadAction","target":["https:\/\/www.ukiritcg.com\/index.php\/produit\/booster-151c-volume-3-cn\/"]}]},{"@type":"ImageObject","inLanguage":"en-US","@id":"https:\/\/www.ukiritcg.com\/index.php\/produit\/booster-151c-volume-3-cn\/#primaryimage","url":"https:\/\/www.ukiritcg.com\/wp-content\/uploads\/2025\/09\/PIXEL-59.png","contentUrl":"https:\/\/www.ukiritcg.com\/wp-content\/uploads\/2025\/09\/PIXEL-59.png","width":800,"height":800},{"@type":"BreadcrumbList","@id":"https:\/\/www.ukiritcg.com\/index.php\/produit\/booster-151c-volume-3-cn\/#breadcrumb","itemListElement":[{"@type":"ListItem","position":1,"name":"Accueil","item":"https:\/\/www.ukiritcg.com\/"},{"@type":"ListItem","position":2,"name":"Boutique","item":"https:\/\/www.ukiritcg.com\/index.php\/boutique\/"},{"@type":"ListItem","position":3,"name":"BOOSTER 151C VOLUME 3 &#8211; CN"}]},{"@type":"WebSite","@id":"https:\/\/www.ukiritcg.com\/#website","url":"https:\/\/www.ukiritcg.com\/","name":"Ukiri","description":"Un site utilisant WordPress","publisher":{"@id":"https:\/\/www.ukiritcg.com\/#organization"},"potentialAction":[{"@type":"SearchAction","target":{"@type":"EntryPoint","urlTemplate":"https:\/\/www.ukiritcg.com\/?s={search_term_string}"},"query-input":{"@type":"PropertyValueSpecification","valueRequired":true,"valueName":"search_term_string"}}],"inLanguage":"en-US"},{"@type":"Organization","@id":"https:\/\/www.ukiritcg.com\/#organization","name":"Ukiri","url":"https:\/\/www.ukiritcg.com\/","logo":{"@type":"ImageObject","inLanguage":"en-US","@id":"https:\/\/www.ukiritcg.com\/#\/schema\/logo\/image\/","url":"https:\/\/www.ukiritcg.com\/wp-content\/uploads\/2025\/05\/cropped-494356865_4342732035873245_4547235673068364322_n-removebg-preview.png","contentUrl":"https:\/\/www.ukiritcg.com\/wp-content\/uploads\/2025\/05\/cropped-494356865_4342732035873245_4547235673068364322_n-removebg-preview.png","width":499,"height":499,"caption":"Ukiri"},"image":{"@id":"https:\/\/www.ukiritcg.com\/#\/schema\/logo\/image\/"}}]}},"jetpack_sharing_enabled":true,"_links":{"self":[{"href":"https:\/\/www.ukiritcg.com\/index.php\/wp-json\/wp\/v2\/product\/1415","targetHints":{"allow":["GET"]}}],"collection":[{"href":"https:\/\/www.ukiritcg.com\/index.php\/wp-json\/wp\/v2\/product"}],"about":[{"href":"https:\/\/www.ukiritcg.com\/index.php\/wp-json\/wp\/v2\/types\/product"}],"replies":[{"embeddable":true,"href":"https:\/\/www.ukiritcg.com\/index.php\/wp-json\/wp\/v2\/comments?post=1415"}],"wp:featuredmedia":[{"embeddable":true,"href":"https:\/\/www.ukiritcg.com\/index.php\/wp-json\/wp\/v2\/media\/1416"}],"wp:attachment":[{"href":"https:\/\/www.ukiritcg.com\/index.php\/wp-json\/wp\/v2\/media?parent=1415"}],"wp:term":[{"taxonomy":"product_brand","embeddable":true,"href":"https:\/\/www.ukiritcg.com\/index.php\/wp-json\/wp\/v2\/product_brand?post=1415"},{"taxonomy":"product_cat","embeddable":true,"href":"https:\/\/www.ukiritcg.com\/index.php\/wp-json\/wp\/v2\/product_cat?post=1415"},{"taxonomy":"product_tag","embeddable":true,"href":"https:\/\/www.ukiritcg.com\/index.php\/wp-json\/wp\/v2\/product_tag?post=1415"}],"curies":[{"name":"wp","href":"https:\/\/api.w.org\/{rel}","templated":true}]}}