{"id":1401,"date":"2025-09-11T11:35:53","date_gmt":"2025-09-11T09:35:53","guid":{"rendered":"https:\/\/www.ukiritcg.com\/?post_type=product&#038;p=1401"},"modified":"2025-09-27T22:12:46","modified_gmt":"2025-09-27T20:12:46","slug":"mid-autumn-moon-festival-gift-box-pokemon-chinois-simplifie","status":"publish","type":"product","link":"https:\/\/www.ukiritcg.com\/index.php\/produit\/mid-autumn-moon-festival-gift-box-pokemon-chinois-simplifie\/","title":{"rendered":"Mid-Autumn Moon Festival Gift Box &#8211; Pokemon Chinois Simplifi\u00e9"},"content":{"rendered":"<p data-start=\"153\" data-end=\"228\">Pr\u00e9commande \ud83c\udf91 <strong data-start=\"156\" data-end=\"226\">Coffret Pok\u00e9mon \u2013 F\u00eate de la Lune 2025 (Festival de la Mi-Automne)<\/strong><\/p>\n<p data-start=\"230\" data-end=\"399\">C\u00e9l\u00e9brez la F\u00eate de la Lune, aussi appel\u00e9e F\u00eate de la Mi-Automne, aux c\u00f4t\u00e9s de vos Pok\u00e9mon pr\u00e9f\u00e9r\u00e9s ! Ce coffret en \u00e9dition limit\u00e9e r\u00e9unit tradition et magie Pok\u00e9mon :<\/p>\n<p data-start=\"401\" data-end=\"601\">\ud83c\udf42 <strong data-start=\"404\" data-end=\"434\">Une assiette de collection<\/strong> (15,8 cm de diam\u00e8tre) d\u00e9cor\u00e9e de Pikachu, Carapuce, Brindibou, Rondoudou et Roucarnage contemplant la pleine lune \u2013 id\u00e9ale \u00e0 exposer ou pour savourer vos mooncakes.<\/p>\n<p data-start=\"603\" data-end=\"899\">\ud83c\udfee <strong data-start=\"606\" data-end=\"635\">Un cadre lumineux Pok\u00e9mon<\/strong> en bois, faisant office \u00e0 la fois de lampe de bureau et de lanterne d\u00e9corative. Une fois allum\u00e9, il r\u00e9v\u00e8le Pikachu, \u00c9voli, Salam\u00e8che et leurs amis profitant d\u2019une douce nuit \u00e9toil\u00e9e. Ce clin d\u2019\u0153il aux lanternes traditionnelles \u00e9voque lumi\u00e8re, espoir et partage.<\/p>\n<p data-start=\"901\" data-end=\"1019\">\u2728 <strong data-start=\"903\" data-end=\"964\">Un booster g\u00e9ant sp\u00e9cial \u201cCollecte 151 \u2013 Gengar Surprise\u201d<\/strong> contenant 25 cartes, pour un bonus collector unique.<\/p>\n","protected":false},"excerpt":{"rendered":"<p>Pr\u00e9commande \ud83c\udf91 Coffret Pok\u00e9mon \u2013 F\u00eate de la Lune 2025 (Festival de la Mi-Automne) C\u00e9l\u00e9brez la F\u00eate de la Lune, aussi appel\u00e9e F\u00eate de la Mi-Automne, aux c\u00f4t\u00e9s de vos Pok\u00e9mon pr\u00e9f\u00e9r\u00e9s ! Ce coffret en \u00e9dition limit\u00e9e r\u00e9unit tradition et magie Pok\u00e9mon : \ud83c\udf42 Une assiette de collection (15,8 cm de diam\u00e8tre) d\u00e9cor\u00e9e de&#8230;<\/p>\n","protected":false},"featured_media":1402,"comment_status":"open","ping_status":"closed","template":"","meta":{"_kadence_starter_templates_imported_post":false,"_kad_post_transparent":"default","_kad_post_title":"","_kad_post_layout":"default","_kad_post_sidebar_id":"","_kad_post_content_style":"default","_kad_post_vertical_padding":"default","_kad_post_feature":"","_kad_post_feature_position":"","_kad_post_header":false,"_kad_post_footer":false},"product_brand":[],"product_cat":[24,19],"product_tag":[],"class_list":{"0":"post-1401","1":"product","2":"type-product","3":"status-publish","4":"has-post-thumbnail","6":"product_cat-nouvel-arrivage","7":"product_cat-pokemon-chinois","9":"first","10":"instock","11":"purchasable","12":"product-type-simple","13":"entry","14":"content-bg","15":"loop-entry"},"yoast_head":"<!-- This site is optimized with the Yoast SEO plugin v25.1 - https:\/\/yoast.com\/wordpress\/plugins\/seo\/ -->\n<title>Mid-Autumn Moon Festival Gift Box - Pokemon Chinois Simplifi\u00e9 - Ukiri<\/title>\n<meta name=\"robots\" content=\"index, follow, max-snippet:-1, max-image-preview:large, max-video-preview:-1\" \/>\n<link rel=\"canonical\" href=\"https:\/\/www.ukiritcg.com\/index.php\/produit\/mid-autumn-moon-festival-gift-box-pokemon-chinois-simplifie\/\" \/>\n<meta property=\"og:locale\" content=\"en_US\" \/>\n<meta property=\"og:type\" content=\"article\" \/>\n<meta property=\"og:title\" content=\"Mid-Autumn Moon Festival Gift Box - Pokemon Chinois Simplifi\u00e9 - Ukiri\" \/>\n<meta property=\"og:description\" content=\"Pr\u00e9commande \ud83c\udf91 Coffret Pok\u00e9mon \u2013 F\u00eate de la Lune 2025 (Festival de la Mi-Automne) C\u00e9l\u00e9brez la F\u00eate de la Lune, aussi appel\u00e9e F\u00eate de la Mi-Automne, aux c\u00f4t\u00e9s de vos Pok\u00e9mon pr\u00e9f\u00e9r\u00e9s ! Ce coffret en \u00e9dition limit\u00e9e r\u00e9unit tradition et magie Pok\u00e9mon : \ud83c\udf42 Une assiette de collection (15,8 cm de diam\u00e8tre) d\u00e9cor\u00e9e de...\" \/>\n<meta property=\"og:url\" content=\"https:\/\/www.ukiritcg.com\/index.php\/produit\/mid-autumn-moon-festival-gift-box-pokemon-chinois-simplifie\/\" \/>\n<meta property=\"og:site_name\" content=\"Ukiri\" \/>\n<meta property=\"article:modified_time\" content=\"2025-09-27T20:12:46+00:00\" \/>\n<meta property=\"og:image\" content=\"http:\/\/www.ukiritcg.com\/wp-content\/uploads\/2025\/09\/PIXEL-57.png\" \/>\n\t<meta property=\"og:image:width\" content=\"800\" \/>\n\t<meta property=\"og:image:height\" content=\"800\" \/>\n\t<meta property=\"og:image:type\" content=\"image\/png\" \/>\n<meta name=\"twitter:card\" content=\"summary_large_image\" \/>\n<meta name=\"twitter:label1\" content=\"Est. reading time\" \/>\n\t<meta name=\"twitter:data1\" content=\"1 minute\" \/>\n<script type=\"application\/ld+json\" class=\"yoast-schema-graph\">{\"@context\":\"https:\/\/schema.org\",\"@graph\":[{\"@type\":\"WebPage\",\"@id\":\"https:\/\/www.ukiritcg.com\/index.php\/produit\/mid-autumn-moon-festival-gift-box-pokemon-chinois-simplifie\/\",\"url\":\"https:\/\/www.ukiritcg.com\/index.php\/produit\/mid-autumn-moon-festival-gift-box-pokemon-chinois-simplifie\/\",\"name\":\"Mid-Autumn Moon Festival Gift Box - Pokemon Chinois Simplifi\u00e9 - Ukiri\",\"isPartOf\":{\"@id\":\"https:\/\/www.ukiritcg.com\/#website\"},\"primaryImageOfPage\":{\"@id\":\"https:\/\/www.ukiritcg.com\/index.php\/produit\/mid-autumn-moon-festival-gift-box-pokemon-chinois-simplifie\/#primaryimage\"},\"image\":{\"@id\":\"https:\/\/www.ukiritcg.com\/index.php\/produit\/mid-autumn-moon-festival-gift-box-pokemon-chinois-simplifie\/#primaryimage\"},\"thumbnailUrl\":\"https:\/\/www.ukiritcg.com\/wp-content\/uploads\/2025\/09\/PIXEL-57.png\",\"datePublished\":\"2025-09-11T09:35:53+00:00\",\"dateModified\":\"2025-09-27T20:12:46+00:00\",\"breadcrumb\":{\"@id\":\"https:\/\/www.ukiritcg.com\/index.php\/produit\/mid-autumn-moon-festival-gift-box-pokemon-chinois-simplifie\/#breadcrumb\"},\"inLanguage\":\"en-US\",\"potentialAction\":[{\"@type\":\"ReadAction\",\"target\":[\"https:\/\/www.ukiritcg.com\/index.php\/produit\/mid-autumn-moon-festival-gift-box-pokemon-chinois-simplifie\/\"]}]},{\"@type\":\"ImageObject\",\"inLanguage\":\"en-US\",\"@id\":\"https:\/\/www.ukiritcg.com\/index.php\/produit\/mid-autumn-moon-festival-gift-box-pokemon-chinois-simplifie\/#primaryimage\",\"url\":\"https:\/\/www.ukiritcg.com\/wp-content\/uploads\/2025\/09\/PIXEL-57.png\",\"contentUrl\":\"https:\/\/www.ukiritcg.com\/wp-content\/uploads\/2025\/09\/PIXEL-57.png\",\"width\":800,\"height\":800},{\"@type\":\"BreadcrumbList\",\"@id\":\"https:\/\/www.ukiritcg.com\/index.php\/produit\/mid-autumn-moon-festival-gift-box-pokemon-chinois-simplifie\/#breadcrumb\",\"itemListElement\":[{\"@type\":\"ListItem\",\"position\":1,\"name\":\"Accueil\",\"item\":\"https:\/\/www.ukiritcg.com\/\"},{\"@type\":\"ListItem\",\"position\":2,\"name\":\"Boutique\",\"item\":\"https:\/\/www.ukiritcg.com\/index.php\/boutique\/\"},{\"@type\":\"ListItem\",\"position\":3,\"name\":\"Mid-Autumn Moon Festival Gift Box &#8211; Pokemon Chinois Simplifi\u00e9\"}]},{\"@type\":\"WebSite\",\"@id\":\"https:\/\/www.ukiritcg.com\/#website\",\"url\":\"https:\/\/www.ukiritcg.com\/\",\"name\":\"Ukiri\",\"description\":\"Un site utilisant WordPress\",\"publisher\":{\"@id\":\"https:\/\/www.ukiritcg.com\/#organization\"},\"potentialAction\":[{\"@type\":\"SearchAction\",\"target\":{\"@type\":\"EntryPoint\",\"urlTemplate\":\"https:\/\/www.ukiritcg.com\/?s={search_term_string}\"},\"query-input\":{\"@type\":\"PropertyValueSpecification\",\"valueRequired\":true,\"valueName\":\"search_term_string\"}}],\"inLanguage\":\"en-US\"},{\"@type\":\"Organization\",\"@id\":\"https:\/\/www.ukiritcg.com\/#organization\",\"name\":\"Ukiri\",\"url\":\"https:\/\/www.ukiritcg.com\/\",\"logo\":{\"@type\":\"ImageObject\",\"inLanguage\":\"en-US\",\"@id\":\"https:\/\/www.ukiritcg.com\/#\/schema\/logo\/image\/\",\"url\":\"https:\/\/www.ukiritcg.com\/wp-content\/uploads\/2025\/05\/cropped-494356865_4342732035873245_4547235673068364322_n-removebg-preview.png\",\"contentUrl\":\"https:\/\/www.ukiritcg.com\/wp-content\/uploads\/2025\/05\/cropped-494356865_4342732035873245_4547235673068364322_n-removebg-preview.png\",\"width\":499,\"height\":499,\"caption\":\"Ukiri\"},\"image\":{\"@id\":\"https:\/\/www.ukiritcg.com\/#\/schema\/logo\/image\/\"}}]}<\/script>\n<!-- \/ Yoast SEO plugin. -->","yoast_head_json":{"title":"Mid-Autumn Moon Festival Gift Box - Pokemon Chinois Simplifi\u00e9 - Ukiri","robots":{"index":"index","follow":"follow","max-snippet":"max-snippet:-1","max-image-preview":"max-image-preview:large","max-video-preview":"max-video-preview:-1"},"canonical":"https:\/\/www.ukiritcg.com\/index.php\/produit\/mid-autumn-moon-festival-gift-box-pokemon-chinois-simplifie\/","og_locale":"en_US","og_type":"article","og_title":"Mid-Autumn Moon Festival Gift Box - Pokemon Chinois Simplifi\u00e9 - Ukiri","og_description":"Pr\u00e9commande \ud83c\udf91 Coffret Pok\u00e9mon \u2013 F\u00eate de la Lune 2025 (Festival de la Mi-Automne) C\u00e9l\u00e9brez la F\u00eate de la Lune, aussi appel\u00e9e F\u00eate de la Mi-Automne, aux c\u00f4t\u00e9s de vos Pok\u00e9mon pr\u00e9f\u00e9r\u00e9s ! Ce coffret en \u00e9dition limit\u00e9e r\u00e9unit tradition et magie Pok\u00e9mon : \ud83c\udf42 Une assiette de collection (15,8 cm de diam\u00e8tre) d\u00e9cor\u00e9e de...","og_url":"https:\/\/www.ukiritcg.com\/index.php\/produit\/mid-autumn-moon-festival-gift-box-pokemon-chinois-simplifie\/","og_site_name":"Ukiri","article_modified_time":"2025-09-27T20:12:46+00:00","og_image":[{"width":800,"height":800,"url":"http:\/\/www.ukiritcg.com\/wp-content\/uploads\/2025\/09\/PIXEL-57.png","type":"image\/png"}],"twitter_card":"summary_large_image","twitter_misc":{"Est. reading time":"1 minute"},"schema":{"@context":"https:\/\/schema.org","@graph":[{"@type":"WebPage","@id":"https:\/\/www.ukiritcg.com\/index.php\/produit\/mid-autumn-moon-festival-gift-box-pokemon-chinois-simplifie\/","url":"https:\/\/www.ukiritcg.com\/index.php\/produit\/mid-autumn-moon-festival-gift-box-pokemon-chinois-simplifie\/","name":"Mid-Autumn Moon Festival Gift Box - Pokemon Chinois Simplifi\u00e9 - Ukiri","isPartOf":{"@id":"https:\/\/www.ukiritcg.com\/#website"},"primaryImageOfPage":{"@id":"https:\/\/www.ukiritcg.com\/index.php\/produit\/mid-autumn-moon-festival-gift-box-pokemon-chinois-simplifie\/#primaryimage"},"image":{"@id":"https:\/\/www.ukiritcg.com\/index.php\/produit\/mid-autumn-moon-festival-gift-box-pokemon-chinois-simplifie\/#primaryimage"},"thumbnailUrl":"https:\/\/www.ukiritcg.com\/wp-content\/uploads\/2025\/09\/PIXEL-57.png","datePublished":"2025-09-11T09:35:53+00:00","dateModified":"2025-09-27T20:12:46+00:00","breadcrumb":{"@id":"https:\/\/www.ukiritcg.com\/index.php\/produit\/mid-autumn-moon-festival-gift-box-pokemon-chinois-simplifie\/#breadcrumb"},"inLanguage":"en-US","potentialAction":[{"@type":"ReadAction","target":["https:\/\/www.ukiritcg.com\/index.php\/produit\/mid-autumn-moon-festival-gift-box-pokemon-chinois-simplifie\/"]}]},{"@type":"ImageObject","inLanguage":"en-US","@id":"https:\/\/www.ukiritcg.com\/index.php\/produit\/mid-autumn-moon-festival-gift-box-pokemon-chinois-simplifie\/#primaryimage","url":"https:\/\/www.ukiritcg.com\/wp-content\/uploads\/2025\/09\/PIXEL-57.png","contentUrl":"https:\/\/www.ukiritcg.com\/wp-content\/uploads\/2025\/09\/PIXEL-57.png","width":800,"height":800},{"@type":"BreadcrumbList","@id":"https:\/\/www.ukiritcg.com\/index.php\/produit\/mid-autumn-moon-festival-gift-box-pokemon-chinois-simplifie\/#breadcrumb","itemListElement":[{"@type":"ListItem","position":1,"name":"Accueil","item":"https:\/\/www.ukiritcg.com\/"},{"@type":"ListItem","position":2,"name":"Boutique","item":"https:\/\/www.ukiritcg.com\/index.php\/boutique\/"},{"@type":"ListItem","position":3,"name":"Mid-Autumn Moon Festival Gift Box &#8211; Pokemon Chinois Simplifi\u00e9"}]},{"@type":"WebSite","@id":"https:\/\/www.ukiritcg.com\/#website","url":"https:\/\/www.ukiritcg.com\/","name":"Ukiri","description":"Un site utilisant WordPress","publisher":{"@id":"https:\/\/www.ukiritcg.com\/#organization"},"potentialAction":[{"@type":"SearchAction","target":{"@type":"EntryPoint","urlTemplate":"https:\/\/www.ukiritcg.com\/?s={search_term_string}"},"query-input":{"@type":"PropertyValueSpecification","valueRequired":true,"valueName":"search_term_string"}}],"inLanguage":"en-US"},{"@type":"Organization","@id":"https:\/\/www.ukiritcg.com\/#organization","name":"Ukiri","url":"https:\/\/www.ukiritcg.com\/","logo":{"@type":"ImageObject","inLanguage":"en-US","@id":"https:\/\/www.ukiritcg.com\/#\/schema\/logo\/image\/","url":"https:\/\/www.ukiritcg.com\/wp-content\/uploads\/2025\/05\/cropped-494356865_4342732035873245_4547235673068364322_n-removebg-preview.png","contentUrl":"https:\/\/www.ukiritcg.com\/wp-content\/uploads\/2025\/05\/cropped-494356865_4342732035873245_4547235673068364322_n-removebg-preview.png","width":499,"height":499,"caption":"Ukiri"},"image":{"@id":"https:\/\/www.ukiritcg.com\/#\/schema\/logo\/image\/"}}]}},"jetpack_sharing_enabled":true,"_links":{"self":[{"href":"https:\/\/www.ukiritcg.com\/index.php\/wp-json\/wp\/v2\/product\/1401","targetHints":{"allow":["GET"]}}],"collection":[{"href":"https:\/\/www.ukiritcg.com\/index.php\/wp-json\/wp\/v2\/product"}],"about":[{"href":"https:\/\/www.ukiritcg.com\/index.php\/wp-json\/wp\/v2\/types\/product"}],"replies":[{"embeddable":true,"href":"https:\/\/www.ukiritcg.com\/index.php\/wp-json\/wp\/v2\/comments?post=1401"}],"wp:featuredmedia":[{"embeddable":true,"href":"https:\/\/www.ukiritcg.com\/index.php\/wp-json\/wp\/v2\/media\/1402"}],"wp:attachment":[{"href":"https:\/\/www.ukiritcg.com\/index.php\/wp-json\/wp\/v2\/media?parent=1401"}],"wp:term":[{"taxonomy":"product_brand","embeddable":true,"href":"https:\/\/www.ukiritcg.com\/index.php\/wp-json\/wp\/v2\/product_brand?post=1401"},{"taxonomy":"product_cat","embeddable":true,"href":"https:\/\/www.ukiritcg.com\/index.php\/wp-json\/wp\/v2\/product_cat?post=1401"},{"taxonomy":"product_tag","embeddable":true,"href":"https:\/\/www.ukiritcg.com\/index.php\/wp-json\/wp\/v2\/product_tag?post=1401"}],"curies":[{"name":"wp","href":"https:\/\/api.w.org\/{rel}","templated":true}]}}