{"id":1275,"date":"2025-08-02T18:18:06","date_gmt":"2025-08-02T16:18:06","guid":{"rendered":"https:\/\/www.ukiritcg.com\/?post_type=product&#038;p=1275"},"modified":"2025-08-03T14:26:14","modified_gmt":"2025-08-03T12:26:14","slug":"display-mega-symphonia-m1s-jpn","status":"publish","type":"product","link":"https:\/\/www.ukiritcg.com\/index.php\/produit\/display-mega-symphonia-m1s-jpn\/","title":{"rendered":"Display Mega Symphonia M1S &#8211; JPN"},"content":{"rendered":"<p data-start=\"138\" data-end=\"258\">\ud83c\udfb5 <strong data-start=\"141\" data-end=\"191\">Display Mega Symphonia M1S &#8211; Version Japonaise<\/strong> \ud83c\uddef\ud83c\uddf5<br data-start=\"196\" data-end=\"199\" \/>\ud83d\udce6 <strong data-start=\"202\" data-end=\"258\">Exp\u00e9di\u00e9 depuis la France \u2013 Aucune douane \u00e0 pr\u00e9voir !<\/strong><\/p>\n<p data-start=\"260\" data-end=\"537\">Plongez dans l\u2019univers musical de <strong data-start=\"294\" data-end=\"312\">Mega Symphonia<\/strong>, la nouvelle extension exclusive japonaise !<br data-start=\"357\" data-end=\"360\" \/>Chaque display contient 3<strong data-start=\"384\" data-end=\"407\">0 boosters scell\u00e9s<\/strong>, directement import\u00e9s du Japon, parfaits pour les collectionneurs et les joueurs \u00e0 la recherche de cartes in\u00e9dites et puissantes.<\/p>\n<p data-start=\"539\" data-end=\"561\">\u2728 <strong data-start=\"541\" data-end=\"559\">Points forts :<\/strong><\/p>\n<ul data-start=\"562\" data-end=\"855\">\n<li data-start=\"562\" data-end=\"612\">\n<p data-start=\"564\" data-end=\"612\">\u2705 Produit officiel Pok\u00e9mon &#8211; version japonaise<\/p>\n<\/li>\n<li data-start=\"613\" data-end=\"643\">\n<p data-start=\"615\" data-end=\"643\">\ud83c\udccf 30 boosters par display<\/p>\n<\/li>\n<li data-start=\"714\" data-end=\"778\">\n<p data-start=\"716\" data-end=\"778\">\ud83c\uddeb\ud83c\uddf7 Stock en France \u2013 livraison rapide sans frais de douane<\/p>\n<\/li>\n<li data-start=\"779\" data-end=\"855\">\n<p data-start=\"781\" data-end=\"855\">\n<\/li>\n<\/ul>\n","protected":false},"excerpt":{"rendered":"<p>\ud83c\udfb5 Display Mega Symphonia M1S &#8211; Version Japonaise \ud83c\uddef\ud83c\uddf5\ud83d\udce6 Exp\u00e9di\u00e9 depuis la France \u2013 Aucune douane \u00e0 pr\u00e9voir ! Plongez dans l\u2019univers musical de Mega Symphonia, la nouvelle extension exclusive japonaise !Chaque display contient 30 boosters scell\u00e9s, directement import\u00e9s du Japon, parfaits pour les collectionneurs et les joueurs \u00e0 la recherche de cartes in\u00e9dites et&#8230;<\/p>\n","protected":false},"featured_media":1276,"comment_status":"open","ping_status":"closed","template":"","meta":{"_kadence_starter_templates_imported_post":false,"_kad_post_transparent":"default","_kad_post_title":"","_kad_post_layout":"default","_kad_post_sidebar_id":"","_kad_post_content_style":"default","_kad_post_vertical_padding":"default","_kad_post_feature":"","_kad_post_feature_position":"","_kad_post_header":false,"_kad_post_footer":false},"product_brand":[],"product_cat":[24,17],"product_tag":[],"class_list":{"0":"post-1275","1":"product","2":"type-product","3":"status-publish","4":"has-post-thumbnail","6":"product_cat-nouvel-arrivage","7":"product_cat-pokemon-japonais","9":"first","10":"instock","11":"purchasable","12":"product-type-variable","13":"entry","14":"content-bg","15":"loop-entry"},"yoast_head":"<!-- This site is optimized with the Yoast SEO plugin v25.1 - https:\/\/yoast.com\/wordpress\/plugins\/seo\/ -->\n<title>Display Mega Symphonia M1S - JPN - Ukiri<\/title>\n<meta name=\"robots\" content=\"index, follow, max-snippet:-1, max-image-preview:large, max-video-preview:-1\" \/>\n<link rel=\"canonical\" href=\"https:\/\/www.ukiritcg.com\/index.php\/produit\/display-mega-symphonia-m1s-jpn\/\" \/>\n<meta property=\"og:locale\" content=\"en_US\" \/>\n<meta property=\"og:type\" content=\"article\" \/>\n<meta property=\"og:title\" content=\"Display Mega Symphonia M1S - JPN - Ukiri\" \/>\n<meta property=\"og:description\" content=\"\ud83c\udfb5 Display Mega Symphonia M1S &#8211; Version Japonaise \ud83c\uddef\ud83c\uddf5\ud83d\udce6 Exp\u00e9di\u00e9 depuis la France \u2013 Aucune douane \u00e0 pr\u00e9voir ! Plongez dans l\u2019univers musical de Mega Symphonia, la nouvelle extension exclusive japonaise !Chaque display contient 30 boosters scell\u00e9s, directement import\u00e9s du Japon, parfaits pour les collectionneurs et les joueurs \u00e0 la recherche de cartes in\u00e9dites et...\" \/>\n<meta property=\"og:url\" content=\"https:\/\/www.ukiritcg.com\/index.php\/produit\/display-mega-symphonia-m1s-jpn\/\" \/>\n<meta property=\"og:site_name\" content=\"Ukiri\" \/>\n<meta property=\"article:modified_time\" content=\"2025-08-03T12:26:14+00:00\" \/>\n<meta property=\"og:image\" content=\"http:\/\/www.ukiritcg.com\/wp-content\/uploads\/2025\/08\/PIXEL-43.png\" \/>\n\t<meta property=\"og:image:width\" content=\"800\" \/>\n\t<meta property=\"og:image:height\" content=\"800\" \/>\n\t<meta property=\"og:image:type\" content=\"image\/png\" \/>\n<meta name=\"twitter:card\" content=\"summary_large_image\" \/>\n<meta name=\"twitter:label1\" content=\"Est. reading time\" \/>\n\t<meta name=\"twitter:data1\" content=\"1 minute\" \/>\n<script type=\"application\/ld+json\" class=\"yoast-schema-graph\">{\"@context\":\"https:\/\/schema.org\",\"@graph\":[{\"@type\":\"WebPage\",\"@id\":\"https:\/\/www.ukiritcg.com\/index.php\/produit\/display-mega-symphonia-m1s-jpn\/\",\"url\":\"https:\/\/www.ukiritcg.com\/index.php\/produit\/display-mega-symphonia-m1s-jpn\/\",\"name\":\"Display Mega Symphonia M1S - JPN - Ukiri\",\"isPartOf\":{\"@id\":\"https:\/\/www.ukiritcg.com\/#website\"},\"primaryImageOfPage\":{\"@id\":\"https:\/\/www.ukiritcg.com\/index.php\/produit\/display-mega-symphonia-m1s-jpn\/#primaryimage\"},\"image\":{\"@id\":\"https:\/\/www.ukiritcg.com\/index.php\/produit\/display-mega-symphonia-m1s-jpn\/#primaryimage\"},\"thumbnailUrl\":\"https:\/\/www.ukiritcg.com\/wp-content\/uploads\/2025\/08\/PIXEL-43.png\",\"datePublished\":\"2025-08-02T16:18:06+00:00\",\"dateModified\":\"2025-08-03T12:26:14+00:00\",\"breadcrumb\":{\"@id\":\"https:\/\/www.ukiritcg.com\/index.php\/produit\/display-mega-symphonia-m1s-jpn\/#breadcrumb\"},\"inLanguage\":\"en-US\",\"potentialAction\":[{\"@type\":\"ReadAction\",\"target\":[\"https:\/\/www.ukiritcg.com\/index.php\/produit\/display-mega-symphonia-m1s-jpn\/\"]}]},{\"@type\":\"ImageObject\",\"inLanguage\":\"en-US\",\"@id\":\"https:\/\/www.ukiritcg.com\/index.php\/produit\/display-mega-symphonia-m1s-jpn\/#primaryimage\",\"url\":\"https:\/\/www.ukiritcg.com\/wp-content\/uploads\/2025\/08\/PIXEL-43.png\",\"contentUrl\":\"https:\/\/www.ukiritcg.com\/wp-content\/uploads\/2025\/08\/PIXEL-43.png\",\"width\":800,\"height\":800},{\"@type\":\"BreadcrumbList\",\"@id\":\"https:\/\/www.ukiritcg.com\/index.php\/produit\/display-mega-symphonia-m1s-jpn\/#breadcrumb\",\"itemListElement\":[{\"@type\":\"ListItem\",\"position\":1,\"name\":\"Accueil\",\"item\":\"https:\/\/www.ukiritcg.com\/\"},{\"@type\":\"ListItem\",\"position\":2,\"name\":\"Boutique\",\"item\":\"https:\/\/www.ukiritcg.com\/index.php\/boutique\/\"},{\"@type\":\"ListItem\",\"position\":3,\"name\":\"Display Mega Symphonia M1S &#8211; JPN\"}]},{\"@type\":\"WebSite\",\"@id\":\"https:\/\/www.ukiritcg.com\/#website\",\"url\":\"https:\/\/www.ukiritcg.com\/\",\"name\":\"Ukiri\",\"description\":\"Un site utilisant WordPress\",\"publisher\":{\"@id\":\"https:\/\/www.ukiritcg.com\/#organization\"},\"potentialAction\":[{\"@type\":\"SearchAction\",\"target\":{\"@type\":\"EntryPoint\",\"urlTemplate\":\"https:\/\/www.ukiritcg.com\/?s={search_term_string}\"},\"query-input\":{\"@type\":\"PropertyValueSpecification\",\"valueRequired\":true,\"valueName\":\"search_term_string\"}}],\"inLanguage\":\"en-US\"},{\"@type\":\"Organization\",\"@id\":\"https:\/\/www.ukiritcg.com\/#organization\",\"name\":\"Ukiri\",\"url\":\"https:\/\/www.ukiritcg.com\/\",\"logo\":{\"@type\":\"ImageObject\",\"inLanguage\":\"en-US\",\"@id\":\"https:\/\/www.ukiritcg.com\/#\/schema\/logo\/image\/\",\"url\":\"https:\/\/www.ukiritcg.com\/wp-content\/uploads\/2025\/05\/cropped-494356865_4342732035873245_4547235673068364322_n-removebg-preview.png\",\"contentUrl\":\"https:\/\/www.ukiritcg.com\/wp-content\/uploads\/2025\/05\/cropped-494356865_4342732035873245_4547235673068364322_n-removebg-preview.png\",\"width\":499,\"height\":499,\"caption\":\"Ukiri\"},\"image\":{\"@id\":\"https:\/\/www.ukiritcg.com\/#\/schema\/logo\/image\/\"}}]}<\/script>\n<!-- \/ Yoast SEO plugin. -->","yoast_head_json":{"title":"Display Mega Symphonia M1S - JPN - Ukiri","robots":{"index":"index","follow":"follow","max-snippet":"max-snippet:-1","max-image-preview":"max-image-preview:large","max-video-preview":"max-video-preview:-1"},"canonical":"https:\/\/www.ukiritcg.com\/index.php\/produit\/display-mega-symphonia-m1s-jpn\/","og_locale":"en_US","og_type":"article","og_title":"Display Mega Symphonia M1S - JPN - Ukiri","og_description":"\ud83c\udfb5 Display Mega Symphonia M1S &#8211; Version Japonaise \ud83c\uddef\ud83c\uddf5\ud83d\udce6 Exp\u00e9di\u00e9 depuis la France \u2013 Aucune douane \u00e0 pr\u00e9voir ! Plongez dans l\u2019univers musical de Mega Symphonia, la nouvelle extension exclusive japonaise !Chaque display contient 30 boosters scell\u00e9s, directement import\u00e9s du Japon, parfaits pour les collectionneurs et les joueurs \u00e0 la recherche de cartes in\u00e9dites et...","og_url":"https:\/\/www.ukiritcg.com\/index.php\/produit\/display-mega-symphonia-m1s-jpn\/","og_site_name":"Ukiri","article_modified_time":"2025-08-03T12:26:14+00:00","og_image":[{"width":800,"height":800,"url":"http:\/\/www.ukiritcg.com\/wp-content\/uploads\/2025\/08\/PIXEL-43.png","type":"image\/png"}],"twitter_card":"summary_large_image","twitter_misc":{"Est. reading time":"1 minute"},"schema":{"@context":"https:\/\/schema.org","@graph":[{"@type":"WebPage","@id":"https:\/\/www.ukiritcg.com\/index.php\/produit\/display-mega-symphonia-m1s-jpn\/","url":"https:\/\/www.ukiritcg.com\/index.php\/produit\/display-mega-symphonia-m1s-jpn\/","name":"Display Mega Symphonia M1S - JPN - Ukiri","isPartOf":{"@id":"https:\/\/www.ukiritcg.com\/#website"},"primaryImageOfPage":{"@id":"https:\/\/www.ukiritcg.com\/index.php\/produit\/display-mega-symphonia-m1s-jpn\/#primaryimage"},"image":{"@id":"https:\/\/www.ukiritcg.com\/index.php\/produit\/display-mega-symphonia-m1s-jpn\/#primaryimage"},"thumbnailUrl":"https:\/\/www.ukiritcg.com\/wp-content\/uploads\/2025\/08\/PIXEL-43.png","datePublished":"2025-08-02T16:18:06+00:00","dateModified":"2025-08-03T12:26:14+00:00","breadcrumb":{"@id":"https:\/\/www.ukiritcg.com\/index.php\/produit\/display-mega-symphonia-m1s-jpn\/#breadcrumb"},"inLanguage":"en-US","potentialAction":[{"@type":"ReadAction","target":["https:\/\/www.ukiritcg.com\/index.php\/produit\/display-mega-symphonia-m1s-jpn\/"]}]},{"@type":"ImageObject","inLanguage":"en-US","@id":"https:\/\/www.ukiritcg.com\/index.php\/produit\/display-mega-symphonia-m1s-jpn\/#primaryimage","url":"https:\/\/www.ukiritcg.com\/wp-content\/uploads\/2025\/08\/PIXEL-43.png","contentUrl":"https:\/\/www.ukiritcg.com\/wp-content\/uploads\/2025\/08\/PIXEL-43.png","width":800,"height":800},{"@type":"BreadcrumbList","@id":"https:\/\/www.ukiritcg.com\/index.php\/produit\/display-mega-symphonia-m1s-jpn\/#breadcrumb","itemListElement":[{"@type":"ListItem","position":1,"name":"Accueil","item":"https:\/\/www.ukiritcg.com\/"},{"@type":"ListItem","position":2,"name":"Boutique","item":"https:\/\/www.ukiritcg.com\/index.php\/boutique\/"},{"@type":"ListItem","position":3,"name":"Display Mega Symphonia M1S &#8211; JPN"}]},{"@type":"WebSite","@id":"https:\/\/www.ukiritcg.com\/#website","url":"https:\/\/www.ukiritcg.com\/","name":"Ukiri","description":"Un site utilisant WordPress","publisher":{"@id":"https:\/\/www.ukiritcg.com\/#organization"},"potentialAction":[{"@type":"SearchAction","target":{"@type":"EntryPoint","urlTemplate":"https:\/\/www.ukiritcg.com\/?s={search_term_string}"},"query-input":{"@type":"PropertyValueSpecification","valueRequired":true,"valueName":"search_term_string"}}],"inLanguage":"en-US"},{"@type":"Organization","@id":"https:\/\/www.ukiritcg.com\/#organization","name":"Ukiri","url":"https:\/\/www.ukiritcg.com\/","logo":{"@type":"ImageObject","inLanguage":"en-US","@id":"https:\/\/www.ukiritcg.com\/#\/schema\/logo\/image\/","url":"https:\/\/www.ukiritcg.com\/wp-content\/uploads\/2025\/05\/cropped-494356865_4342732035873245_4547235673068364322_n-removebg-preview.png","contentUrl":"https:\/\/www.ukiritcg.com\/wp-content\/uploads\/2025\/05\/cropped-494356865_4342732035873245_4547235673068364322_n-removebg-preview.png","width":499,"height":499,"caption":"Ukiri"},"image":{"@id":"https:\/\/www.ukiritcg.com\/#\/schema\/logo\/image\/"}}]}},"jetpack_sharing_enabled":true,"_links":{"self":[{"href":"https:\/\/www.ukiritcg.com\/index.php\/wp-json\/wp\/v2\/product\/1275","targetHints":{"allow":["GET"]}}],"collection":[{"href":"https:\/\/www.ukiritcg.com\/index.php\/wp-json\/wp\/v2\/product"}],"about":[{"href":"https:\/\/www.ukiritcg.com\/index.php\/wp-json\/wp\/v2\/types\/product"}],"replies":[{"embeddable":true,"href":"https:\/\/www.ukiritcg.com\/index.php\/wp-json\/wp\/v2\/comments?post=1275"}],"wp:featuredmedia":[{"embeddable":true,"href":"https:\/\/www.ukiritcg.com\/index.php\/wp-json\/wp\/v2\/media\/1276"}],"wp:attachment":[{"href":"https:\/\/www.ukiritcg.com\/index.php\/wp-json\/wp\/v2\/media?parent=1275"}],"wp:term":[{"taxonomy":"product_brand","embeddable":true,"href":"https:\/\/www.ukiritcg.com\/index.php\/wp-json\/wp\/v2\/product_brand?post=1275"},{"taxonomy":"product_cat","embeddable":true,"href":"https:\/\/www.ukiritcg.com\/index.php\/wp-json\/wp\/v2\/product_cat?post=1275"},{"taxonomy":"product_tag","embeddable":true,"href":"https:\/\/www.ukiritcg.com\/index.php\/wp-json\/wp\/v2\/product_tag?post=1275"}],"curies":[{"name":"wp","href":"https:\/\/api.w.org\/{rel}","templated":true}]}}