{"id":1226,"date":"2025-07-13T16:28:53","date_gmt":"2025-07-13T14:28:53","guid":{"rendered":"https:\/\/www.ukiritcg.com\/?post_type=product&#038;p=1226"},"modified":"2025-07-22T22:44:59","modified_gmt":"2025-07-22T20:44:59","slug":"display-pokemon-tempete-argentee-eb12-francais","status":"publish","type":"product","link":"https:\/\/www.ukiritcg.com\/index.php\/produit\/display-pokemon-tempete-argentee-eb12-francais\/","title":{"rendered":"Display &#8211; Pok\u00e9mon &#8211; Temp\u00eate argent\u00e9e &#8211; EB12 &#8211; Fran\u00e7ais"},"content":{"rendered":"<p data-start=\"209\" data-end=\"556\">\ud83d\udce6 <strong data-start=\"212\" data-end=\"229\">Description :<\/strong><br data-start=\"229\" data-end=\"232\" \/>Red\u00e9couvrez la s\u00e9rie <b>Temp\u00eate argent\u00e9e<\/b>\u00a0avec ce display scell\u00e9, issu d\u2019un ancien stock Pok\u00e9mon. En raison du stockage prolong\u00e9, la bo\u00eete peut pr\u00e9senter des d\u00e9fauts esth\u00e9tiques mineurs (coins l\u00e9g\u00e8rement ab\u00eem\u00e9s, plastique froiss\u00e9, etc.).<br data-start=\"467\" data-end=\"470\" \/>\ud83d\udc49 Le contenu reste 100% authentique et intact : 36 boosters sous blister d\u2019origine.<\/p>\n<p data-start=\"558\" data-end=\"635\">\ud83d\ude9a <strong data-start=\"561\" data-end=\"633\">Exp\u00e9dition rapide et soign\u00e9e depuis la France, sans frais de douane.<\/strong><\/p>\n","protected":false},"excerpt":{"rendered":"<p>\ud83d\udce6 Description :Red\u00e9couvrez la s\u00e9rie Temp\u00eate argent\u00e9e\u00a0avec ce display scell\u00e9, issu d\u2019un ancien stock Pok\u00e9mon. En raison du stockage prolong\u00e9, la bo\u00eete peut pr\u00e9senter des d\u00e9fauts esth\u00e9tiques mineurs (coins l\u00e9g\u00e8rement ab\u00eem\u00e9s, plastique froiss\u00e9, etc.).\ud83d\udc49 Le contenu reste 100% authentique et intact : 36 boosters sous blister d\u2019origine. \ud83d\ude9a Exp\u00e9dition rapide et soign\u00e9e depuis la France,&#8230;<\/p>\n","protected":false},"featured_media":1216,"comment_status":"open","ping_status":"closed","template":"","meta":{"_kadence_starter_templates_imported_post":false,"_kad_post_transparent":"default","_kad_post_title":"","_kad_post_layout":"default","_kad_post_sidebar_id":"","_kad_post_content_style":"default","_kad_post_vertical_padding":"default","_kad_post_feature":"","_kad_post_feature_position":"","_kad_post_header":false,"_kad_post_footer":false},"product_brand":[],"product_cat":[18],"product_tag":[],"class_list":{"0":"post-1226","1":"product","2":"type-product","3":"status-publish","4":"has-post-thumbnail","6":"product_cat-pokemon-francais","8":"first","9":"outofstock","10":"purchasable","11":"product-type-simple","12":"entry","13":"content-bg","14":"loop-entry"},"yoast_head":"<!-- This site is optimized with the Yoast SEO plugin v25.1 - https:\/\/yoast.com\/wordpress\/plugins\/seo\/ -->\n<title>Display - Pok\u00e9mon - Temp\u00eate argent\u00e9e - EB12 - Fran\u00e7ais - Ukiri<\/title>\n<meta name=\"robots\" content=\"index, follow, max-snippet:-1, max-image-preview:large, max-video-preview:-1\" \/>\n<link rel=\"canonical\" href=\"https:\/\/www.ukiritcg.com\/index.php\/produit\/display-pokemon-tempete-argentee-eb12-francais\/\" \/>\n<meta property=\"og:locale\" content=\"en_US\" \/>\n<meta property=\"og:type\" content=\"article\" \/>\n<meta property=\"og:title\" content=\"Display - Pok\u00e9mon - Temp\u00eate argent\u00e9e - EB12 - Fran\u00e7ais - Ukiri\" \/>\n<meta property=\"og:description\" content=\"\ud83d\udce6 Description :Red\u00e9couvrez la s\u00e9rie Temp\u00eate argent\u00e9e\u00a0avec ce display scell\u00e9, issu d\u2019un ancien stock Pok\u00e9mon. En raison du stockage prolong\u00e9, la bo\u00eete peut pr\u00e9senter des d\u00e9fauts esth\u00e9tiques mineurs (coins l\u00e9g\u00e8rement ab\u00eem\u00e9s, plastique froiss\u00e9, etc.).\ud83d\udc49 Le contenu reste 100% authentique et intact : 36 boosters sous blister d\u2019origine. \ud83d\ude9a Exp\u00e9dition rapide et soign\u00e9e depuis la France,...\" \/>\n<meta property=\"og:url\" content=\"https:\/\/www.ukiritcg.com\/index.php\/produit\/display-pokemon-tempete-argentee-eb12-francais\/\" \/>\n<meta property=\"og:site_name\" content=\"Ukiri\" \/>\n<meta property=\"article:modified_time\" content=\"2025-07-22T20:44:59+00:00\" \/>\n<meta property=\"og:image\" content=\"http:\/\/www.ukiritcg.com\/wp-content\/uploads\/2025\/07\/1999-8.png\" \/>\n\t<meta property=\"og:image:width\" content=\"800\" \/>\n\t<meta property=\"og:image:height\" content=\"800\" \/>\n\t<meta property=\"og:image:type\" content=\"image\/png\" \/>\n<meta name=\"twitter:card\" content=\"summary_large_image\" \/>\n<meta name=\"twitter:label1\" content=\"Est. reading time\" \/>\n\t<meta name=\"twitter:data1\" content=\"1 minute\" \/>\n<script type=\"application\/ld+json\" class=\"yoast-schema-graph\">{\"@context\":\"https:\/\/schema.org\",\"@graph\":[{\"@type\":\"WebPage\",\"@id\":\"https:\/\/www.ukiritcg.com\/index.php\/produit\/display-pokemon-tempete-argentee-eb12-francais\/\",\"url\":\"https:\/\/www.ukiritcg.com\/index.php\/produit\/display-pokemon-tempete-argentee-eb12-francais\/\",\"name\":\"Display - Pok\u00e9mon - Temp\u00eate argent\u00e9e - EB12 - Fran\u00e7ais - Ukiri\",\"isPartOf\":{\"@id\":\"https:\/\/www.ukiritcg.com\/#website\"},\"primaryImageOfPage\":{\"@id\":\"https:\/\/www.ukiritcg.com\/index.php\/produit\/display-pokemon-tempete-argentee-eb12-francais\/#primaryimage\"},\"image\":{\"@id\":\"https:\/\/www.ukiritcg.com\/index.php\/produit\/display-pokemon-tempete-argentee-eb12-francais\/#primaryimage\"},\"thumbnailUrl\":\"https:\/\/www.ukiritcg.com\/wp-content\/uploads\/2025\/07\/1999-8.png\",\"datePublished\":\"2025-07-13T14:28:53+00:00\",\"dateModified\":\"2025-07-22T20:44:59+00:00\",\"breadcrumb\":{\"@id\":\"https:\/\/www.ukiritcg.com\/index.php\/produit\/display-pokemon-tempete-argentee-eb12-francais\/#breadcrumb\"},\"inLanguage\":\"en-US\",\"potentialAction\":[{\"@type\":\"ReadAction\",\"target\":[\"https:\/\/www.ukiritcg.com\/index.php\/produit\/display-pokemon-tempete-argentee-eb12-francais\/\"]}]},{\"@type\":\"ImageObject\",\"inLanguage\":\"en-US\",\"@id\":\"https:\/\/www.ukiritcg.com\/index.php\/produit\/display-pokemon-tempete-argentee-eb12-francais\/#primaryimage\",\"url\":\"https:\/\/www.ukiritcg.com\/wp-content\/uploads\/2025\/07\/1999-8.png\",\"contentUrl\":\"https:\/\/www.ukiritcg.com\/wp-content\/uploads\/2025\/07\/1999-8.png\",\"width\":800,\"height\":800},{\"@type\":\"BreadcrumbList\",\"@id\":\"https:\/\/www.ukiritcg.com\/index.php\/produit\/display-pokemon-tempete-argentee-eb12-francais\/#breadcrumb\",\"itemListElement\":[{\"@type\":\"ListItem\",\"position\":1,\"name\":\"Accueil\",\"item\":\"https:\/\/www.ukiritcg.com\/\"},{\"@type\":\"ListItem\",\"position\":2,\"name\":\"Boutique\",\"item\":\"https:\/\/www.ukiritcg.com\/index.php\/boutique\/\"},{\"@type\":\"ListItem\",\"position\":3,\"name\":\"Display &#8211; Pok\u00e9mon &#8211; Temp\u00eate argent\u00e9e &#8211; EB12 &#8211; Fran\u00e7ais\"}]},{\"@type\":\"WebSite\",\"@id\":\"https:\/\/www.ukiritcg.com\/#website\",\"url\":\"https:\/\/www.ukiritcg.com\/\",\"name\":\"Ukiri\",\"description\":\"Un site utilisant WordPress\",\"publisher\":{\"@id\":\"https:\/\/www.ukiritcg.com\/#organization\"},\"potentialAction\":[{\"@type\":\"SearchAction\",\"target\":{\"@type\":\"EntryPoint\",\"urlTemplate\":\"https:\/\/www.ukiritcg.com\/?s={search_term_string}\"},\"query-input\":{\"@type\":\"PropertyValueSpecification\",\"valueRequired\":true,\"valueName\":\"search_term_string\"}}],\"inLanguage\":\"en-US\"},{\"@type\":\"Organization\",\"@id\":\"https:\/\/www.ukiritcg.com\/#organization\",\"name\":\"Ukiri\",\"url\":\"https:\/\/www.ukiritcg.com\/\",\"logo\":{\"@type\":\"ImageObject\",\"inLanguage\":\"en-US\",\"@id\":\"https:\/\/www.ukiritcg.com\/#\/schema\/logo\/image\/\",\"url\":\"https:\/\/www.ukiritcg.com\/wp-content\/uploads\/2025\/05\/cropped-494356865_4342732035873245_4547235673068364322_n-removebg-preview.png\",\"contentUrl\":\"https:\/\/www.ukiritcg.com\/wp-content\/uploads\/2025\/05\/cropped-494356865_4342732035873245_4547235673068364322_n-removebg-preview.png\",\"width\":499,\"height\":499,\"caption\":\"Ukiri\"},\"image\":{\"@id\":\"https:\/\/www.ukiritcg.com\/#\/schema\/logo\/image\/\"}}]}<\/script>\n<!-- \/ Yoast SEO plugin. -->","yoast_head_json":{"title":"Display - Pok\u00e9mon - Temp\u00eate argent\u00e9e - EB12 - Fran\u00e7ais - Ukiri","robots":{"index":"index","follow":"follow","max-snippet":"max-snippet:-1","max-image-preview":"max-image-preview:large","max-video-preview":"max-video-preview:-1"},"canonical":"https:\/\/www.ukiritcg.com\/index.php\/produit\/display-pokemon-tempete-argentee-eb12-francais\/","og_locale":"en_US","og_type":"article","og_title":"Display - Pok\u00e9mon - Temp\u00eate argent\u00e9e - EB12 - Fran\u00e7ais - Ukiri","og_description":"\ud83d\udce6 Description :Red\u00e9couvrez la s\u00e9rie Temp\u00eate argent\u00e9e\u00a0avec ce display scell\u00e9, issu d\u2019un ancien stock Pok\u00e9mon. En raison du stockage prolong\u00e9, la bo\u00eete peut pr\u00e9senter des d\u00e9fauts esth\u00e9tiques mineurs (coins l\u00e9g\u00e8rement ab\u00eem\u00e9s, plastique froiss\u00e9, etc.).\ud83d\udc49 Le contenu reste 100% authentique et intact : 36 boosters sous blister d\u2019origine. \ud83d\ude9a Exp\u00e9dition rapide et soign\u00e9e depuis la France,...","og_url":"https:\/\/www.ukiritcg.com\/index.php\/produit\/display-pokemon-tempete-argentee-eb12-francais\/","og_site_name":"Ukiri","article_modified_time":"2025-07-22T20:44:59+00:00","og_image":[{"width":800,"height":800,"url":"http:\/\/www.ukiritcg.com\/wp-content\/uploads\/2025\/07\/1999-8.png","type":"image\/png"}],"twitter_card":"summary_large_image","twitter_misc":{"Est. reading time":"1 minute"},"schema":{"@context":"https:\/\/schema.org","@graph":[{"@type":"WebPage","@id":"https:\/\/www.ukiritcg.com\/index.php\/produit\/display-pokemon-tempete-argentee-eb12-francais\/","url":"https:\/\/www.ukiritcg.com\/index.php\/produit\/display-pokemon-tempete-argentee-eb12-francais\/","name":"Display - Pok\u00e9mon - Temp\u00eate argent\u00e9e - EB12 - Fran\u00e7ais - Ukiri","isPartOf":{"@id":"https:\/\/www.ukiritcg.com\/#website"},"primaryImageOfPage":{"@id":"https:\/\/www.ukiritcg.com\/index.php\/produit\/display-pokemon-tempete-argentee-eb12-francais\/#primaryimage"},"image":{"@id":"https:\/\/www.ukiritcg.com\/index.php\/produit\/display-pokemon-tempete-argentee-eb12-francais\/#primaryimage"},"thumbnailUrl":"https:\/\/www.ukiritcg.com\/wp-content\/uploads\/2025\/07\/1999-8.png","datePublished":"2025-07-13T14:28:53+00:00","dateModified":"2025-07-22T20:44:59+00:00","breadcrumb":{"@id":"https:\/\/www.ukiritcg.com\/index.php\/produit\/display-pokemon-tempete-argentee-eb12-francais\/#breadcrumb"},"inLanguage":"en-US","potentialAction":[{"@type":"ReadAction","target":["https:\/\/www.ukiritcg.com\/index.php\/produit\/display-pokemon-tempete-argentee-eb12-francais\/"]}]},{"@type":"ImageObject","inLanguage":"en-US","@id":"https:\/\/www.ukiritcg.com\/index.php\/produit\/display-pokemon-tempete-argentee-eb12-francais\/#primaryimage","url":"https:\/\/www.ukiritcg.com\/wp-content\/uploads\/2025\/07\/1999-8.png","contentUrl":"https:\/\/www.ukiritcg.com\/wp-content\/uploads\/2025\/07\/1999-8.png","width":800,"height":800},{"@type":"BreadcrumbList","@id":"https:\/\/www.ukiritcg.com\/index.php\/produit\/display-pokemon-tempete-argentee-eb12-francais\/#breadcrumb","itemListElement":[{"@type":"ListItem","position":1,"name":"Accueil","item":"https:\/\/www.ukiritcg.com\/"},{"@type":"ListItem","position":2,"name":"Boutique","item":"https:\/\/www.ukiritcg.com\/index.php\/boutique\/"},{"@type":"ListItem","position":3,"name":"Display &#8211; Pok\u00e9mon &#8211; Temp\u00eate argent\u00e9e &#8211; EB12 &#8211; Fran\u00e7ais"}]},{"@type":"WebSite","@id":"https:\/\/www.ukiritcg.com\/#website","url":"https:\/\/www.ukiritcg.com\/","name":"Ukiri","description":"Un site utilisant WordPress","publisher":{"@id":"https:\/\/www.ukiritcg.com\/#organization"},"potentialAction":[{"@type":"SearchAction","target":{"@type":"EntryPoint","urlTemplate":"https:\/\/www.ukiritcg.com\/?s={search_term_string}"},"query-input":{"@type":"PropertyValueSpecification","valueRequired":true,"valueName":"search_term_string"}}],"inLanguage":"en-US"},{"@type":"Organization","@id":"https:\/\/www.ukiritcg.com\/#organization","name":"Ukiri","url":"https:\/\/www.ukiritcg.com\/","logo":{"@type":"ImageObject","inLanguage":"en-US","@id":"https:\/\/www.ukiritcg.com\/#\/schema\/logo\/image\/","url":"https:\/\/www.ukiritcg.com\/wp-content\/uploads\/2025\/05\/cropped-494356865_4342732035873245_4547235673068364322_n-removebg-preview.png","contentUrl":"https:\/\/www.ukiritcg.com\/wp-content\/uploads\/2025\/05\/cropped-494356865_4342732035873245_4547235673068364322_n-removebg-preview.png","width":499,"height":499,"caption":"Ukiri"},"image":{"@id":"https:\/\/www.ukiritcg.com\/#\/schema\/logo\/image\/"}}]}},"jetpack_sharing_enabled":true,"_links":{"self":[{"href":"https:\/\/www.ukiritcg.com\/index.php\/wp-json\/wp\/v2\/product\/1226","targetHints":{"allow":["GET"]}}],"collection":[{"href":"https:\/\/www.ukiritcg.com\/index.php\/wp-json\/wp\/v2\/product"}],"about":[{"href":"https:\/\/www.ukiritcg.com\/index.php\/wp-json\/wp\/v2\/types\/product"}],"replies":[{"embeddable":true,"href":"https:\/\/www.ukiritcg.com\/index.php\/wp-json\/wp\/v2\/comments?post=1226"}],"wp:featuredmedia":[{"embeddable":true,"href":"https:\/\/www.ukiritcg.com\/index.php\/wp-json\/wp\/v2\/media\/1216"}],"wp:attachment":[{"href":"https:\/\/www.ukiritcg.com\/index.php\/wp-json\/wp\/v2\/media?parent=1226"}],"wp:term":[{"taxonomy":"product_brand","embeddable":true,"href":"https:\/\/www.ukiritcg.com\/index.php\/wp-json\/wp\/v2\/product_brand?post=1226"},{"taxonomy":"product_cat","embeddable":true,"href":"https:\/\/www.ukiritcg.com\/index.php\/wp-json\/wp\/v2\/product_cat?post=1226"},{"taxonomy":"product_tag","embeddable":true,"href":"https:\/\/www.ukiritcg.com\/index.php\/wp-json\/wp\/v2\/product_tag?post=1226"}],"curies":[{"name":"wp","href":"https:\/\/api.w.org\/{rel}","templated":true}]}}