{"id":1210,"date":"2025-07-13T16:19:25","date_gmt":"2025-07-13T14:19:25","guid":{"rendered":"https:\/\/www.ukiritcg.com\/?post_type=product&#038;p=1210"},"modified":"2025-07-13T18:08:27","modified_gmt":"2025-07-13T16:08:27","slug":"classeur-gempack-2-evoli","status":"publish","type":"product","link":"https:\/\/www.ukiritcg.com\/index.php\/produit\/classeur-gempack-2-evoli\/","title":{"rendered":"Classeur gempack 2 &#8211; Evoli"},"content":{"rendered":"<p data-start=\"95\" data-end=\"273\">\ud83d\udd25 <strong data-start=\"98\" data-end=\"147\">Les classeurs Pok\u00e9mon \u00c9volitions d\u00e9barquent !<\/strong> Sortis pour la s\u00e9rie exclusive <strong data-start=\"179\" data-end=\"193\">Gem Pack 2<\/strong> en Chine, ces mod\u00e8les \u00ab vitrail \u00bb holographiques vont sublimer ta collection.<\/p>\n<p data-start=\"275\" data-end=\"514\">\ud83d\udcd8 <strong data-start=\"278\" data-end=\"292\">Capacit\u00e9 :<\/strong> 54 cartes pour tes \u00c9volitions ou sets \u00e0 th\u00e8me.<br data-start=\"339\" data-end=\"342\" \/><br data-start=\"411\" data-end=\"414\" \/>\u26a1 <strong data-start=\"416\" data-end=\"451\">Exp\u00e9di\u00e9 en 48h depuis la France<\/strong>, sans frais de douane<\/p>\n<p data-start=\"275\" data-end=\"514\">produit authentique pokemon<\/p>\n","protected":false},"excerpt":{"rendered":"<p>\ud83d\udd25 Les classeurs Pok\u00e9mon \u00c9volitions d\u00e9barquent ! Sortis pour la s\u00e9rie exclusive Gem Pack 2 en Chine, ces mod\u00e8les \u00ab vitrail \u00bb holographiques vont sublimer ta collection. \ud83d\udcd8 Capacit\u00e9 : 54 cartes pour tes \u00c9volitions ou sets \u00e0 th\u00e8me.\u26a1 Exp\u00e9di\u00e9 en 48h depuis la France, sans frais de douane produit authentique pokemon<\/p>\n","protected":false},"featured_media":1212,"comment_status":"open","ping_status":"closed","template":"","meta":{"_kadence_starter_templates_imported_post":false,"_kad_post_transparent":"default","_kad_post_title":"","_kad_post_layout":"default","_kad_post_sidebar_id":"","_kad_post_content_style":"default","_kad_post_vertical_padding":"default","_kad_post_feature":"","_kad_post_feature_position":"","_kad_post_header":false,"_kad_post_footer":false},"product_brand":[],"product_cat":[19],"product_tag":[],"class_list":{"0":"post-1210","1":"product","2":"type-product","3":"status-publish","4":"has-post-thumbnail","6":"product_cat-pokemon-chinois","8":"first","9":"instock","10":"purchasable","11":"product-type-simple","12":"entry","13":"content-bg","14":"loop-entry"},"yoast_head":"<!-- This site is optimized with the Yoast SEO plugin v25.1 - https:\/\/yoast.com\/wordpress\/plugins\/seo\/ -->\n<title>Classeur gempack 2 - Evoli - Ukiri<\/title>\n<meta name=\"robots\" content=\"index, follow, max-snippet:-1, max-image-preview:large, max-video-preview:-1\" \/>\n<link rel=\"canonical\" href=\"https:\/\/www.ukiritcg.com\/index.php\/produit\/classeur-gempack-2-evoli\/\" \/>\n<meta property=\"og:locale\" content=\"en_US\" \/>\n<meta property=\"og:type\" content=\"article\" \/>\n<meta property=\"og:title\" content=\"Classeur gempack 2 - Evoli - Ukiri\" \/>\n<meta property=\"og:description\" content=\"\ud83d\udd25 Les classeurs Pok\u00e9mon \u00c9volitions d\u00e9barquent ! Sortis pour la s\u00e9rie exclusive Gem Pack 2 en Chine, ces mod\u00e8les \u00ab vitrail \u00bb holographiques vont sublimer ta collection. \ud83d\udcd8 Capacit\u00e9 : 54 cartes pour tes \u00c9volitions ou sets \u00e0 th\u00e8me.\u26a1 Exp\u00e9di\u00e9 en 48h depuis la France, sans frais de douane produit authentique pokemon\" \/>\n<meta property=\"og:url\" content=\"https:\/\/www.ukiritcg.com\/index.php\/produit\/classeur-gempack-2-evoli\/\" \/>\n<meta property=\"og:site_name\" content=\"Ukiri\" \/>\n<meta property=\"article:modified_time\" content=\"2025-07-13T16:08:27+00:00\" \/>\n<meta property=\"og:image\" content=\"http:\/\/www.ukiritcg.com\/wp-content\/uploads\/2025\/07\/1999-11.png\" \/>\n\t<meta property=\"og:image:width\" content=\"800\" \/>\n\t<meta property=\"og:image:height\" content=\"800\" \/>\n\t<meta property=\"og:image:type\" content=\"image\/png\" \/>\n<meta name=\"twitter:card\" content=\"summary_large_image\" \/>\n<meta name=\"twitter:label1\" content=\"Est. reading time\" \/>\n\t<meta name=\"twitter:data1\" content=\"1 minute\" \/>\n<script type=\"application\/ld+json\" class=\"yoast-schema-graph\">{\"@context\":\"https:\/\/schema.org\",\"@graph\":[{\"@type\":\"WebPage\",\"@id\":\"https:\/\/www.ukiritcg.com\/index.php\/produit\/classeur-gempack-2-evoli\/\",\"url\":\"https:\/\/www.ukiritcg.com\/index.php\/produit\/classeur-gempack-2-evoli\/\",\"name\":\"Classeur gempack 2 - Evoli - Ukiri\",\"isPartOf\":{\"@id\":\"https:\/\/www.ukiritcg.com\/#website\"},\"primaryImageOfPage\":{\"@id\":\"https:\/\/www.ukiritcg.com\/index.php\/produit\/classeur-gempack-2-evoli\/#primaryimage\"},\"image\":{\"@id\":\"https:\/\/www.ukiritcg.com\/index.php\/produit\/classeur-gempack-2-evoli\/#primaryimage\"},\"thumbnailUrl\":\"https:\/\/www.ukiritcg.com\/wp-content\/uploads\/2025\/07\/1999-11.png\",\"datePublished\":\"2025-07-13T14:19:25+00:00\",\"dateModified\":\"2025-07-13T16:08:27+00:00\",\"breadcrumb\":{\"@id\":\"https:\/\/www.ukiritcg.com\/index.php\/produit\/classeur-gempack-2-evoli\/#breadcrumb\"},\"inLanguage\":\"en-US\",\"potentialAction\":[{\"@type\":\"ReadAction\",\"target\":[\"https:\/\/www.ukiritcg.com\/index.php\/produit\/classeur-gempack-2-evoli\/\"]}]},{\"@type\":\"ImageObject\",\"inLanguage\":\"en-US\",\"@id\":\"https:\/\/www.ukiritcg.com\/index.php\/produit\/classeur-gempack-2-evoli\/#primaryimage\",\"url\":\"https:\/\/www.ukiritcg.com\/wp-content\/uploads\/2025\/07\/1999-11.png\",\"contentUrl\":\"https:\/\/www.ukiritcg.com\/wp-content\/uploads\/2025\/07\/1999-11.png\",\"width\":800,\"height\":800},{\"@type\":\"BreadcrumbList\",\"@id\":\"https:\/\/www.ukiritcg.com\/index.php\/produit\/classeur-gempack-2-evoli\/#breadcrumb\",\"itemListElement\":[{\"@type\":\"ListItem\",\"position\":1,\"name\":\"Accueil\",\"item\":\"https:\/\/www.ukiritcg.com\/\"},{\"@type\":\"ListItem\",\"position\":2,\"name\":\"Boutique\",\"item\":\"https:\/\/www.ukiritcg.com\/index.php\/boutique\/\"},{\"@type\":\"ListItem\",\"position\":3,\"name\":\"Classeur gempack 2 &#8211; Evoli\"}]},{\"@type\":\"WebSite\",\"@id\":\"https:\/\/www.ukiritcg.com\/#website\",\"url\":\"https:\/\/www.ukiritcg.com\/\",\"name\":\"Ukiri\",\"description\":\"Un site utilisant WordPress\",\"publisher\":{\"@id\":\"https:\/\/www.ukiritcg.com\/#organization\"},\"potentialAction\":[{\"@type\":\"SearchAction\",\"target\":{\"@type\":\"EntryPoint\",\"urlTemplate\":\"https:\/\/www.ukiritcg.com\/?s={search_term_string}\"},\"query-input\":{\"@type\":\"PropertyValueSpecification\",\"valueRequired\":true,\"valueName\":\"search_term_string\"}}],\"inLanguage\":\"en-US\"},{\"@type\":\"Organization\",\"@id\":\"https:\/\/www.ukiritcg.com\/#organization\",\"name\":\"Ukiri\",\"url\":\"https:\/\/www.ukiritcg.com\/\",\"logo\":{\"@type\":\"ImageObject\",\"inLanguage\":\"en-US\",\"@id\":\"https:\/\/www.ukiritcg.com\/#\/schema\/logo\/image\/\",\"url\":\"https:\/\/www.ukiritcg.com\/wp-content\/uploads\/2025\/05\/cropped-494356865_4342732035873245_4547235673068364322_n-removebg-preview.png\",\"contentUrl\":\"https:\/\/www.ukiritcg.com\/wp-content\/uploads\/2025\/05\/cropped-494356865_4342732035873245_4547235673068364322_n-removebg-preview.png\",\"width\":499,\"height\":499,\"caption\":\"Ukiri\"},\"image\":{\"@id\":\"https:\/\/www.ukiritcg.com\/#\/schema\/logo\/image\/\"}}]}<\/script>\n<!-- \/ Yoast SEO plugin. -->","yoast_head_json":{"title":"Classeur gempack 2 - Evoli - Ukiri","robots":{"index":"index","follow":"follow","max-snippet":"max-snippet:-1","max-image-preview":"max-image-preview:large","max-video-preview":"max-video-preview:-1"},"canonical":"https:\/\/www.ukiritcg.com\/index.php\/produit\/classeur-gempack-2-evoli\/","og_locale":"en_US","og_type":"article","og_title":"Classeur gempack 2 - Evoli - Ukiri","og_description":"\ud83d\udd25 Les classeurs Pok\u00e9mon \u00c9volitions d\u00e9barquent ! Sortis pour la s\u00e9rie exclusive Gem Pack 2 en Chine, ces mod\u00e8les \u00ab vitrail \u00bb holographiques vont sublimer ta collection. \ud83d\udcd8 Capacit\u00e9 : 54 cartes pour tes \u00c9volitions ou sets \u00e0 th\u00e8me.\u26a1 Exp\u00e9di\u00e9 en 48h depuis la France, sans frais de douane produit authentique pokemon","og_url":"https:\/\/www.ukiritcg.com\/index.php\/produit\/classeur-gempack-2-evoli\/","og_site_name":"Ukiri","article_modified_time":"2025-07-13T16:08:27+00:00","og_image":[{"width":800,"height":800,"url":"http:\/\/www.ukiritcg.com\/wp-content\/uploads\/2025\/07\/1999-11.png","type":"image\/png"}],"twitter_card":"summary_large_image","twitter_misc":{"Est. reading time":"1 minute"},"schema":{"@context":"https:\/\/schema.org","@graph":[{"@type":"WebPage","@id":"https:\/\/www.ukiritcg.com\/index.php\/produit\/classeur-gempack-2-evoli\/","url":"https:\/\/www.ukiritcg.com\/index.php\/produit\/classeur-gempack-2-evoli\/","name":"Classeur gempack 2 - Evoli - Ukiri","isPartOf":{"@id":"https:\/\/www.ukiritcg.com\/#website"},"primaryImageOfPage":{"@id":"https:\/\/www.ukiritcg.com\/index.php\/produit\/classeur-gempack-2-evoli\/#primaryimage"},"image":{"@id":"https:\/\/www.ukiritcg.com\/index.php\/produit\/classeur-gempack-2-evoli\/#primaryimage"},"thumbnailUrl":"https:\/\/www.ukiritcg.com\/wp-content\/uploads\/2025\/07\/1999-11.png","datePublished":"2025-07-13T14:19:25+00:00","dateModified":"2025-07-13T16:08:27+00:00","breadcrumb":{"@id":"https:\/\/www.ukiritcg.com\/index.php\/produit\/classeur-gempack-2-evoli\/#breadcrumb"},"inLanguage":"en-US","potentialAction":[{"@type":"ReadAction","target":["https:\/\/www.ukiritcg.com\/index.php\/produit\/classeur-gempack-2-evoli\/"]}]},{"@type":"ImageObject","inLanguage":"en-US","@id":"https:\/\/www.ukiritcg.com\/index.php\/produit\/classeur-gempack-2-evoli\/#primaryimage","url":"https:\/\/www.ukiritcg.com\/wp-content\/uploads\/2025\/07\/1999-11.png","contentUrl":"https:\/\/www.ukiritcg.com\/wp-content\/uploads\/2025\/07\/1999-11.png","width":800,"height":800},{"@type":"BreadcrumbList","@id":"https:\/\/www.ukiritcg.com\/index.php\/produit\/classeur-gempack-2-evoli\/#breadcrumb","itemListElement":[{"@type":"ListItem","position":1,"name":"Accueil","item":"https:\/\/www.ukiritcg.com\/"},{"@type":"ListItem","position":2,"name":"Boutique","item":"https:\/\/www.ukiritcg.com\/index.php\/boutique\/"},{"@type":"ListItem","position":3,"name":"Classeur gempack 2 &#8211; Evoli"}]},{"@type":"WebSite","@id":"https:\/\/www.ukiritcg.com\/#website","url":"https:\/\/www.ukiritcg.com\/","name":"Ukiri","description":"Un site utilisant WordPress","publisher":{"@id":"https:\/\/www.ukiritcg.com\/#organization"},"potentialAction":[{"@type":"SearchAction","target":{"@type":"EntryPoint","urlTemplate":"https:\/\/www.ukiritcg.com\/?s={search_term_string}"},"query-input":{"@type":"PropertyValueSpecification","valueRequired":true,"valueName":"search_term_string"}}],"inLanguage":"en-US"},{"@type":"Organization","@id":"https:\/\/www.ukiritcg.com\/#organization","name":"Ukiri","url":"https:\/\/www.ukiritcg.com\/","logo":{"@type":"ImageObject","inLanguage":"en-US","@id":"https:\/\/www.ukiritcg.com\/#\/schema\/logo\/image\/","url":"https:\/\/www.ukiritcg.com\/wp-content\/uploads\/2025\/05\/cropped-494356865_4342732035873245_4547235673068364322_n-removebg-preview.png","contentUrl":"https:\/\/www.ukiritcg.com\/wp-content\/uploads\/2025\/05\/cropped-494356865_4342732035873245_4547235673068364322_n-removebg-preview.png","width":499,"height":499,"caption":"Ukiri"},"image":{"@id":"https:\/\/www.ukiritcg.com\/#\/schema\/logo\/image\/"}}]}},"jetpack_sharing_enabled":true,"_links":{"self":[{"href":"https:\/\/www.ukiritcg.com\/index.php\/wp-json\/wp\/v2\/product\/1210","targetHints":{"allow":["GET"]}}],"collection":[{"href":"https:\/\/www.ukiritcg.com\/index.php\/wp-json\/wp\/v2\/product"}],"about":[{"href":"https:\/\/www.ukiritcg.com\/index.php\/wp-json\/wp\/v2\/types\/product"}],"replies":[{"embeddable":true,"href":"https:\/\/www.ukiritcg.com\/index.php\/wp-json\/wp\/v2\/comments?post=1210"}],"wp:featuredmedia":[{"embeddable":true,"href":"https:\/\/www.ukiritcg.com\/index.php\/wp-json\/wp\/v2\/media\/1212"}],"wp:attachment":[{"href":"https:\/\/www.ukiritcg.com\/index.php\/wp-json\/wp\/v2\/media?parent=1210"}],"wp:term":[{"taxonomy":"product_brand","embeddable":true,"href":"https:\/\/www.ukiritcg.com\/index.php\/wp-json\/wp\/v2\/product_brand?post=1210"},{"taxonomy":"product_cat","embeddable":true,"href":"https:\/\/www.ukiritcg.com\/index.php\/wp-json\/wp\/v2\/product_cat?post=1210"},{"taxonomy":"product_tag","embeddable":true,"href":"https:\/\/www.ukiritcg.com\/index.php\/wp-json\/wp\/v2\/product_tag?post=1210"}],"curies":[{"name":"wp","href":"https:\/\/api.w.org\/{rel}","templated":true}]}}