{"id":1157,"date":"2025-07-05T15:27:42","date_gmt":"2025-07-05T13:27:42","guid":{"rendered":"https:\/\/www.ukiritcg.com\/?post_type=product&#038;p=1157"},"modified":"2025-09-26T19:49:05","modified_gmt":"2025-09-26T17:49:05","slug":"coffret-pokemon-dragon-boat-festival","status":"publish","type":"product","link":"https:\/\/www.ukiritcg.com\/index.php\/produit\/coffret-pokemon-dragon-boat-festival\/","title":{"rendered":"COFFRET POK\u00c9MON DRAGON BOAT FESTIVAL \u2013 PR\u201125DW"},"content":{"rendered":"<p data-start=\"192\" data-end=\"437\"><strong data-start=\"192\" data-end=\"209\">Description :<\/strong><br data-start=\"209\" data-end=\"212\" \/>C\u00e9l\u00e9brez le Festival des Bateaux\u2011Dragons avec ce <strong data-start=\"261\" data-end=\"296\">coffret Pok\u00e9mon chinois PR\u201125DW<\/strong> mettant \u00e0 l\u2019honneur Rayquaza, Pikachu et Bulbizarre dans un packaging hexagonal unique inspir\u00e9 du zongzi (boulette de riz traditionnelle).<\/p>\n<p data-start=\"439\" data-end=\"468\">\ud83e\udde9 <strong data-start=\"442\" data-end=\"466\">Contenu du coffret :<\/strong><\/p>\n<ul data-start=\"469\" data-end=\"709\">\n<li data-start=\"469\" data-end=\"551\">\n<p data-start=\"471\" data-end=\"551\">Niveau 1 : Pendentif tiss\u00e9 avec Rayquaza (recto) et Pikachu\/Bulbizarre (verso)<\/p>\n<\/li>\n<li data-start=\"552\" data-end=\"620\">\n<p data-start=\"554\" data-end=\"620\">Niveau 2 : Marque\u2011page en m\u00e9tal illustr\u00e9 avec un charm Pok\u00e9 Ball<\/p>\n<\/li>\n<li data-start=\"621\" data-end=\"709\">\n<p data-start=\"623\" data-end=\"709\">Niveau 3 : Booster jumbo &#8220;Collect 151 Hope&#8221; contenant 20 cartes en chinois simplifi\u00e9<\/p>\n<\/li>\n<\/ul>\n<p data-start=\"711\" data-end=\"862\">ce coffret est id\u00e9al pour les fans de Pok\u00e9mon et les collectionneurs \u00e0 la recherche d\u2019un produit esth\u00e9tique<\/p>\n<p data-start=\"864\" data-end=\"987\">\u2705 Produit 100% neuf et scell\u00e9<br data-start=\"893\" data-end=\"896\" \/>\u2705 Import\u00e9 directement sans interm\u00e9diaire<br data-start=\"936\" data-end=\"939\" \/>\u2705 <strong data-start=\"941\" data-end=\"962\">0 frais de douane<\/strong> garanti pour la France<\/p>\n","protected":false},"excerpt":{"rendered":"<p><strong data-start=\"192\" data-end=\"209\">Description :<\/strong><br data-start=\"209\" data-end=\"212\" \/>C\u00e9l\u00e9brez le Festival des Bateaux\u2011Dragons avec ce <strong data-start=\"261\" data-end=\"296\">coffret Pok\u00e9mon chinois PR\u201125DW<\/strong> mettant \u00e0 l\u2019honneur Rayquaza, Pikachu et Bulbizarre dans un packaging hexagonal unique inspir\u00e9 du zongzi (boulette de riz traditionnelle).<\/p>\n","protected":false},"featured_media":1154,"comment_status":"open","ping_status":"closed","template":"","meta":{"_kadence_starter_templates_imported_post":false,"_kad_post_transparent":"default","_kad_post_title":"","_kad_post_layout":"default","_kad_post_sidebar_id":"","_kad_post_content_style":"default","_kad_post_vertical_padding":"default","_kad_post_feature":"","_kad_post_feature_position":"","_kad_post_header":false,"_kad_post_footer":false},"product_brand":[],"product_cat":[24,19],"product_tag":[],"class_list":{"0":"post-1157","1":"product","2":"type-product","3":"status-publish","4":"has-post-thumbnail","6":"product_cat-nouvel-arrivage","7":"product_cat-pokemon-chinois","9":"first","10":"instock","11":"sale","12":"purchasable","13":"product-type-simple","14":"entry","15":"content-bg","16":"loop-entry"},"yoast_head":"<!-- This site is optimized with the Yoast SEO plugin v25.1 - https:\/\/yoast.com\/wordpress\/plugins\/seo\/ -->\n<title>COFFRET POK\u00c9MON DRAGON BOAT FESTIVAL \u2013 PR\u201125DW - Ukiri<\/title>\n<meta name=\"description\" content=\"D\u00e9couvrez le nouveau coffret exclusif chinois repr\u00e9sentant rayquaza contenant deux items uniques et un booster jumbo !\" \/>\n<meta name=\"robots\" content=\"index, follow, max-snippet:-1, max-image-preview:large, max-video-preview:-1\" \/>\n<link rel=\"canonical\" href=\"https:\/\/www.ukiritcg.com\/index.php\/produit\/coffret-pokemon-dragon-boat-festival\/\" \/>\n<meta property=\"og:locale\" content=\"en_US\" \/>\n<meta property=\"og:type\" content=\"article\" \/>\n<meta property=\"og:title\" content=\"COFFRET POK\u00c9MON DRAGON BOAT FESTIVAL \u2013 PR\u201125DW - Ukiri\" \/>\n<meta property=\"og:description\" content=\"D\u00e9couvrez le nouveau coffret exclusif chinois repr\u00e9sentant rayquaza contenant deux items uniques et un booster jumbo !\" \/>\n<meta property=\"og:url\" content=\"https:\/\/www.ukiritcg.com\/index.php\/produit\/coffret-pokemon-dragon-boat-festival\/\" \/>\n<meta property=\"og:site_name\" content=\"Ukiri\" \/>\n<meta property=\"article:modified_time\" content=\"2025-09-26T17:49:05+00:00\" \/>\n<meta property=\"og:image\" content=\"http:\/\/www.ukiritcg.com\/wp-content\/uploads\/2025\/07\/Design-sans-titre-9-1.png\" \/>\n\t<meta property=\"og:image:width\" content=\"800\" \/>\n\t<meta property=\"og:image:height\" content=\"800\" \/>\n\t<meta property=\"og:image:type\" content=\"image\/png\" \/>\n<meta name=\"twitter:card\" content=\"summary_large_image\" \/>\n<meta name=\"twitter:label1\" content=\"Est. reading time\" \/>\n\t<meta name=\"twitter:data1\" content=\"1 minute\" \/>\n<script type=\"application\/ld+json\" class=\"yoast-schema-graph\">{\"@context\":\"https:\/\/schema.org\",\"@graph\":[{\"@type\":\"WebPage\",\"@id\":\"https:\/\/www.ukiritcg.com\/index.php\/produit\/coffret-pokemon-dragon-boat-festival\/\",\"url\":\"https:\/\/www.ukiritcg.com\/index.php\/produit\/coffret-pokemon-dragon-boat-festival\/\",\"name\":\"COFFRET POK\u00c9MON DRAGON BOAT FESTIVAL \u2013 PR\u201125DW - Ukiri\",\"isPartOf\":{\"@id\":\"https:\/\/www.ukiritcg.com\/#website\"},\"primaryImageOfPage\":{\"@id\":\"https:\/\/www.ukiritcg.com\/index.php\/produit\/coffret-pokemon-dragon-boat-festival\/#primaryimage\"},\"image\":{\"@id\":\"https:\/\/www.ukiritcg.com\/index.php\/produit\/coffret-pokemon-dragon-boat-festival\/#primaryimage\"},\"thumbnailUrl\":\"https:\/\/www.ukiritcg.com\/wp-content\/uploads\/2025\/07\/Design-sans-titre-9-1.png\",\"datePublished\":\"2025-07-05T13:27:42+00:00\",\"dateModified\":\"2025-09-26T17:49:05+00:00\",\"description\":\"D\u00e9couvrez le nouveau coffret exclusif chinois repr\u00e9sentant rayquaza contenant deux items uniques et un booster jumbo !\",\"breadcrumb\":{\"@id\":\"https:\/\/www.ukiritcg.com\/index.php\/produit\/coffret-pokemon-dragon-boat-festival\/#breadcrumb\"},\"inLanguage\":\"en-US\",\"potentialAction\":[{\"@type\":\"ReadAction\",\"target\":[\"https:\/\/www.ukiritcg.com\/index.php\/produit\/coffret-pokemon-dragon-boat-festival\/\"]}]},{\"@type\":\"ImageObject\",\"inLanguage\":\"en-US\",\"@id\":\"https:\/\/www.ukiritcg.com\/index.php\/produit\/coffret-pokemon-dragon-boat-festival\/#primaryimage\",\"url\":\"https:\/\/www.ukiritcg.com\/wp-content\/uploads\/2025\/07\/Design-sans-titre-9-1.png\",\"contentUrl\":\"https:\/\/www.ukiritcg.com\/wp-content\/uploads\/2025\/07\/Design-sans-titre-9-1.png\",\"width\":800,\"height\":800},{\"@type\":\"BreadcrumbList\",\"@id\":\"https:\/\/www.ukiritcg.com\/index.php\/produit\/coffret-pokemon-dragon-boat-festival\/#breadcrumb\",\"itemListElement\":[{\"@type\":\"ListItem\",\"position\":1,\"name\":\"Accueil\",\"item\":\"https:\/\/www.ukiritcg.com\/\"},{\"@type\":\"ListItem\",\"position\":2,\"name\":\"Boutique\",\"item\":\"https:\/\/www.ukiritcg.com\/index.php\/boutique\/\"},{\"@type\":\"ListItem\",\"position\":3,\"name\":\"COFFRET POK\u00c9MON DRAGON BOAT FESTIVAL \u2013 PR\u201125DW\"}]},{\"@type\":\"WebSite\",\"@id\":\"https:\/\/www.ukiritcg.com\/#website\",\"url\":\"https:\/\/www.ukiritcg.com\/\",\"name\":\"Ukiri\",\"description\":\"Un site utilisant WordPress\",\"publisher\":{\"@id\":\"https:\/\/www.ukiritcg.com\/#organization\"},\"potentialAction\":[{\"@type\":\"SearchAction\",\"target\":{\"@type\":\"EntryPoint\",\"urlTemplate\":\"https:\/\/www.ukiritcg.com\/?s={search_term_string}\"},\"query-input\":{\"@type\":\"PropertyValueSpecification\",\"valueRequired\":true,\"valueName\":\"search_term_string\"}}],\"inLanguage\":\"en-US\"},{\"@type\":\"Organization\",\"@id\":\"https:\/\/www.ukiritcg.com\/#organization\",\"name\":\"Ukiri\",\"url\":\"https:\/\/www.ukiritcg.com\/\",\"logo\":{\"@type\":\"ImageObject\",\"inLanguage\":\"en-US\",\"@id\":\"https:\/\/www.ukiritcg.com\/#\/schema\/logo\/image\/\",\"url\":\"https:\/\/www.ukiritcg.com\/wp-content\/uploads\/2025\/05\/cropped-494356865_4342732035873245_4547235673068364322_n-removebg-preview.png\",\"contentUrl\":\"https:\/\/www.ukiritcg.com\/wp-content\/uploads\/2025\/05\/cropped-494356865_4342732035873245_4547235673068364322_n-removebg-preview.png\",\"width\":499,\"height\":499,\"caption\":\"Ukiri\"},\"image\":{\"@id\":\"https:\/\/www.ukiritcg.com\/#\/schema\/logo\/image\/\"}}]}<\/script>\n<!-- \/ Yoast SEO plugin. -->","yoast_head_json":{"title":"COFFRET POK\u00c9MON DRAGON BOAT FESTIVAL \u2013 PR\u201125DW - Ukiri","description":"D\u00e9couvrez le nouveau coffret exclusif chinois repr\u00e9sentant rayquaza contenant deux items uniques et un booster jumbo !","robots":{"index":"index","follow":"follow","max-snippet":"max-snippet:-1","max-image-preview":"max-image-preview:large","max-video-preview":"max-video-preview:-1"},"canonical":"https:\/\/www.ukiritcg.com\/index.php\/produit\/coffret-pokemon-dragon-boat-festival\/","og_locale":"en_US","og_type":"article","og_title":"COFFRET POK\u00c9MON DRAGON BOAT FESTIVAL \u2013 PR\u201125DW - Ukiri","og_description":"D\u00e9couvrez le nouveau coffret exclusif chinois repr\u00e9sentant rayquaza contenant deux items uniques et un booster jumbo !","og_url":"https:\/\/www.ukiritcg.com\/index.php\/produit\/coffret-pokemon-dragon-boat-festival\/","og_site_name":"Ukiri","article_modified_time":"2025-09-26T17:49:05+00:00","og_image":[{"width":800,"height":800,"url":"http:\/\/www.ukiritcg.com\/wp-content\/uploads\/2025\/07\/Design-sans-titre-9-1.png","type":"image\/png"}],"twitter_card":"summary_large_image","twitter_misc":{"Est. reading time":"1 minute"},"schema":{"@context":"https:\/\/schema.org","@graph":[{"@type":"WebPage","@id":"https:\/\/www.ukiritcg.com\/index.php\/produit\/coffret-pokemon-dragon-boat-festival\/","url":"https:\/\/www.ukiritcg.com\/index.php\/produit\/coffret-pokemon-dragon-boat-festival\/","name":"COFFRET POK\u00c9MON DRAGON BOAT FESTIVAL \u2013 PR\u201125DW - Ukiri","isPartOf":{"@id":"https:\/\/www.ukiritcg.com\/#website"},"primaryImageOfPage":{"@id":"https:\/\/www.ukiritcg.com\/index.php\/produit\/coffret-pokemon-dragon-boat-festival\/#primaryimage"},"image":{"@id":"https:\/\/www.ukiritcg.com\/index.php\/produit\/coffret-pokemon-dragon-boat-festival\/#primaryimage"},"thumbnailUrl":"https:\/\/www.ukiritcg.com\/wp-content\/uploads\/2025\/07\/Design-sans-titre-9-1.png","datePublished":"2025-07-05T13:27:42+00:00","dateModified":"2025-09-26T17:49:05+00:00","description":"D\u00e9couvrez le nouveau coffret exclusif chinois repr\u00e9sentant rayquaza contenant deux items uniques et un booster jumbo !","breadcrumb":{"@id":"https:\/\/www.ukiritcg.com\/index.php\/produit\/coffret-pokemon-dragon-boat-festival\/#breadcrumb"},"inLanguage":"en-US","potentialAction":[{"@type":"ReadAction","target":["https:\/\/www.ukiritcg.com\/index.php\/produit\/coffret-pokemon-dragon-boat-festival\/"]}]},{"@type":"ImageObject","inLanguage":"en-US","@id":"https:\/\/www.ukiritcg.com\/index.php\/produit\/coffret-pokemon-dragon-boat-festival\/#primaryimage","url":"https:\/\/www.ukiritcg.com\/wp-content\/uploads\/2025\/07\/Design-sans-titre-9-1.png","contentUrl":"https:\/\/www.ukiritcg.com\/wp-content\/uploads\/2025\/07\/Design-sans-titre-9-1.png","width":800,"height":800},{"@type":"BreadcrumbList","@id":"https:\/\/www.ukiritcg.com\/index.php\/produit\/coffret-pokemon-dragon-boat-festival\/#breadcrumb","itemListElement":[{"@type":"ListItem","position":1,"name":"Accueil","item":"https:\/\/www.ukiritcg.com\/"},{"@type":"ListItem","position":2,"name":"Boutique","item":"https:\/\/www.ukiritcg.com\/index.php\/boutique\/"},{"@type":"ListItem","position":3,"name":"COFFRET POK\u00c9MON DRAGON BOAT FESTIVAL \u2013 PR\u201125DW"}]},{"@type":"WebSite","@id":"https:\/\/www.ukiritcg.com\/#website","url":"https:\/\/www.ukiritcg.com\/","name":"Ukiri","description":"Un site utilisant WordPress","publisher":{"@id":"https:\/\/www.ukiritcg.com\/#organization"},"potentialAction":[{"@type":"SearchAction","target":{"@type":"EntryPoint","urlTemplate":"https:\/\/www.ukiritcg.com\/?s={search_term_string}"},"query-input":{"@type":"PropertyValueSpecification","valueRequired":true,"valueName":"search_term_string"}}],"inLanguage":"en-US"},{"@type":"Organization","@id":"https:\/\/www.ukiritcg.com\/#organization","name":"Ukiri","url":"https:\/\/www.ukiritcg.com\/","logo":{"@type":"ImageObject","inLanguage":"en-US","@id":"https:\/\/www.ukiritcg.com\/#\/schema\/logo\/image\/","url":"https:\/\/www.ukiritcg.com\/wp-content\/uploads\/2025\/05\/cropped-494356865_4342732035873245_4547235673068364322_n-removebg-preview.png","contentUrl":"https:\/\/www.ukiritcg.com\/wp-content\/uploads\/2025\/05\/cropped-494356865_4342732035873245_4547235673068364322_n-removebg-preview.png","width":499,"height":499,"caption":"Ukiri"},"image":{"@id":"https:\/\/www.ukiritcg.com\/#\/schema\/logo\/image\/"}}]}},"jetpack_sharing_enabled":true,"_links":{"self":[{"href":"https:\/\/www.ukiritcg.com\/index.php\/wp-json\/wp\/v2\/product\/1157","targetHints":{"allow":["GET"]}}],"collection":[{"href":"https:\/\/www.ukiritcg.com\/index.php\/wp-json\/wp\/v2\/product"}],"about":[{"href":"https:\/\/www.ukiritcg.com\/index.php\/wp-json\/wp\/v2\/types\/product"}],"replies":[{"embeddable":true,"href":"https:\/\/www.ukiritcg.com\/index.php\/wp-json\/wp\/v2\/comments?post=1157"}],"wp:featuredmedia":[{"embeddable":true,"href":"https:\/\/www.ukiritcg.com\/index.php\/wp-json\/wp\/v2\/media\/1154"}],"wp:attachment":[{"href":"https:\/\/www.ukiritcg.com\/index.php\/wp-json\/wp\/v2\/media?parent=1157"}],"wp:term":[{"taxonomy":"product_brand","embeddable":true,"href":"https:\/\/www.ukiritcg.com\/index.php\/wp-json\/wp\/v2\/product_brand?post=1157"},{"taxonomy":"product_cat","embeddable":true,"href":"https:\/\/www.ukiritcg.com\/index.php\/wp-json\/wp\/v2\/product_cat?post=1157"},{"taxonomy":"product_tag","embeddable":true,"href":"https:\/\/www.ukiritcg.com\/index.php\/wp-json\/wp\/v2\/product_tag?post=1157"}],"curies":[{"name":"wp","href":"https:\/\/api.w.org\/{rel}","templated":true}]}}