{"id":1017,"date":"2025-06-08T20:34:23","date_gmt":"2025-06-08T18:34:23","guid":{"rendered":"https:\/\/www.ukiritcg.com\/?post_type=product&#038;p=1017"},"modified":"2025-07-15T17:41:01","modified_gmt":"2025-07-15T15:41:01","slug":"display-pokemon-black-bolt-sv11b","status":"publish","type":"product","link":"https:\/\/www.ukiritcg.com\/index.php\/produit\/display-pokemon-black-bolt-sv11b\/","title":{"rendered":"DISPLAY POKEMON BLACK BOLT \u2013 SV11B"},"content":{"rendered":"<p>Plongez dans la puissance flamboyante de Zekrom\u00a0et d\u2019autres Pok\u00e9mon d\u2019Unys avec Black Bolt<strong data-start=\"379\" data-end=\"402\"> (SV11B)<\/strong>, une extension japonaise attendue de la s\u00e9rie\u00a0<em data-start=\"449\" data-end=\"468\">\u00c9carlate &amp; Violet<\/em>.<br data-start=\"469\" data-end=\"472\" \/>Chaque display contient\u00a0<strong data-start=\"496\" data-end=\"519\">20 boosters scell\u00e9s<\/strong>, avec\u00a0<strong data-start=\"526\" data-end=\"550\">7 cartes par booster<\/strong>, offrant un ratio plus g\u00e9n\u00e9reux que les \u00e9ditions classiques.<\/p>\n<p><img decoding=\"async\" class=\"emoji\" role=\"img\" draggable=\"false\" src=\"https:\/\/s.w.org\/images\/core\/emoji\/15.1.0\/svg\/2705.svg\" alt=\"\u2705\" \/>\u00a0<strong data-start=\"868\" data-end=\"903\">Aucun frais de douane \u00e0 pr\u00e9voir<\/strong>, envoi rapide depuis la France.<br data-start=\"935\" data-end=\"938\" \/><img decoding=\"async\" class=\"emoji\" role=\"img\" draggable=\"false\" src=\"https:\/\/s.w.org\/images\/core\/emoji\/15.1.0\/svg\/1f4e6.svg\" alt=\"\ud83d\udce6\" \/>\u00a0Produit neuf et 100% officiel \u2013 parfait pour compl\u00e9ter votre collection japonaise !<\/p>\n<p>exp\u00e9dition a partir du 14 juin , pr\u00e9co d\u00e9finitive<\/p>\n","protected":false},"excerpt":{"rendered":"<p>Plongez dans la puissance flamboyante de Zekrom\u00a0et d\u2019autres Pok\u00e9mon d\u2019Unys avec Black Bolt (SV11B), une extension japonaise attendue de la s\u00e9rie\u00a0\u00c9carlate &amp; Violet.Chaque display contient\u00a020 boosters scell\u00e9s, avec\u00a07 cartes par booster, offrant un ratio plus g\u00e9n\u00e9reux que les \u00e9ditions classiques. \u00a0Aucun frais de douane \u00e0 pr\u00e9voir, envoi rapide depuis la France.\u00a0Produit neuf et 100% officiel&#8230;<\/p>\n","protected":false},"featured_media":1018,"comment_status":"open","ping_status":"closed","template":"","meta":{"_kadence_starter_templates_imported_post":false,"_kad_post_transparent":"default","_kad_post_title":"","_kad_post_layout":"default","_kad_post_sidebar_id":"","_kad_post_content_style":"default","_kad_post_vertical_padding":"default","_kad_post_feature":"","_kad_post_feature_position":"","_kad_post_header":false,"_kad_post_footer":false},"product_brand":[],"product_cat":[24,17],"product_tag":[],"class_list":{"0":"post-1017","1":"product","2":"type-product","3":"status-publish","4":"has-post-thumbnail","6":"product_cat-nouvel-arrivage","7":"product_cat-pokemon-japonais","9":"first","10":"instock","11":"sale","12":"featured","13":"purchasable","14":"product-type-variable","15":"entry","16":"content-bg","17":"loop-entry"},"yoast_head":"<!-- This site is optimized with the Yoast SEO plugin v25.1 - https:\/\/yoast.com\/wordpress\/plugins\/seo\/ -->\n<title>DISPLAY POKEMON BLACK BOLT \u2013 SV11B - Ukiri<\/title>\n<meta name=\"robots\" content=\"index, follow, max-snippet:-1, max-image-preview:large, max-video-preview:-1\" \/>\n<link rel=\"canonical\" href=\"https:\/\/www.ukiritcg.com\/index.php\/produit\/display-pokemon-black-bolt-sv11b\/\" \/>\n<meta property=\"og:locale\" content=\"en_US\" \/>\n<meta property=\"og:type\" content=\"article\" \/>\n<meta property=\"og:title\" content=\"DISPLAY POKEMON BLACK BOLT \u2013 SV11B - Ukiri\" \/>\n<meta property=\"og:description\" content=\"Plongez dans la puissance flamboyante de Zekrom\u00a0et d\u2019autres Pok\u00e9mon d\u2019Unys avec Black Bolt (SV11B), une extension japonaise attendue de la s\u00e9rie\u00a0\u00c9carlate &amp; Violet.Chaque display contient\u00a020 boosters scell\u00e9s, avec\u00a07 cartes par booster, offrant un ratio plus g\u00e9n\u00e9reux que les \u00e9ditions classiques. \u00a0Aucun frais de douane \u00e0 pr\u00e9voir, envoi rapide depuis la France.\u00a0Produit neuf et 100% officiel...\" \/>\n<meta property=\"og:url\" content=\"https:\/\/www.ukiritcg.com\/index.php\/produit\/display-pokemon-black-bolt-sv11b\/\" \/>\n<meta property=\"og:site_name\" content=\"Ukiri\" \/>\n<meta property=\"article:modified_time\" content=\"2025-07-15T15:41:01+00:00\" \/>\n<meta property=\"og:image\" content=\"http:\/\/www.ukiritcg.com\/wp-content\/uploads\/2025\/06\/PIXEL-37.png\" \/>\n\t<meta property=\"og:image:width\" content=\"800\" \/>\n\t<meta property=\"og:image:height\" content=\"800\" \/>\n\t<meta property=\"og:image:type\" content=\"image\/png\" \/>\n<meta name=\"twitter:card\" content=\"summary_large_image\" \/>\n<meta name=\"twitter:label1\" content=\"Est. reading time\" \/>\n\t<meta name=\"twitter:data1\" content=\"1 minute\" \/>\n<script type=\"application\/ld+json\" class=\"yoast-schema-graph\">{\"@context\":\"https:\/\/schema.org\",\"@graph\":[{\"@type\":\"WebPage\",\"@id\":\"https:\/\/www.ukiritcg.com\/index.php\/produit\/display-pokemon-black-bolt-sv11b\/\",\"url\":\"https:\/\/www.ukiritcg.com\/index.php\/produit\/display-pokemon-black-bolt-sv11b\/\",\"name\":\"DISPLAY POKEMON BLACK BOLT \u2013 SV11B - Ukiri\",\"isPartOf\":{\"@id\":\"https:\/\/www.ukiritcg.com\/#website\"},\"primaryImageOfPage\":{\"@id\":\"https:\/\/www.ukiritcg.com\/index.php\/produit\/display-pokemon-black-bolt-sv11b\/#primaryimage\"},\"image\":{\"@id\":\"https:\/\/www.ukiritcg.com\/index.php\/produit\/display-pokemon-black-bolt-sv11b\/#primaryimage\"},\"thumbnailUrl\":\"https:\/\/www.ukiritcg.com\/wp-content\/uploads\/2025\/06\/PIXEL-37.png\",\"datePublished\":\"2025-06-08T18:34:23+00:00\",\"dateModified\":\"2025-07-15T15:41:01+00:00\",\"breadcrumb\":{\"@id\":\"https:\/\/www.ukiritcg.com\/index.php\/produit\/display-pokemon-black-bolt-sv11b\/#breadcrumb\"},\"inLanguage\":\"en-US\",\"potentialAction\":[{\"@type\":\"ReadAction\",\"target\":[\"https:\/\/www.ukiritcg.com\/index.php\/produit\/display-pokemon-black-bolt-sv11b\/\"]}]},{\"@type\":\"ImageObject\",\"inLanguage\":\"en-US\",\"@id\":\"https:\/\/www.ukiritcg.com\/index.php\/produit\/display-pokemon-black-bolt-sv11b\/#primaryimage\",\"url\":\"https:\/\/www.ukiritcg.com\/wp-content\/uploads\/2025\/06\/PIXEL-37.png\",\"contentUrl\":\"https:\/\/www.ukiritcg.com\/wp-content\/uploads\/2025\/06\/PIXEL-37.png\",\"width\":800,\"height\":800},{\"@type\":\"BreadcrumbList\",\"@id\":\"https:\/\/www.ukiritcg.com\/index.php\/produit\/display-pokemon-black-bolt-sv11b\/#breadcrumb\",\"itemListElement\":[{\"@type\":\"ListItem\",\"position\":1,\"name\":\"Accueil\",\"item\":\"https:\/\/www.ukiritcg.com\/\"},{\"@type\":\"ListItem\",\"position\":2,\"name\":\"Boutique\",\"item\":\"https:\/\/www.ukiritcg.com\/index.php\/boutique\/\"},{\"@type\":\"ListItem\",\"position\":3,\"name\":\"DISPLAY POKEMON BLACK BOLT \u2013 SV11B\"}]},{\"@type\":\"WebSite\",\"@id\":\"https:\/\/www.ukiritcg.com\/#website\",\"url\":\"https:\/\/www.ukiritcg.com\/\",\"name\":\"Ukiri\",\"description\":\"Un site utilisant WordPress\",\"publisher\":{\"@id\":\"https:\/\/www.ukiritcg.com\/#organization\"},\"potentialAction\":[{\"@type\":\"SearchAction\",\"target\":{\"@type\":\"EntryPoint\",\"urlTemplate\":\"https:\/\/www.ukiritcg.com\/?s={search_term_string}\"},\"query-input\":{\"@type\":\"PropertyValueSpecification\",\"valueRequired\":true,\"valueName\":\"search_term_string\"}}],\"inLanguage\":\"en-US\"},{\"@type\":\"Organization\",\"@id\":\"https:\/\/www.ukiritcg.com\/#organization\",\"name\":\"Ukiri\",\"url\":\"https:\/\/www.ukiritcg.com\/\",\"logo\":{\"@type\":\"ImageObject\",\"inLanguage\":\"en-US\",\"@id\":\"https:\/\/www.ukiritcg.com\/#\/schema\/logo\/image\/\",\"url\":\"https:\/\/www.ukiritcg.com\/wp-content\/uploads\/2025\/05\/cropped-494356865_4342732035873245_4547235673068364322_n-removebg-preview.png\",\"contentUrl\":\"https:\/\/www.ukiritcg.com\/wp-content\/uploads\/2025\/05\/cropped-494356865_4342732035873245_4547235673068364322_n-removebg-preview.png\",\"width\":499,\"height\":499,\"caption\":\"Ukiri\"},\"image\":{\"@id\":\"https:\/\/www.ukiritcg.com\/#\/schema\/logo\/image\/\"}}]}<\/script>\n<!-- \/ Yoast SEO plugin. -->","yoast_head_json":{"title":"DISPLAY POKEMON BLACK BOLT \u2013 SV11B - Ukiri","robots":{"index":"index","follow":"follow","max-snippet":"max-snippet:-1","max-image-preview":"max-image-preview:large","max-video-preview":"max-video-preview:-1"},"canonical":"https:\/\/www.ukiritcg.com\/index.php\/produit\/display-pokemon-black-bolt-sv11b\/","og_locale":"en_US","og_type":"article","og_title":"DISPLAY POKEMON BLACK BOLT \u2013 SV11B - Ukiri","og_description":"Plongez dans la puissance flamboyante de Zekrom\u00a0et d\u2019autres Pok\u00e9mon d\u2019Unys avec Black Bolt (SV11B), une extension japonaise attendue de la s\u00e9rie\u00a0\u00c9carlate &amp; Violet.Chaque display contient\u00a020 boosters scell\u00e9s, avec\u00a07 cartes par booster, offrant un ratio plus g\u00e9n\u00e9reux que les \u00e9ditions classiques. \u00a0Aucun frais de douane \u00e0 pr\u00e9voir, envoi rapide depuis la France.\u00a0Produit neuf et 100% officiel...","og_url":"https:\/\/www.ukiritcg.com\/index.php\/produit\/display-pokemon-black-bolt-sv11b\/","og_site_name":"Ukiri","article_modified_time":"2025-07-15T15:41:01+00:00","og_image":[{"width":800,"height":800,"url":"http:\/\/www.ukiritcg.com\/wp-content\/uploads\/2025\/06\/PIXEL-37.png","type":"image\/png"}],"twitter_card":"summary_large_image","twitter_misc":{"Est. reading time":"1 minute"},"schema":{"@context":"https:\/\/schema.org","@graph":[{"@type":"WebPage","@id":"https:\/\/www.ukiritcg.com\/index.php\/produit\/display-pokemon-black-bolt-sv11b\/","url":"https:\/\/www.ukiritcg.com\/index.php\/produit\/display-pokemon-black-bolt-sv11b\/","name":"DISPLAY POKEMON BLACK BOLT \u2013 SV11B - Ukiri","isPartOf":{"@id":"https:\/\/www.ukiritcg.com\/#website"},"primaryImageOfPage":{"@id":"https:\/\/www.ukiritcg.com\/index.php\/produit\/display-pokemon-black-bolt-sv11b\/#primaryimage"},"image":{"@id":"https:\/\/www.ukiritcg.com\/index.php\/produit\/display-pokemon-black-bolt-sv11b\/#primaryimage"},"thumbnailUrl":"https:\/\/www.ukiritcg.com\/wp-content\/uploads\/2025\/06\/PIXEL-37.png","datePublished":"2025-06-08T18:34:23+00:00","dateModified":"2025-07-15T15:41:01+00:00","breadcrumb":{"@id":"https:\/\/www.ukiritcg.com\/index.php\/produit\/display-pokemon-black-bolt-sv11b\/#breadcrumb"},"inLanguage":"en-US","potentialAction":[{"@type":"ReadAction","target":["https:\/\/www.ukiritcg.com\/index.php\/produit\/display-pokemon-black-bolt-sv11b\/"]}]},{"@type":"ImageObject","inLanguage":"en-US","@id":"https:\/\/www.ukiritcg.com\/index.php\/produit\/display-pokemon-black-bolt-sv11b\/#primaryimage","url":"https:\/\/www.ukiritcg.com\/wp-content\/uploads\/2025\/06\/PIXEL-37.png","contentUrl":"https:\/\/www.ukiritcg.com\/wp-content\/uploads\/2025\/06\/PIXEL-37.png","width":800,"height":800},{"@type":"BreadcrumbList","@id":"https:\/\/www.ukiritcg.com\/index.php\/produit\/display-pokemon-black-bolt-sv11b\/#breadcrumb","itemListElement":[{"@type":"ListItem","position":1,"name":"Accueil","item":"https:\/\/www.ukiritcg.com\/"},{"@type":"ListItem","position":2,"name":"Boutique","item":"https:\/\/www.ukiritcg.com\/index.php\/boutique\/"},{"@type":"ListItem","position":3,"name":"DISPLAY POKEMON BLACK BOLT \u2013 SV11B"}]},{"@type":"WebSite","@id":"https:\/\/www.ukiritcg.com\/#website","url":"https:\/\/www.ukiritcg.com\/","name":"Ukiri","description":"Un site utilisant WordPress","publisher":{"@id":"https:\/\/www.ukiritcg.com\/#organization"},"potentialAction":[{"@type":"SearchAction","target":{"@type":"EntryPoint","urlTemplate":"https:\/\/www.ukiritcg.com\/?s={search_term_string}"},"query-input":{"@type":"PropertyValueSpecification","valueRequired":true,"valueName":"search_term_string"}}],"inLanguage":"en-US"},{"@type":"Organization","@id":"https:\/\/www.ukiritcg.com\/#organization","name":"Ukiri","url":"https:\/\/www.ukiritcg.com\/","logo":{"@type":"ImageObject","inLanguage":"en-US","@id":"https:\/\/www.ukiritcg.com\/#\/schema\/logo\/image\/","url":"https:\/\/www.ukiritcg.com\/wp-content\/uploads\/2025\/05\/cropped-494356865_4342732035873245_4547235673068364322_n-removebg-preview.png","contentUrl":"https:\/\/www.ukiritcg.com\/wp-content\/uploads\/2025\/05\/cropped-494356865_4342732035873245_4547235673068364322_n-removebg-preview.png","width":499,"height":499,"caption":"Ukiri"},"image":{"@id":"https:\/\/www.ukiritcg.com\/#\/schema\/logo\/image\/"}}]}},"jetpack_sharing_enabled":true,"_links":{"self":[{"href":"https:\/\/www.ukiritcg.com\/index.php\/wp-json\/wp\/v2\/product\/1017","targetHints":{"allow":["GET"]}}],"collection":[{"href":"https:\/\/www.ukiritcg.com\/index.php\/wp-json\/wp\/v2\/product"}],"about":[{"href":"https:\/\/www.ukiritcg.com\/index.php\/wp-json\/wp\/v2\/types\/product"}],"replies":[{"embeddable":true,"href":"https:\/\/www.ukiritcg.com\/index.php\/wp-json\/wp\/v2\/comments?post=1017"}],"wp:featuredmedia":[{"embeddable":true,"href":"https:\/\/www.ukiritcg.com\/index.php\/wp-json\/wp\/v2\/media\/1018"}],"wp:attachment":[{"href":"https:\/\/www.ukiritcg.com\/index.php\/wp-json\/wp\/v2\/media?parent=1017"}],"wp:term":[{"taxonomy":"product_brand","embeddable":true,"href":"https:\/\/www.ukiritcg.com\/index.php\/wp-json\/wp\/v2\/product_brand?post=1017"},{"taxonomy":"product_cat","embeddable":true,"href":"https:\/\/www.ukiritcg.com\/index.php\/wp-json\/wp\/v2\/product_cat?post=1017"},{"taxonomy":"product_tag","embeddable":true,"href":"https:\/\/www.ukiritcg.com\/index.php\/wp-json\/wp\/v2\/product_tag?post=1017"}],"curies":[{"name":"wp","href":"https:\/\/api.w.org\/{rel}","templated":true}]}}